{"id":15993,"date":"2016-03-14T13:34:48","date_gmt":"2016-03-14T12:34:48","guid":{"rendered":"http:\/\/cetr.net\/?page_id=15993&#038;lang=es"},"modified":"2016-09-01T11:34:25","modified_gmt":"2016-09-01T09:34:25","slug":"la-sabiduria-en","status":"publish","type":"page","link":"https:\/\/cetr.net\/es\/la-sabiduria-en\/","title":{"rendered":"La sabidur\u00eda en"},"content":{"rendered":"<div class=\"wpb-content-wrapper\">[vc_row full_width=\u00bb\u00bb parallax_image=\u00bb\u00bb visibility=\u00bb\u00bb css_animation=\u00bb\u00bb center_row=\u00bb\u00bb typography_style=\u00bb\u00bb column_spacing=\u00bb\u00bb tablet_fullwidth_cols=\u00bb\u00bb bg_style=\u00bb\u00bb parallax=\u00bb\u00bb parallax_mobile=\u00bb\u00bb parallax_style=\u00bb\u00bb parallax_direction=\u00bb\u00bb video_bg=\u00bb\u00bb video_bg_overlay=\u00bb\u00bb border_style=\u00bb\u00bb][vc_column width=\u00bb1\/1&#8243; style=\u00bb\u00bb visibility=\u00bb\u00bb css_animation=\u00bb\u00bb typo_style=\u00bb\u00bb drop_shadow=\u00bb\u00bb bg_style=\u00bb\u00bb border_style=\u00bb\u00bb]<div class=\"vcex-module vcex-blog-grid-wrap wpex-clr articulos\"><div class=\"wpex-row vcex-blog-grid wpex-clr entries left-thumbs\"><div class=\"vcex-blog-entry vcex-grid-item entry-has-details span_1_of_1 col-1 col entry post-74396 type-post has-media cat-436 cat-156 cat-145 cat-456 cat-355 cat-149 cat-444 cat-160 cat-445 cat-233 cat-158 cat-454 cat-446 cat-332 cat-388 translation_priority-535\"><div class=\"vcex-blog-entry-inner entry-inner wpex-first-mt-0 wpex-last-mb-0 wpex-md-flex wpex-md-flex-wrap wpex-md-justify-between\"><div class=\"vcex-blog-entry-media entry-media wpex-relative wpex-mb-20 wpex-md-mb-0\"><a href=\"https:\/\/cetr.net\/es\/novedad-editorial-el-encuentro-de-maria-corbi\/\" title=\"Novedad editorial &#8211; El encuentro &#8211; de Mari\u00e0 Corb\u00ed\"><img width=\"369\" height=\"544\" src=\"https:\/\/cetr.net\/wp-content\/uploads\/2026\/04\/llibre-Maria-1.jpg\" class=\"vcex-blog-entry-img wpex-align-middle\" alt=\"\" loading=\"lazy\" decoding=\"async\" srcset=\"https:\/\/cetr.net\/wp-content\/uploads\/2026\/04\/llibre-Maria-1.jpg 369w, https:\/\/cetr.net\/wp-content\/uploads\/2026\/04\/llibre-Maria-1-203x300.jpg 203w\" sizes=\"auto, (max-width: 369px) 100vw, 369px\" \/><\/a><\/div><div class=\"vcex-blog-entry-details entry-details wpex-first-mt-0 wpex-last-mb-0 wpex-clr\"><h2 class=\"vcex-blog-entry-title entry-title wpex-text-2xl wpex-mb-5\"><a href=\"https:\/\/cetr.net\/es\/novedad-editorial-el-encuentro-de-maria-corbi\/\">Novedad editorial &#8211; El encuentro &#8211; de Mari\u00e0 Corb\u00ed<\/a><\/h2><div class=\"vcex-blog-entry-date entry-date wpex-text-sm wpex-text-3 wpex-mb-5\">14 de abril de 2026<\/div><div class=\"vcex-blog-entry-excerpt entry-excerpt wpex-my-15 wpex-text-pretty wpex-last-mb-0 wpex-clr\"><p><span class=\"autor\">Mari\u00e0 Corb\u00ed<\/span> El poemario\u00a0El encuentro\u00a0de Mari\u00e0 Corb\u00ed se presenta como una meditaci\u00f3n l\u00edrica y existencial escrita desde la conciencia de la vejez y la inminencia de la muerte. A trav\u00e9s de una sucesi\u00f3n de poemas breves, el autor articula una indagaci\u00f3n radical sobre el sentido de la existencia, el misterio del ser y la relaci\u00f3n entre vida, muerte y absoluto. El eje central de la obra es la noci\u00f3n de \u201cmisterio\u201d, entendida no como un enigma que deba resolverse, sino como la realidad \u00faltima que envuelve y constituye todo lo existente. Corb\u00ed insiste en que nada es obvio ni cotidiano: todo, desde la naturaleza hasta la propia conciencia humana, es expresi\u00f3n de una profundidad insondable. Esta intuici\u00f3n atraviesa el libro y se manifiesta en la contemplaci\u00f3n de paisajes, estaciones, animales o fen\u00f3menos cotidianos, que aparecen como revelaciones de lo absoluto.<\/p><\/div><div class=\"vcex-blog-entry-readmore-wrap entry-readmore-wrap wpex-my-15 wpex-clr\"><a href=\"https:\/\/cetr.net\/es\/novedad-editorial-el-encuentro-de-maria-corbi\/\" class=\"entry-readmore theme-button\" aria-label=\"Leer m\u00e1s about Novedad editorial &#8211; El encuentro &#8211; de Mari\u00e0 Corb\u00ed\">Leer m\u00e1s<\/a><\/div><\/div><\/div><\/div><div class=\"vcex-blog-entry vcex-grid-item entry-has-details span_1_of_1 col-1 col entry post-74362 type-post has-media cat-456 cat-145 cat-157 cat-496 cat-158 cat-454 translation_priority-535 translation_priority-533\"><div class=\"vcex-blog-entry-inner entry-inner wpex-first-mt-0 wpex-last-mb-0 wpex-md-flex wpex-md-flex-wrap wpex-md-justify-between\"><div class=\"vcex-blog-entry-media entry-media wpex-relative wpex-mb-20 wpex-md-mb-0\"><a href=\"https:\/\/cetr.net\/es\/un-nuevo-libro-genevieve-lanfranchi\/\" title=\"Un nuevo libro: Genevi\u00e8ve Lanfranchi\"><img width=\"916\" height=\"996\" src=\"https:\/\/cetr.net\/wp-content\/uploads\/2026\/04\/GL-2-cobertes.png\" class=\"vcex-blog-entry-img wpex-align-middle\" alt=\"\" loading=\"lazy\" decoding=\"async\" srcset=\"https:\/\/cetr.net\/wp-content\/uploads\/2026\/04\/GL-2-cobertes.png 916w, https:\/\/cetr.net\/wp-content\/uploads\/2026\/04\/GL-2-cobertes-276x300.png 276w, https:\/\/cetr.net\/wp-content\/uploads\/2026\/04\/GL-2-cobertes-768x835.png 768w\" sizes=\"auto, (max-width: 916px) 100vw, 916px\" \/><\/a><\/div><div class=\"vcex-blog-entry-details entry-details wpex-first-mt-0 wpex-last-mb-0 wpex-clr\"><h2 class=\"vcex-blog-entry-title entry-title wpex-text-2xl wpex-mb-5\"><a href=\"https:\/\/cetr.net\/es\/un-nuevo-libro-genevieve-lanfranchi\/\">Un nuevo libro: Genevi\u00e8ve Lanfranchi<\/a><\/h2><div class=\"vcex-blog-entry-date entry-date wpex-text-sm wpex-text-3 wpex-mb-5\">13 de abril de 2026<\/div><div class=\"vcex-blog-entry-excerpt entry-excerpt wpex-my-15 wpex-text-pretty wpex-last-mb-0 wpex-clr\"><p><span class=\"autor autor_home\">Teresa Guardans<\/span>   Me alegra poder anunciar que salen a la luz los escritos de Genevi\u00e8ve Lanfranchi. Quienes me han ido siguiendo quiz\u00e1s me han o\u00eddo hablar de ella y citarla, y comentar que esperaba, alg\u00fan d\u00eda, poder dar a conocer su obra y su itinerario. Y el d\u00eda lleg\u00f3, ya est\u00e1 aqu\u00ed el libro \"GENEVI\u00c8VE LANFRANCHI. EN BUSCA DE LA EXISTENCIA ESENCIAL\" (Universo de Letras, 2026), en papel y en e-book, edici\u00f3n castellana y edici\u00f3n en catal\u00e1n. \u00bfPor qu\u00e9 ese empe\u00f1o m\u00edo? \u00bfQu\u00e9 nos aporta esa indagadora francesa del siglo pasado? As\u00ed respondo en los primeros p\u00e1rrafos del libro: \r\n<\/p><\/div><div class=\"vcex-blog-entry-readmore-wrap entry-readmore-wrap wpex-my-15 wpex-clr\"><a href=\"https:\/\/cetr.net\/es\/un-nuevo-libro-genevieve-lanfranchi\/\" class=\"entry-readmore theme-button\" aria-label=\"Leer m\u00e1s about Un nuevo libro: Genevi\u00e8ve Lanfranchi\">Leer m\u00e1s<\/a><\/div><\/div><\/div><\/div><div class=\"vcex-blog-entry vcex-grid-item entry-has-details span_1_of_1 col-1 col entry post-74121 type-post has-media cat-456 cat-145 cat-160 cat-233 cat-158 cat-454 cat-388 cat-161 cat-435 translation_priority-535\"><div class=\"vcex-blog-entry-inner entry-inner wpex-first-mt-0 wpex-last-mb-0 wpex-md-flex wpex-md-flex-wrap wpex-md-justify-between\"><div class=\"vcex-blog-entry-media entry-media wpex-relative wpex-mb-20 wpex-md-mb-0\"><a href=\"https:\/\/cetr.net\/es\/el-sentido-de-la-vida-para-los-jovenes\/\" title=\"El sentido de la vida para los j\u00f3venes\"><img width=\"491\" height=\"508\" src=\"https:\/\/cetr.net\/wp-content\/uploads\/2025\/10\/maria_corbi_1.png\" class=\"vcex-blog-entry-img wpex-align-middle\" alt=\"\" loading=\"lazy\" decoding=\"async\" srcset=\"https:\/\/cetr.net\/wp-content\/uploads\/2025\/10\/maria_corbi_1.png 491w, https:\/\/cetr.net\/wp-content\/uploads\/2025\/10\/maria_corbi_1-290x300.png 290w\" sizes=\"auto, (max-width: 491px) 100vw, 491px\" \/><\/a><\/div><div class=\"vcex-blog-entry-details entry-details wpex-first-mt-0 wpex-last-mb-0 wpex-clr\"><h2 class=\"vcex-blog-entry-title entry-title wpex-text-2xl wpex-mb-5\"><a href=\"https:\/\/cetr.net\/es\/el-sentido-de-la-vida-para-los-jovenes\/\">El sentido de la vida para los j\u00f3venes<\/a><\/h2><div class=\"vcex-blog-entry-date entry-date wpex-text-sm wpex-text-3 wpex-mb-5\">7 de enero de 2026<\/div><div class=\"vcex-blog-entry-excerpt entry-excerpt wpex-my-15 wpex-text-pretty wpex-last-mb-0 wpex-clr\"><p>\u00a0<span class=\"autor\">Mari\u00e0 Corb\u00ed<\/span> No es aceptable abandonar a los j\u00f3venes porque no se sabe qu\u00e9 decirles que sea aceptado por ellos, o porque les predicamos con un mensaje del pasado, que pensamos que es el \u00fanico v\u00e1lido y que no aceptan.  Hay que buscar una soluci\u00f3n urgentemente. Muchos no saben qu\u00e9 hacer y dan lo que tienen a personas que ya pertenecen al \u00faltimo tercio de la vida; a persona que, forzadas a alejarse de las formas tradicionales de la religi\u00f3n, por las transformaciones de las formas de vivir y de las culturas, todav\u00eda les restan no pocos elementos de la tradici\u00f3n. Tambi\u00e9n estos est\u00e1n desamparados y sin ayuda. Quienes dedican su vida y sus esfuerzos a este tipo de personas hacen muy bien. Sin embargo, hay que hacer un gran esfuerzo para encontrar una soluci\u00f3n para las generaciones futuras, porque de ellas ser\u00e1 el mundo, la cultura, la espiritualidad y todo.<\/p><\/div><div class=\"vcex-blog-entry-readmore-wrap entry-readmore-wrap wpex-my-15 wpex-clr\"><a href=\"https:\/\/cetr.net\/es\/el-sentido-de-la-vida-para-los-jovenes\/\" class=\"entry-readmore theme-button\" aria-label=\"Leer m\u00e1s about El sentido de la vida para los j\u00f3venes\">Leer m\u00e1s<\/a><\/div><\/div><\/div><\/div><div class=\"vcex-blog-entry vcex-grid-item entry-has-details span_1_of_1 col-1 col entry post-73612 type-post has-media cat-456 cat-145 cat-160 cat-157 cat-496 cat-158 cat-454 translation_priority-535\"><div class=\"vcex-blog-entry-inner entry-inner wpex-first-mt-0 wpex-last-mb-0 wpex-md-flex wpex-md-flex-wrap wpex-md-justify-between\"><div class=\"vcex-blog-entry-media entry-media wpex-relative wpex-mb-20 wpex-md-mb-0\"><a href=\"https:\/\/cetr.net\/es\/mirar-el-mundo-por-mas-de-una-ventana\/\" title=\"Mirar el mundo por m\u00e1s de una ventana\"><img width=\"766\" height=\"800\" src=\"https:\/\/cetr.net\/wp-content\/uploads\/2025\/10\/Jane-Goodall-Wickimedia-Commons.png\" class=\"vcex-blog-entry-img wpex-align-middle\" alt=\"\" loading=\"lazy\" decoding=\"async\" srcset=\"https:\/\/cetr.net\/wp-content\/uploads\/2025\/10\/Jane-Goodall-Wickimedia-Commons.png 766w, https:\/\/cetr.net\/wp-content\/uploads\/2025\/10\/Jane-Goodall-Wickimedia-Commons-287x300.png 287w\" sizes=\"auto, (max-width: 766px) 100vw, 766px\" \/><\/a><\/div><div class=\"vcex-blog-entry-details entry-details wpex-first-mt-0 wpex-last-mb-0 wpex-clr\"><h2 class=\"vcex-blog-entry-title entry-title wpex-text-2xl wpex-mb-5\"><a href=\"https:\/\/cetr.net\/es\/mirar-el-mundo-por-mas-de-una-ventana\/\">Mirar el mundo por m\u00e1s de una ventana<\/a><\/h2><div class=\"vcex-blog-entry-date entry-date wpex-text-sm wpex-text-3 wpex-mb-5\">3 de octubre de 2025<\/div><div class=\"vcex-blog-entry-excerpt entry-excerpt wpex-my-15 wpex-text-pretty wpex-last-mb-0 wpex-clr\"><p><span class=\"autor autor_home\">Jane Goodall<\/span>   \"Qu\u00e9 triste ser\u00eda, pens\u00e9, que los humanos perdi\u00e9ramos el sentido del misterio, la capacidad de admirar y sentir ese profundo y sobrecogedor respeto...\" Jane Goodall deja infinitas aportaciones; tambi\u00e9n nos ha ense\u00f1ado a mirar, a practicar una mirada en comuni\u00f3n con la realidad, hasta sentir el misterio del que toda vida forma parte. Queremos recordar unas palabras suyas, que ya compartimos hace unos a\u00f1os. Provienen de un bello libro autobiogr\u00e1fico: \"Gracias a la vida\" (Mondadori, 2000). <\/p><\/div><div class=\"vcex-blog-entry-readmore-wrap entry-readmore-wrap wpex-my-15 wpex-clr\"><a href=\"https:\/\/cetr.net\/es\/mirar-el-mundo-por-mas-de-una-ventana\/\" class=\"entry-readmore theme-button\" aria-label=\"Leer m\u00e1s about Mirar el mundo por m\u00e1s de una ventana\">Leer m\u00e1s<\/a><\/div><\/div><\/div><\/div><div class=\"vcex-blog-entry vcex-grid-item entry-has-details span_1_of_1 col-1 col entry post-73114 type-post has-media cat-436 cat-156 cat-145 cat-456 cat-158 cat-454 translation_priority-535\"><div class=\"vcex-blog-entry-inner entry-inner wpex-first-mt-0 wpex-last-mb-0 wpex-md-flex wpex-md-flex-wrap wpex-md-justify-between\"><div class=\"vcex-blog-entry-media entry-media wpex-relative wpex-mb-20 wpex-md-mb-0\"><a href=\"https:\/\/cetr.net\/es\/vincent-van-gogh\/\" title=\"Vincent van Gogh\"><img width=\"745\" height=\"617\" src=\"https:\/\/cetr.net\/wp-content\/uploads\/2025\/07\/Vincent-olivos.jpg\" class=\"vcex-blog-entry-img wpex-align-middle\" alt=\"\" loading=\"lazy\" decoding=\"async\" srcset=\"https:\/\/cetr.net\/wp-content\/uploads\/2025\/07\/Vincent-olivos.jpg 745w, https:\/\/cetr.net\/wp-content\/uploads\/2025\/07\/Vincent-olivos-300x248.jpg 300w\" sizes=\"auto, (max-width: 745px) 100vw, 745px\" \/><\/a><\/div><div class=\"vcex-blog-entry-details entry-details wpex-first-mt-0 wpex-last-mb-0 wpex-clr\"><h2 class=\"vcex-blog-entry-title entry-title wpex-text-2xl wpex-mb-5\"><a href=\"https:\/\/cetr.net\/es\/vincent-van-gogh\/\">Vincent van Gogh<\/a><\/h2><div class=\"vcex-blog-entry-date entry-date wpex-text-sm wpex-text-3 wpex-mb-5\">7 de julio de 2025<\/div><div class=\"vcex-blog-entry-excerpt entry-excerpt wpex-my-15 wpex-text-pretty wpex-last-mb-0 wpex-clr\"><p> <span class=\"autor\">John Berger<\/span> \u00bfSe puede escribir todav\u00eda algo sobre \u00e9l? Pienso en todas las palabras que ya se han escrito, incluidas las m\u00edas, y la res- puesta es \u201cno\u201d. Si miro sus cuadros, la respuesta vuelve a ser \u201cno\u201d, aunque por una raz\u00f3n diferente: sus cuadros invitan al silencio. Casi iba a decir que ruegan silencio, y eso habr\u00eda sido falso, pues ni una sola de sus im\u00e1genes, ni siquiera la del anciano con la cabeza entre las manos en el umbral de la eternidad, muestra el menor patetismo. Siempre detest\u00f3 inspirar compasi\u00f3n y hacer chantaje. Solo cuando veo sus dibujos me parece que merece la pena a\u00f1adir algunas palabras. Tal vez porque sus dibujos tienen algo de escritura, y a menudo dibujaba en las cartas. El proyecto ideal habr\u00eda sido dibujar el proceso que llevaba a sus dibujos, tomar prestada su mano de dibujante. Sin embargo, lo intentar\u00e9 con palabras.<\/p><\/div><div class=\"vcex-blog-entry-readmore-wrap entry-readmore-wrap wpex-my-15 wpex-clr\"><a href=\"https:\/\/cetr.net\/es\/vincent-van-gogh\/\" class=\"entry-readmore theme-button\" aria-label=\"Leer m\u00e1s about Vincent van Gogh\">Leer m\u00e1s<\/a><\/div><\/div><\/div><\/div><\/div><div class=\"wpex-pagination wpex-clear wpex-mt-30\"><ul class='page-numbers'>\n\t<li><span aria-current=\"page\" class=\"page-numbers current\"><span class=\"screen-reader-text\">Page <\/span>1<\/span><\/li>\n\t<li><a class=\"page-numbers\" href=\"https:\/\/cetr.net\/es\/wp-json\/wp\/v2\/pages\/15993\/page\/2\/\"><span class=\"screen-reader-text\">Page <\/span>2<\/a><\/li>\n\t<li><a class=\"page-numbers\" href=\"https:\/\/cetr.net\/es\/wp-json\/wp\/v2\/pages\/15993\/page\/3\/\"><span class=\"screen-reader-text\">Page <\/span>3<\/a><\/li>\n\t<li><a class=\"page-numbers\" href=\"https:\/\/cetr.net\/es\/wp-json\/wp\/v2\/pages\/15993\/page\/4\/\"><span class=\"screen-reader-text\">Page <\/span>4<\/a><\/li>\n\t<li><span class=\"page-numbers dots\">&hellip;<\/span><\/li>\n\t<li><a class=\"page-numbers\" href=\"https:\/\/cetr.net\/es\/wp-json\/wp\/v2\/pages\/15993\/page\/42\/\"><span class=\"screen-reader-text\">Page <\/span>42<\/a><\/li>\n\t<li><a class=\"next page-numbers\" href=\"https:\/\/cetr.net\/es\/wp-json\/wp\/v2\/pages\/15993\/page\/2\/\"><span class=\"page-numbers-icon wpex-icon wpex-icon--xs wpex-icon--bidi\" aria-hidden=\"true\"><svg xmlns=\"http:\/\/www.w3.org\/2000\/svg\" viewBox=\"0 0 320 512\"><path d=\"M278.6 233.4c12.5 12.5 12.5 32.8 0 45.3l-160 160c-12.5 12.5-32.8 12.5-45.3 0s-12.5-32.8 0-45.3L210.7 256 73.4 118.6c-12.5-12.5-12.5-32.8 0-45.3s32.8-12.5 45.3 0l160 160z\"\/><\/svg><\/span><span class=\"screen-reader-text\">Siguiente<\/span><\/a><\/li>\n<\/ul>\n<\/div><\/div>[\/vc_column][\/vc_row]\n<\/div>","protected":false},"excerpt":{"rendered":"<p>[vc_row full_width=\u00bb\u00bb parallax_image=\u00bb\u00bb visibility=\u00bb\u00bb css_animation=\u00bb\u00bb center_row=\u00bb\u00bb typography_style=\u00bb\u00bb column_spacing=\u00bb\u00bb tablet_fullwidth_cols=\u00bb\u00bb bg_style=\u00bb\u00bb parallax=\u00bb\u00bb parallax_mobile=\u00bb\u00bb parallax_style=\u00bb\u00bb parallax_direction=\u00bb\u00bb video_bg=\u00bb\u00bb video_bg_overlay=\u00bb\u00bb border_style=\u00bb\u00bb][vc_column width=\u00bb1\/1&#8243; style=\u00bb\u00bb visibility=\u00bb\u00bb css_animation=\u00bb\u00bb typo_style=\u00bb\u00bb drop_shadow=\u00bb\u00bb bg_style=\u00bb\u00bb border_style=\u00bb\u00bb][\/vc_column][\/vc_row]<\/p>\n","protected":false},"author":1,"featured_media":0,"parent":0,"menu_order":0,"comment_status":"closed","ping_status":"closed","template":"","meta":{"_acf_changed":false,"footnotes":""},"class_list":["post-15993","page","type-page","status-publish","hentry","entry","has-media"],"acf":[],"_links":{"self":[{"href":"https:\/\/cetr.net\/es\/wp-json\/wp\/v2\/pages\/15993","targetHints":{"allow":["GET"]}}],"collection":[{"href":"https:\/\/cetr.net\/es\/wp-json\/wp\/v2\/pages"}],"about":[{"href":"https:\/\/cetr.net\/es\/wp-json\/wp\/v2\/types\/page"}],"author":[{"embeddable":true,"href":"https:\/\/cetr.net\/es\/wp-json\/wp\/v2\/users\/1"}],"replies":[{"embeddable":true,"href":"https:\/\/cetr.net\/es\/wp-json\/wp\/v2\/comments?post=15993"}],"version-history":[{"count":4,"href":"https:\/\/cetr.net\/es\/wp-json\/wp\/v2\/pages\/15993\/revisions"}],"predecessor-version":[{"id":52028,"href":"https:\/\/cetr.net\/es\/wp-json\/wp\/v2\/pages\/15993\/revisions\/52028"}],"wp:attachment":[{"href":"https:\/\/cetr.net\/es\/wp-json\/wp\/v2\/media?parent=15993"}],"curies":[{"name":"wp","href":"https:\/\/api.w.org\/{rel}","templated":true}]}}