{"id":15995,"date":"2016-03-14T13:39:30","date_gmt":"2016-03-14T12:39:30","guid":{"rendered":"http:\/\/cetr.net\/?page_id=15995&#038;lang=es"},"modified":"2016-05-09T18:03:59","modified_gmt":"2016-05-09T16:03:59","slug":"sociedad-en-cambio","status":"publish","type":"page","link":"https:\/\/cetr.net\/es\/sociedad-en-cambio\/","title":{"rendered":"Sociedad en cambio"},"content":{"rendered":"<div class=\"wpb-content-wrapper\">[vc_row full_width=\u00bb\u00bb parallax_image=\u00bb\u00bb visibility=\u00bb\u00bb css_animation=\u00bb\u00bb center_row=\u00bb\u00bb typography_style=\u00bb\u00bb column_spacing=\u00bb\u00bb tablet_fullwidth_cols=\u00bb\u00bb bg_style=\u00bb\u00bb parallax=\u00bb\u00bb parallax_mobile=\u00bb\u00bb parallax_style=\u00bb\u00bb parallax_direction=\u00bb\u00bb video_bg=\u00bb\u00bb video_bg_overlay=\u00bb\u00bb border_style=\u00bb\u00bb][vc_column width=\u00bb1\/1&#8243; style=\u00bb\u00bb visibility=\u00bb\u00bb css_animation=\u00bb\u00bb typo_style=\u00bb\u00bb drop_shadow=\u00bb\u00bb bg_style=\u00bb\u00bb border_style=\u00bb\u00bb]<div class=\"vcex-module vcex-blog-grid-wrap wpex-clr articulos\"><div class=\"wpex-row vcex-blog-grid wpex-clr entries left-thumbs\"><div class=\"vcex-blog-entry vcex-grid-item entry-has-details span_1_of_1 col-1 col entry post-74485 type-post has-media cat-145 cat-160 cat-233 cat-158 cat-161 translation_priority-535\"><div class=\"vcex-blog-entry-inner entry-inner wpex-first-mt-0 wpex-last-mb-0 wpex-md-flex wpex-md-flex-wrap wpex-md-justify-between\"><div class=\"vcex-blog-entry-media entry-media wpex-relative wpex-mb-20 wpex-md-mb-0\"><a href=\"https:\/\/cetr.net\/es\/que-es-el-llamado-efecto-perspectiva\/\" title=\"\u00bfQu\u00e9 es el llamado \u00abefecto perspectiva\u00bb?\"><img width=\"2560\" height=\"1920\" src=\"https:\/\/cetr.net\/wp-content\/uploads\/2026\/04\/nasa-vhSz50AaFAs-unsplash-scaled.jpg\" class=\"vcex-blog-entry-img wpex-align-middle\" alt=\"\" loading=\"lazy\" decoding=\"async\" srcset=\"https:\/\/cetr.net\/wp-content\/uploads\/2026\/04\/nasa-vhSz50AaFAs-unsplash-scaled.jpg 2560w, https:\/\/cetr.net\/wp-content\/uploads\/2026\/04\/nasa-vhSz50AaFAs-unsplash-300x225.jpg 300w, https:\/\/cetr.net\/wp-content\/uploads\/2026\/04\/nasa-vhSz50AaFAs-unsplash-1024x768.jpg 1024w, https:\/\/cetr.net\/wp-content\/uploads\/2026\/04\/nasa-vhSz50AaFAs-unsplash-768x576.jpg 768w, https:\/\/cetr.net\/wp-content\/uploads\/2026\/04\/nasa-vhSz50AaFAs-unsplash-1536x1152.jpg 1536w, https:\/\/cetr.net\/wp-content\/uploads\/2026\/04\/nasa-vhSz50AaFAs-unsplash-2048x1536.jpg 2048w\" sizes=\"auto, (max-width: 2560px) 100vw, 2560px\" \/><\/a><\/div><div class=\"vcex-blog-entry-details entry-details wpex-first-mt-0 wpex-last-mb-0 wpex-clr\"><h2 class=\"vcex-blog-entry-title entry-title wpex-text-2xl wpex-mb-5\"><a href=\"https:\/\/cetr.net\/es\/que-es-el-llamado-efecto-perspectiva\/\">\u00bfQu\u00e9 es el llamado \u00abefecto perspectiva\u00bb?<\/a><\/h2><div class=\"vcex-blog-entry-date entry-date wpex-text-sm wpex-text-3 wpex-mb-5\">21 de abril de 2026<\/div><div class=\"vcex-blog-entry-excerpt entry-excerpt wpex-my-15 wpex-text-pretty wpex-last-mb-0 wpex-clr\"><p><span class=\"autor\">CETR<\/span> Las im\u00e1genes m\u00e1s ic\u00f3nicas de la Tierra desde el espacio provienen del programa Apolo y ahora, m\u00e1s recientemente, de las im\u00e1genes realizadas por la misi\u00f3n espacial de Artemis II. Una de esas primeras fotograf\u00edas tomadas por el astronauta Harrison Schmitt del Apolo 17 se denomin\u00f3 La Canica Azul;\u00a0una foto que simboliza lo que el escritor Frank White llamar\u00eda \"efecto perspectiva\" y que es definido de la siguiente manera:\r\n\r\n\"Un sentimiento m\u00edstico de profunda concienciaci\u00f3n que sienten muchos de los que han experimentado vuelos espaciales y han podido ver la totalidad de nuestro p\u00e1lido punto azul de una sola vez\".<\/p><\/div><div class=\"vcex-blog-entry-readmore-wrap entry-readmore-wrap wpex-my-15 wpex-clr\"><a href=\"https:\/\/cetr.net\/es\/que-es-el-llamado-efecto-perspectiva\/\" class=\"entry-readmore theme-button\" aria-label=\"Leer m\u00e1s about \u00bfQu\u00e9 es el llamado \u00abefecto perspectiva\u00bb?\">Leer m\u00e1s<\/a><\/div><\/div><\/div><\/div><div class=\"vcex-blog-entry vcex-grid-item entry-has-details span_1_of_1 col-1 col entry post-74250 type-post has-media cat-456 cat-145 cat-160 cat-388 cat-161 cat-435 translation_priority-535 translation_priority-533\"><div class=\"vcex-blog-entry-inner entry-inner wpex-first-mt-0 wpex-last-mb-0 wpex-md-flex wpex-md-flex-wrap wpex-md-justify-between\"><div class=\"vcex-blog-entry-media entry-media wpex-relative wpex-mb-20 wpex-md-mb-0\"><a href=\"https:\/\/cetr.net\/es\/motivacion-y-atencion-el-impacto-de-la-economia-de-la-atencion-sobre-dos-pilares-de-la-cualidad-humana\/\" title=\"Motivaci\u00f3n y atenci\u00f3n. El impacto de la \u201ceconom\u00eda de la atenci\u00f3n\u201d sobre dos pilares de la cualidad humana\"><img width=\"822\" height=\"762\" src=\"https:\/\/cetr.net\/wp-content\/uploads\/2026\/03\/Tguardans-2025.png\" class=\"vcex-blog-entry-img wpex-align-middle\" alt=\"\" loading=\"lazy\" decoding=\"async\" srcset=\"https:\/\/cetr.net\/wp-content\/uploads\/2026\/03\/Tguardans-2025.png 822w, https:\/\/cetr.net\/wp-content\/uploads\/2026\/03\/Tguardans-2025-300x278.png 300w, https:\/\/cetr.net\/wp-content\/uploads\/2026\/03\/Tguardans-2025-768x712.png 768w\" sizes=\"auto, (max-width: 822px) 100vw, 822px\" \/><\/a><\/div><div class=\"vcex-blog-entry-details entry-details wpex-first-mt-0 wpex-last-mb-0 wpex-clr\"><h2 class=\"vcex-blog-entry-title entry-title wpex-text-2xl wpex-mb-5\"><a href=\"https:\/\/cetr.net\/es\/motivacion-y-atencion-el-impacto-de-la-economia-de-la-atencion-sobre-dos-pilares-de-la-cualidad-humana\/\">Motivaci\u00f3n y atenci\u00f3n. El impacto de la \u201ceconom\u00eda de la atenci\u00f3n\u201d sobre dos pilares de la cualidad humana<\/a><\/h2><div class=\"vcex-blog-entry-date entry-date wpex-text-sm wpex-text-3 wpex-mb-5\">3 de marzo de 2026<\/div><div class=\"vcex-blog-entry-excerpt entry-excerpt wpex-my-15 wpex-text-pretty wpex-last-mb-0 wpex-clr\"><p><span class=\"autor autor_home\">Teresa Guardans<\/span>   En los \u00faltimos a\u00f1os estamos viviendo los efectos de la llamada \u201ceconom\u00eda de la atenci\u00f3n\u201d, un modelo econ\u00f3mico que basa la obtenci\u00f3n de beneficios en la captaci\u00f3n y manipulaci\u00f3n de la atenci\u00f3n de miles de millones de seres humanos. El psiquismo, la atenci\u00f3n y el sentir, todo, se ve profunda y directamente afectado por el peculiar uso de las tecnolog\u00edas que se est\u00e1 llevando a cabo desde este modelo econ\u00f3mico. Vamos a reflexionar sobre ello, deteni\u00e9ndonos especialmente en el impacto que pueda tener sobre el cultivo de la cualidad humana, sobre la mism\u00edsima viabilidad de unas sociedades \u201csanas\u201d. <\/p><\/div><div class=\"vcex-blog-entry-readmore-wrap entry-readmore-wrap wpex-my-15 wpex-clr\"><a href=\"https:\/\/cetr.net\/es\/motivacion-y-atencion-el-impacto-de-la-economia-de-la-atencion-sobre-dos-pilares-de-la-cualidad-humana\/\" class=\"entry-readmore theme-button\" aria-label=\"Leer m\u00e1s about Motivaci\u00f3n y atenci\u00f3n. El impacto de la \u201ceconom\u00eda de la atenci\u00f3n\u201d sobre dos pilares de la cualidad humana\">Leer m\u00e1s<\/a><\/div><\/div><\/div><\/div><div class=\"vcex-blog-entry vcex-grid-item entry-has-details span_1_of_1 col-1 col entry post-74216 type-post has-media cat-145 cat-161 translation_priority-535\"><div class=\"vcex-blog-entry-inner entry-inner wpex-first-mt-0 wpex-last-mb-0 wpex-md-flex wpex-md-flex-wrap wpex-md-justify-between\"><div class=\"vcex-blog-entry-media entry-media wpex-relative wpex-mb-20 wpex-md-mb-0\"><a href=\"https:\/\/cetr.net\/es\/las-ideas-humano-e-inteligencia-artificial\/\" title=\"Las ideas: Humano e Inteligencia Artificial\"><img width=\"914\" height=\"904\" src=\"https:\/\/cetr.net\/wp-content\/uploads\/2026\/02\/Q-Prat-i-Pubill.png\" class=\"vcex-blog-entry-img wpex-align-middle\" alt=\"\" loading=\"lazy\" decoding=\"async\" srcset=\"https:\/\/cetr.net\/wp-content\/uploads\/2026\/02\/Q-Prat-i-Pubill.png 914w, https:\/\/cetr.net\/wp-content\/uploads\/2026\/02\/Q-Prat-i-Pubill-300x297.png 300w, https:\/\/cetr.net\/wp-content\/uploads\/2026\/02\/Q-Prat-i-Pubill-768x760.png 768w\" sizes=\"auto, (max-width: 914px) 100vw, 914px\" \/><\/a><\/div><div class=\"vcex-blog-entry-details entry-details wpex-first-mt-0 wpex-last-mb-0 wpex-clr\"><h2 class=\"vcex-blog-entry-title entry-title wpex-text-2xl wpex-mb-5\"><a href=\"https:\/\/cetr.net\/es\/las-ideas-humano-e-inteligencia-artificial\/\">Las ideas: Humano e Inteligencia Artificial<\/a><\/h2><div class=\"vcex-blog-entry-date entry-date wpex-text-sm wpex-text-3 wpex-mb-5\">12 de febrero de 2026<\/div><div class=\"vcex-blog-entry-excerpt entry-excerpt wpex-my-15 wpex-text-pretty wpex-last-mb-0 wpex-clr\"><p><span class=\"autor autor_home\">Queralt Prat-i-Pubill<\/span>   Escribo este texto en un momento de avance acelerado de la Inteligencia Artificial (\u201cIA\u201d). Este fen\u00f3meno no solo afecta nuestra manera de trabajar o de comunicarnos, sino que incide en nuestra concepci\u00f3n del conocimiento, la realidad y el mundo. En resumen, en nuestras concepciones, y por tanto, afecta a la creaci\u00f3n de nuestro futuro. Dos aspectos fundamentales me animan: por un lado, la comprensi\u00f3n de cu\u00e1les son las ideas que se socializan sobre la IA y, por otro, algunas reflexiones sobre nuestra concepci\u00f3n de lo que significa ser humano cuando los sistemas de IA pueden desarrollar tareas \u201cinteligentes\u201d mejor que nosotros.<\/p><\/div><div class=\"vcex-blog-entry-readmore-wrap entry-readmore-wrap wpex-my-15 wpex-clr\"><a href=\"https:\/\/cetr.net\/es\/las-ideas-humano-e-inteligencia-artificial\/\" class=\"entry-readmore theme-button\" aria-label=\"Leer m\u00e1s about Las ideas: Humano e Inteligencia Artificial\">Leer m\u00e1s<\/a><\/div><\/div><\/div><\/div><div class=\"vcex-blog-entry vcex-grid-item entry-has-details span_1_of_1 col-1 col entry post-74141 type-post has-media cat-456 cat-145 cat-233 cat-161 cat-435 translation_priority-535\"><div class=\"vcex-blog-entry-inner entry-inner wpex-first-mt-0 wpex-last-mb-0 wpex-md-flex wpex-md-flex-wrap wpex-md-justify-between\"><div class=\"vcex-blog-entry-media entry-media wpex-relative wpex-mb-20 wpex-md-mb-0\"><a href=\"https:\/\/cetr.net\/es\/el-transito-hacia-las-sociedades-de-conocimiento-desde-la-perspectiva-del-capitalismo-reinventado-o-multicapitalismo-una-critica\/\" title=\"El tr\u00e1nsito hacia las sociedades de conocimiento desde la perspectiva del capitalismo reinventado o multicapitalismo: una cr\u00edtica\"><img width=\"736\" height=\"889\" src=\"https:\/\/cetr.net\/wp-content\/uploads\/2026\/01\/cerebro.jpg\" class=\"vcex-blog-entry-img wpex-align-middle\" alt=\"\" loading=\"lazy\" decoding=\"async\" srcset=\"https:\/\/cetr.net\/wp-content\/uploads\/2026\/01\/cerebro.jpg 736w, https:\/\/cetr.net\/wp-content\/uploads\/2026\/01\/cerebro-248x300.jpg 248w\" sizes=\"auto, (max-width: 736px) 100vw, 736px\" \/><\/a><\/div><div class=\"vcex-blog-entry-details entry-details wpex-first-mt-0 wpex-last-mb-0 wpex-clr\"><h2 class=\"vcex-blog-entry-title entry-title wpex-text-2xl wpex-mb-5\"><a href=\"https:\/\/cetr.net\/es\/el-transito-hacia-las-sociedades-de-conocimiento-desde-la-perspectiva-del-capitalismo-reinventado-o-multicapitalismo-una-critica\/\">El tr\u00e1nsito hacia las sociedades de conocimiento desde la perspectiva del capitalismo reinventado o multicapitalismo: una cr\u00edtica<\/a><\/h2><div class=\"vcex-blog-entry-date entry-date wpex-text-sm wpex-text-3 wpex-mb-5\">16 de enero de 2026<\/div><div class=\"vcex-blog-entry-excerpt entry-excerpt wpex-my-15 wpex-text-pretty wpex-last-mb-0 wpex-clr\"><p><span class=\"autor\">Jos\u00e9 Manuel Bobadilla<\/span> El art\u00edculo plantea una cr\u00edtica a la forma en que se entiende el paso hacia las llamadas sociedades del conocimiento, se\u00f1alando que este proceso no supone una transformaci\u00f3n real mientras contin\u00fae dominado por el capitalismo neoliberal. La ciencia y la tecnolog\u00eda han sido absorbidas por un sistema basado en el individualismo, el libre mercado y la rentabilidad a corto plazo, lo que impide afrontar de forma efectiva tanto la crisis ecol\u00f3gica global como el profundo cambio en las formas de vivir y sobrevivir, hoy marcadas por la interdependencia y el conocimiento. Frente a discursos como el \u201ccapitalismo verde\u201d, el \u201ccapitalismo consciente\u201d o el \u201cmulticapitalismo\u201d, se muestra que estas propuestas no rompen con la l\u00f3gica del sistema, sino que la maquillan incorporando selectivamente cr\u00edticas ecol\u00f3gicas y sociales para asegurar su continuidad. Transitar hacia las sociedades del conocimiento, s\u00f3lo ser\u00e1 posible mediante un proyecto axiol\u00f3gico colectivo que supere el individualismo, reconozca la interdependencia entre seres humanos y naturaleza, y sit\u00fae el desarrollo cient\u00edfico y tecnol\u00f3gico al servicio del bienestar com\u00fan y de la vida en su conjunto.<\/p><\/div><div class=\"vcex-blog-entry-readmore-wrap entry-readmore-wrap wpex-my-15 wpex-clr\"><a href=\"https:\/\/cetr.net\/es\/el-transito-hacia-las-sociedades-de-conocimiento-desde-la-perspectiva-del-capitalismo-reinventado-o-multicapitalismo-una-critica\/\" class=\"entry-readmore theme-button\" aria-label=\"Leer m\u00e1s about El tr\u00e1nsito hacia las sociedades de conocimiento desde la perspectiva del capitalismo reinventado o multicapitalismo: una cr\u00edtica\">Leer m\u00e1s<\/a><\/div><\/div><\/div><\/div><div class=\"vcex-blog-entry vcex-grid-item entry-has-details span_1_of_1 col-1 col entry post-74121 type-post has-media cat-456 cat-145 cat-160 cat-233 cat-158 cat-454 cat-388 cat-161 cat-435 translation_priority-535\"><div class=\"vcex-blog-entry-inner entry-inner wpex-first-mt-0 wpex-last-mb-0 wpex-md-flex wpex-md-flex-wrap wpex-md-justify-between\"><div class=\"vcex-blog-entry-media entry-media wpex-relative wpex-mb-20 wpex-md-mb-0\"><a href=\"https:\/\/cetr.net\/es\/el-sentido-de-la-vida-para-los-jovenes\/\" title=\"El sentido de la vida para los j\u00f3venes\"><img width=\"491\" height=\"508\" src=\"https:\/\/cetr.net\/wp-content\/uploads\/2025\/10\/maria_corbi_1.png\" class=\"vcex-blog-entry-img wpex-align-middle\" alt=\"\" loading=\"lazy\" decoding=\"async\" srcset=\"https:\/\/cetr.net\/wp-content\/uploads\/2025\/10\/maria_corbi_1.png 491w, https:\/\/cetr.net\/wp-content\/uploads\/2025\/10\/maria_corbi_1-290x300.png 290w\" sizes=\"auto, (max-width: 491px) 100vw, 491px\" \/><\/a><\/div><div class=\"vcex-blog-entry-details entry-details wpex-first-mt-0 wpex-last-mb-0 wpex-clr\"><h2 class=\"vcex-blog-entry-title entry-title wpex-text-2xl wpex-mb-5\"><a href=\"https:\/\/cetr.net\/es\/el-sentido-de-la-vida-para-los-jovenes\/\">El sentido de la vida para los j\u00f3venes<\/a><\/h2><div class=\"vcex-blog-entry-date entry-date wpex-text-sm wpex-text-3 wpex-mb-5\">7 de enero de 2026<\/div><div class=\"vcex-blog-entry-excerpt entry-excerpt wpex-my-15 wpex-text-pretty wpex-last-mb-0 wpex-clr\"><p>\u00a0<span class=\"autor\">Mari\u00e0 Corb\u00ed<\/span> No es aceptable abandonar a los j\u00f3venes porque no se sabe qu\u00e9 decirles que sea aceptado por ellos, o porque les predicamos con un mensaje del pasado, que pensamos que es el \u00fanico v\u00e1lido y que no aceptan.  Hay que buscar una soluci\u00f3n urgentemente. Muchos no saben qu\u00e9 hacer y dan lo que tienen a personas que ya pertenecen al \u00faltimo tercio de la vida; a persona que, forzadas a alejarse de las formas tradicionales de la religi\u00f3n, por las transformaciones de las formas de vivir y de las culturas, todav\u00eda les restan no pocos elementos de la tradici\u00f3n. Tambi\u00e9n estos est\u00e1n desamparados y sin ayuda. Quienes dedican su vida y sus esfuerzos a este tipo de personas hacen muy bien. Sin embargo, hay que hacer un gran esfuerzo para encontrar una soluci\u00f3n para las generaciones futuras, porque de ellas ser\u00e1 el mundo, la cultura, la espiritualidad y todo.<\/p><\/div><div class=\"vcex-blog-entry-readmore-wrap entry-readmore-wrap wpex-my-15 wpex-clr\"><a href=\"https:\/\/cetr.net\/es\/el-sentido-de-la-vida-para-los-jovenes\/\" class=\"entry-readmore theme-button\" aria-label=\"Leer m\u00e1s about El sentido de la vida para los j\u00f3venes\">Leer m\u00e1s<\/a><\/div><\/div><\/div><\/div><\/div><div class=\"wpex-pagination wpex-clear wpex-mt-30\"><ul class='page-numbers'>\n\t<li><span aria-current=\"page\" class=\"page-numbers current\"><span class=\"screen-reader-text\">Page <\/span>1<\/span><\/li>\n\t<li><a class=\"page-numbers\" href=\"https:\/\/cetr.net\/es\/wp-json\/wp\/v2\/pages\/15995\/page\/2\/\"><span class=\"screen-reader-text\">Page <\/span>2<\/a><\/li>\n\t<li><a class=\"page-numbers\" href=\"https:\/\/cetr.net\/es\/wp-json\/wp\/v2\/pages\/15995\/page\/3\/\"><span class=\"screen-reader-text\">Page <\/span>3<\/a><\/li>\n\t<li><a class=\"page-numbers\" href=\"https:\/\/cetr.net\/es\/wp-json\/wp\/v2\/pages\/15995\/page\/4\/\"><span class=\"screen-reader-text\">Page <\/span>4<\/a><\/li>\n\t<li><span class=\"page-numbers dots\">&hellip;<\/span><\/li>\n\t<li><a class=\"page-numbers\" href=\"https:\/\/cetr.net\/es\/wp-json\/wp\/v2\/pages\/15995\/page\/27\/\"><span class=\"screen-reader-text\">Page <\/span>27<\/a><\/li>\n\t<li><a class=\"next page-numbers\" href=\"https:\/\/cetr.net\/es\/wp-json\/wp\/v2\/pages\/15995\/page\/2\/\"><span class=\"page-numbers-icon wpex-icon wpex-icon--xs wpex-icon--bidi\" aria-hidden=\"true\"><svg xmlns=\"http:\/\/www.w3.org\/2000\/svg\" viewBox=\"0 0 320 512\"><path d=\"M278.6 233.4c12.5 12.5 12.5 32.8 0 45.3l-160 160c-12.5 12.5-32.8 12.5-45.3 0s-12.5-32.8 0-45.3L210.7 256 73.4 118.6c-12.5-12.5-12.5-32.8 0-45.3s32.8-12.5 45.3 0l160 160z\"\/><\/svg><\/span><span class=\"screen-reader-text\">Siguiente<\/span><\/a><\/li>\n<\/ul>\n<\/div><\/div>[\/vc_column][\/vc_row]\n<\/div>","protected":false},"excerpt":{"rendered":"<p>[vc_row full_width=\u00bb\u00bb parallax_image=\u00bb\u00bb visibility=\u00bb\u00bb css_animation=\u00bb\u00bb center_row=\u00bb\u00bb typography_style=\u00bb\u00bb column_spacing=\u00bb\u00bb tablet_fullwidth_cols=\u00bb\u00bb bg_style=\u00bb\u00bb parallax=\u00bb\u00bb parallax_mobile=\u00bb\u00bb parallax_style=\u00bb\u00bb parallax_direction=\u00bb\u00bb video_bg=\u00bb\u00bb video_bg_overlay=\u00bb\u00bb border_style=\u00bb\u00bb][vc_column width=\u00bb1\/1&#8243; style=\u00bb\u00bb visibility=\u00bb\u00bb css_animation=\u00bb\u00bb typo_style=\u00bb\u00bb drop_shadow=\u00bb\u00bb bg_style=\u00bb\u00bb border_style=\u00bb\u00bb][\/vc_column][\/vc_row]<\/p>\n","protected":false},"author":1,"featured_media":0,"parent":0,"menu_order":0,"comment_status":"closed","ping_status":"closed","template":"","meta":{"_acf_changed":false,"footnotes":""},"class_list":["post-15995","page","type-page","status-publish","hentry","entry","has-media"],"acf":[],"_links":{"self":[{"href":"https:\/\/cetr.net\/es\/wp-json\/wp\/v2\/pages\/15995","targetHints":{"allow":["GET"]}}],"collection":[{"href":"https:\/\/cetr.net\/es\/wp-json\/wp\/v2\/pages"}],"about":[{"href":"https:\/\/cetr.net\/es\/wp-json\/wp\/v2\/types\/page"}],"author":[{"embeddable":true,"href":"https:\/\/cetr.net\/es\/wp-json\/wp\/v2\/users\/1"}],"replies":[{"embeddable":true,"href":"https:\/\/cetr.net\/es\/wp-json\/wp\/v2\/comments?post=15995"}],"version-history":[{"count":3,"href":"https:\/\/cetr.net\/es\/wp-json\/wp\/v2\/pages\/15995\/revisions"}],"predecessor-version":[{"id":52029,"href":"https:\/\/cetr.net\/es\/wp-json\/wp\/v2\/pages\/15995\/revisions\/52029"}],"wp:attachment":[{"href":"https:\/\/cetr.net\/es\/wp-json\/wp\/v2\/media?parent=15995"}],"curies":[{"name":"wp","href":"https:\/\/api.w.org\/{rel}","templated":true}]}}