{"id":16000,"date":"2016-03-14T13:42:34","date_gmt":"2016-03-14T12:42:34","guid":{"rendered":"http:\/\/cetr.net\/?page_id=16000&#038;lang=es"},"modified":"2017-06-26T17:28:44","modified_gmt":"2017-06-26T15:28:44","slug":"arte-poesia-i-musica","status":"publish","type":"page","link":"https:\/\/cetr.net\/es\/arte-poesia-i-musica\/","title":{"rendered":"Arte, poes\u00eda i m\u00fasica"},"content":{"rendered":"<div class=\"wpb-content-wrapper\">[vc_row center_row=\u00bb\u00bb][vc_column]<div class=\"vcex-module vcex-blog-grid-wrap wpex-clr articulos\"><div class=\"wpex-row vcex-blog-grid wpex-clr entries left-thumbs\"><div class=\"vcex-blog-entry vcex-grid-item entry-has-details span_1_of_1 col-1 col entry post-74396 type-post has-media cat-436 cat-156 cat-145 cat-456 cat-355 cat-149 cat-444 cat-160 cat-445 cat-233 cat-158 cat-454 cat-446 cat-332 cat-388 translation_priority-535\"><div class=\"vcex-blog-entry-inner entry-inner wpex-first-mt-0 wpex-last-mb-0 wpex-md-flex wpex-md-flex-wrap wpex-md-justify-between\"><div class=\"vcex-blog-entry-media entry-media wpex-relative wpex-mb-20 wpex-md-mb-0\"><a href=\"https:\/\/cetr.net\/es\/novedad-editorial-el-encuentro-de-maria-corbi\/\" title=\"Novedad editorial &#8211; El encuentro &#8211; de Mari\u00e0 Corb\u00ed\"><img width=\"369\" height=\"544\" src=\"https:\/\/cetr.net\/wp-content\/uploads\/2026\/04\/llibre-Maria-1.jpg\" class=\"vcex-blog-entry-img wpex-align-middle\" alt=\"\" loading=\"lazy\" decoding=\"async\" srcset=\"https:\/\/cetr.net\/wp-content\/uploads\/2026\/04\/llibre-Maria-1.jpg 369w, https:\/\/cetr.net\/wp-content\/uploads\/2026\/04\/llibre-Maria-1-203x300.jpg 203w\" sizes=\"auto, (max-width: 369px) 100vw, 369px\" \/><\/a><\/div><div class=\"vcex-blog-entry-details entry-details wpex-first-mt-0 wpex-last-mb-0 wpex-clr\"><h2 class=\"vcex-blog-entry-title entry-title wpex-text-2xl wpex-mb-5\"><a href=\"https:\/\/cetr.net\/es\/novedad-editorial-el-encuentro-de-maria-corbi\/\">Novedad editorial &#8211; El encuentro &#8211; de Mari\u00e0 Corb\u00ed<\/a><\/h2><div class=\"vcex-blog-entry-date entry-date wpex-text-sm wpex-text-3 wpex-mb-5\">14 de abril de 2026<\/div><div class=\"vcex-blog-entry-excerpt entry-excerpt wpex-my-15 wpex-text-pretty wpex-last-mb-0 wpex-clr\"><p><span class=\"autor\">Mari\u00e0 Corb\u00ed<\/span> El poemario\u00a0El encuentro\u00a0de Mari\u00e0 Corb\u00ed se presenta como una meditaci\u00f3n l\u00edrica y existencial escrita desde la conciencia de la vejez y la inminencia de la muerte. A trav\u00e9s de una sucesi\u00f3n de poemas breves, el autor articula una indagaci\u00f3n radical sobre el sentido de la existencia, el misterio del ser y la relaci\u00f3n entre vida, muerte y absoluto. El eje central de la obra es la noci\u00f3n de \u201cmisterio\u201d, entendida no como un enigma que deba resolverse, sino como la realidad \u00faltima que envuelve y constituye todo lo existente. Corb\u00ed insiste en que nada es obvio ni cotidiano: todo, desde la naturaleza hasta la propia conciencia humana, es expresi\u00f3n de una profundidad insondable. Esta intuici\u00f3n atraviesa el libro y se manifiesta en la contemplaci\u00f3n de paisajes, estaciones, animales o fen\u00f3menos cotidianos, que aparecen como revelaciones de lo absoluto.<\/p><\/div><div class=\"vcex-blog-entry-readmore-wrap entry-readmore-wrap wpex-my-15 wpex-clr\"><a href=\"https:\/\/cetr.net\/es\/novedad-editorial-el-encuentro-de-maria-corbi\/\" class=\"entry-readmore theme-button\" aria-label=\"Leer m\u00e1s about Novedad editorial &#8211; El encuentro &#8211; de Mari\u00e0 Corb\u00ed\">Leer m\u00e1s<\/a><\/div><\/div><\/div><\/div><div class=\"vcex-blog-entry vcex-grid-item entry-has-details span_1_of_1 col-1 col entry post-74200 type-post has-media cat-156 cat-145 translation_priority-535\"><div class=\"vcex-blog-entry-inner entry-inner wpex-first-mt-0 wpex-last-mb-0 wpex-md-flex wpex-md-flex-wrap wpex-md-justify-between\"><div class=\"vcex-blog-entry-media entry-media wpex-relative wpex-mb-20 wpex-md-mb-0\"><a href=\"https:\/\/cetr.net\/es\/poco-a-poco-llegue-a-descubrir-el-secreto-de-mi-arte\/\" title=\"Poco a poco llegu\u00e9 a descubrir el secreto de mi arte\"><img width=\"792\" height=\"808\" src=\"https:\/\/cetr.net\/wp-content\/uploads\/2026\/02\/Pere-Rius.png\" class=\"vcex-blog-entry-img wpex-align-middle\" alt=\"\" loading=\"lazy\" decoding=\"async\" srcset=\"https:\/\/cetr.net\/wp-content\/uploads\/2026\/02\/Pere-Rius.png 792w, https:\/\/cetr.net\/wp-content\/uploads\/2026\/02\/Pere-Rius-294x300.png 294w, https:\/\/cetr.net\/wp-content\/uploads\/2026\/02\/Pere-Rius-768x784.png 768w\" sizes=\"auto, (max-width: 792px) 100vw, 792px\" \/><\/a><\/div><div class=\"vcex-blog-entry-details entry-details wpex-first-mt-0 wpex-last-mb-0 wpex-clr\"><h2 class=\"vcex-blog-entry-title entry-title wpex-text-2xl wpex-mb-5\"><a href=\"https:\/\/cetr.net\/es\/poco-a-poco-llegue-a-descubrir-el-secreto-de-mi-arte\/\">Poco a poco llegu\u00e9 a descubrir el secreto de mi arte<\/a><\/h2><div class=\"vcex-blog-entry-date entry-date wpex-text-sm wpex-text-3 wpex-mb-5\">11 de febrero de 2026<\/div><div class=\"vcex-blog-entry-excerpt entry-excerpt wpex-my-15 wpex-text-pretty wpex-last-mb-0 wpex-clr\"><p><span class=\"autor autor_home\">Pere Rius<\/span>   \u00ab... No todas las ideas florecen cuando yo quiero, ni como yo quiero. Hay periodos de crecimiento exuberante y periodos de reposo, como las estaciones. Y quiz\u00e1s en estos periodos de \u201cdescanso\u201d, cuando parece que no pasa nada, es cuando el \u201csuelo\u201d interior se est\u00e1 regenerando\u2026\u00bb En este art\u00edculo el pintor Pere Rius nos permite acompa\u00f1arlo hacia el interior del proceso creativo. Nos habla de indagaci\u00f3n, de humildad, de espera, de aceptaci\u00f3n, de ofrenda, de cultivo\u2026 <\/p><\/div><div class=\"vcex-blog-entry-readmore-wrap entry-readmore-wrap wpex-my-15 wpex-clr\"><a href=\"https:\/\/cetr.net\/es\/poco-a-poco-llegue-a-descubrir-el-secreto-de-mi-arte\/\" class=\"entry-readmore theme-button\" aria-label=\"Leer m\u00e1s about Poco a poco llegu\u00e9 a descubrir el secreto de mi arte\">Leer m\u00e1s<\/a><\/div><\/div><\/div><\/div><div class=\"vcex-blog-entry vcex-grid-item entry-has-details span_1_of_1 col-1 col entry post-73524 type-post has-media cat-156 cat-145 cat-157 translation_priority-535\"><div class=\"vcex-blog-entry-inner entry-inner wpex-first-mt-0 wpex-last-mb-0 wpex-md-flex wpex-md-flex-wrap wpex-md-justify-between\"><div class=\"vcex-blog-entry-media entry-media wpex-relative wpex-mb-20 wpex-md-mb-0\"><a href=\"https:\/\/cetr.net\/es\/la-solucion-no-consiste-en-volver-atras\/\" title=\"La soluci\u00f3n no consiste en volver atr\u00e1s\"><img width=\"1004\" height=\"780\" src=\"https:\/\/cetr.net\/wp-content\/uploads\/2025\/07\/SSalgado-wikimedia.png\" class=\"vcex-blog-entry-img wpex-align-middle\" alt=\"\" loading=\"lazy\" decoding=\"async\" srcset=\"https:\/\/cetr.net\/wp-content\/uploads\/2025\/07\/SSalgado-wikimedia.png 1004w, https:\/\/cetr.net\/wp-content\/uploads\/2025\/07\/SSalgado-wikimedia-300x233.png 300w, https:\/\/cetr.net\/wp-content\/uploads\/2025\/07\/SSalgado-wikimedia-768x597.png 768w\" sizes=\"auto, (max-width: 1004px) 100vw, 1004px\" \/><\/a><\/div><div class=\"vcex-blog-entry-details entry-details wpex-first-mt-0 wpex-last-mb-0 wpex-clr\"><h2 class=\"vcex-blog-entry-title entry-title wpex-text-2xl wpex-mb-5\"><a href=\"https:\/\/cetr.net\/es\/la-solucion-no-consiste-en-volver-atras\/\">La soluci\u00f3n no consiste en volver atr\u00e1s<\/a><\/h2><div class=\"vcex-blog-entry-date entry-date wpex-text-sm wpex-text-3 wpex-mb-5\">31 de julio de 2025<\/div><div class=\"vcex-blog-entry-excerpt entry-excerpt wpex-my-15 wpex-text-pretty wpex-last-mb-0 wpex-clr\"><p><span class=\"autor autor_home\">Sebastiao Salgado<\/span>   En mayo (2025) mor\u00eda Sebasti\u00e2o Salgado, el fot\u00f3grafo brasile\u00f1o que a trav\u00e9s de su obra document\u00f3 los grandes retos contempor\u00e1neos: migraciones, trabajo, medio ambiente... No hac\u00eda mucho que hab\u00edamos podido disfrutar de Amazonia, su \u00faltima exposici\u00f3n. Bell\u00edsima, impactante. A modo de homenaje, compartimos algunos fragmentos finales del libro autobiogr\u00e1fico: De mi tierra a la Tierra. Memorias (La F\u00e1brica, 2023. 164 p.) Un libro que vale la pena saborear de principio a fin.\r\n\r\n<\/p><\/div><div class=\"vcex-blog-entry-readmore-wrap entry-readmore-wrap wpex-my-15 wpex-clr\"><a href=\"https:\/\/cetr.net\/es\/la-solucion-no-consiste-en-volver-atras\/\" class=\"entry-readmore theme-button\" aria-label=\"Leer m\u00e1s about La soluci\u00f3n no consiste en volver atr\u00e1s\">Leer m\u00e1s<\/a><\/div><\/div><\/div><\/div><div class=\"vcex-blog-entry vcex-grid-item entry-has-details span_1_of_1 col-1 col entry post-73114 type-post has-media cat-436 cat-156 cat-145 cat-456 cat-158 cat-454 translation_priority-535\"><div class=\"vcex-blog-entry-inner entry-inner wpex-first-mt-0 wpex-last-mb-0 wpex-md-flex wpex-md-flex-wrap wpex-md-justify-between\"><div class=\"vcex-blog-entry-media entry-media wpex-relative wpex-mb-20 wpex-md-mb-0\"><a href=\"https:\/\/cetr.net\/es\/vincent-van-gogh\/\" title=\"Vincent van Gogh\"><img width=\"745\" height=\"617\" src=\"https:\/\/cetr.net\/wp-content\/uploads\/2025\/07\/Vincent-olivos.jpg\" class=\"vcex-blog-entry-img wpex-align-middle\" alt=\"\" loading=\"lazy\" decoding=\"async\" srcset=\"https:\/\/cetr.net\/wp-content\/uploads\/2025\/07\/Vincent-olivos.jpg 745w, https:\/\/cetr.net\/wp-content\/uploads\/2025\/07\/Vincent-olivos-300x248.jpg 300w\" sizes=\"auto, (max-width: 745px) 100vw, 745px\" \/><\/a><\/div><div class=\"vcex-blog-entry-details entry-details wpex-first-mt-0 wpex-last-mb-0 wpex-clr\"><h2 class=\"vcex-blog-entry-title entry-title wpex-text-2xl wpex-mb-5\"><a href=\"https:\/\/cetr.net\/es\/vincent-van-gogh\/\">Vincent van Gogh<\/a><\/h2><div class=\"vcex-blog-entry-date entry-date wpex-text-sm wpex-text-3 wpex-mb-5\">7 de julio de 2025<\/div><div class=\"vcex-blog-entry-excerpt entry-excerpt wpex-my-15 wpex-text-pretty wpex-last-mb-0 wpex-clr\"><p> <span class=\"autor\">John Berger<\/span> \u00bfSe puede escribir todav\u00eda algo sobre \u00e9l? Pienso en todas las palabras que ya se han escrito, incluidas las m\u00edas, y la res- puesta es \u201cno\u201d. Si miro sus cuadros, la respuesta vuelve a ser \u201cno\u201d, aunque por una raz\u00f3n diferente: sus cuadros invitan al silencio. Casi iba a decir que ruegan silencio, y eso habr\u00eda sido falso, pues ni una sola de sus im\u00e1genes, ni siquiera la del anciano con la cabeza entre las manos en el umbral de la eternidad, muestra el menor patetismo. Siempre detest\u00f3 inspirar compasi\u00f3n y hacer chantaje. Solo cuando veo sus dibujos me parece que merece la pena a\u00f1adir algunas palabras. Tal vez porque sus dibujos tienen algo de escritura, y a menudo dibujaba en las cartas. El proyecto ideal habr\u00eda sido dibujar el proceso que llevaba a sus dibujos, tomar prestada su mano de dibujante. Sin embargo, lo intentar\u00e9 con palabras.<\/p><\/div><div class=\"vcex-blog-entry-readmore-wrap entry-readmore-wrap wpex-my-15 wpex-clr\"><a href=\"https:\/\/cetr.net\/es\/vincent-van-gogh\/\" class=\"entry-readmore theme-button\" aria-label=\"Leer m\u00e1s about Vincent van Gogh\">Leer m\u00e1s<\/a><\/div><\/div><\/div><\/div><div class=\"vcex-blog-entry vcex-grid-item entry-has-details span_1_of_1 col-1 col entry post-73020 type-post has-media cat-436 cat-156 cat-145 cat-456 cat-355 cat-149 cat-444 cat-160 cat-445 cat-233 cat-158 cat-454 cat-446 cat-332 cat-388 translation_priority-535\"><div class=\"vcex-blog-entry-inner entry-inner wpex-first-mt-0 wpex-last-mb-0 wpex-md-flex wpex-md-flex-wrap wpex-md-justify-between\"><div class=\"vcex-blog-entry-media entry-media wpex-relative wpex-mb-20 wpex-md-mb-0\"><a href=\"https:\/\/cetr.net\/es\/novetat-editorial-que-ha-sido-el-vivir\/\" title=\"NOVEDAD EDITORIAL: \u00bfQu\u00e9 ha sido el vivir?\"><img width=\"1280\" height=\"1804\" src=\"https:\/\/cetr.net\/wp-content\/uploads\/2025\/05\/portada_que_ha_sido_el_vivir_final.jpg\" class=\"vcex-blog-entry-img wpex-align-middle\" alt=\"\" loading=\"lazy\" decoding=\"async\" srcset=\"https:\/\/cetr.net\/wp-content\/uploads\/2025\/05\/portada_que_ha_sido_el_vivir_final.jpg 1280w, https:\/\/cetr.net\/wp-content\/uploads\/2025\/05\/portada_que_ha_sido_el_vivir_final-213x300.jpg 213w, https:\/\/cetr.net\/wp-content\/uploads\/2025\/05\/portada_que_ha_sido_el_vivir_final-727x1024.jpg 727w, https:\/\/cetr.net\/wp-content\/uploads\/2025\/05\/portada_que_ha_sido_el_vivir_final-768x1082.jpg 768w, https:\/\/cetr.net\/wp-content\/uploads\/2025\/05\/portada_que_ha_sido_el_vivir_final-1090x1536.jpg 1090w\" sizes=\"auto, (max-width: 1280px) 100vw, 1280px\" \/><\/a><\/div><div class=\"vcex-blog-entry-details entry-details wpex-first-mt-0 wpex-last-mb-0 wpex-clr\"><h2 class=\"vcex-blog-entry-title entry-title wpex-text-2xl wpex-mb-5\"><a href=\"https:\/\/cetr.net\/es\/novetat-editorial-que-ha-sido-el-vivir\/\">NOVEDAD EDITORIAL: \u00bfQu\u00e9 ha sido el vivir?<\/a><\/h2><div class=\"vcex-blog-entry-date entry-date wpex-text-sm wpex-text-3 wpex-mb-5\">5 de mayo de 2025<\/div><div class=\"vcex-blog-entry-excerpt entry-excerpt wpex-my-15 wpex-text-pretty wpex-last-mb-0 wpex-clr\"><p> <span class=\"autor\">Mari\u00e0 Corb\u00ed<\/span> nos presenta su nuevo libro de poemas. Nos dice el autor:\u00a0\"Expreso lo que siento para poderlo sentir.\u00a0Mis pobres versos no s\u00e9 si alcanzan la categor\u00eda de poes\u00eda, pero son meditaciones serias sobre un tema que obsesiona mi coraz\u00f3n y mi mente: saber qu\u00e9 dicen las cosas, el misterio de los mundos inmensos, Eso de ah\u00ed sin por qu\u00e9, que me incluye a m\u00ed mismo, lo absoluto y gratuito.\"<\/p><\/div><div class=\"vcex-blog-entry-readmore-wrap entry-readmore-wrap wpex-my-15 wpex-clr\"><a href=\"https:\/\/cetr.net\/es\/novetat-editorial-que-ha-sido-el-vivir\/\" class=\"entry-readmore theme-button\" aria-label=\"Leer m\u00e1s about NOVEDAD EDITORIAL: \u00bfQu\u00e9 ha sido el vivir?\">Leer m\u00e1s<\/a><\/div><\/div><\/div><\/div><\/div><div class=\"wpex-pagination wpex-clear wpex-mt-30\"><ul class='page-numbers'>\n\t<li><span aria-current=\"page\" class=\"page-numbers current\"><span class=\"screen-reader-text\">Page <\/span>1<\/span><\/li>\n\t<li><a class=\"page-numbers\" href=\"https:\/\/cetr.net\/es\/wp-json\/wp\/v2\/pages\/16000\/page\/2\/\"><span class=\"screen-reader-text\">Page <\/span>2<\/a><\/li>\n\t<li><a class=\"page-numbers\" href=\"https:\/\/cetr.net\/es\/wp-json\/wp\/v2\/pages\/16000\/page\/3\/\"><span class=\"screen-reader-text\">Page <\/span>3<\/a><\/li>\n\t<li><a class=\"page-numbers\" href=\"https:\/\/cetr.net\/es\/wp-json\/wp\/v2\/pages\/16000\/page\/4\/\"><span class=\"screen-reader-text\">Page <\/span>4<\/a><\/li>\n\t<li><span class=\"page-numbers dots\">&hellip;<\/span><\/li>\n\t<li><a class=\"page-numbers\" href=\"https:\/\/cetr.net\/es\/wp-json\/wp\/v2\/pages\/16000\/page\/22\/\"><span class=\"screen-reader-text\">Page <\/span>22<\/a><\/li>\n\t<li><a class=\"next page-numbers\" href=\"https:\/\/cetr.net\/es\/wp-json\/wp\/v2\/pages\/16000\/page\/2\/\"><span class=\"page-numbers-icon wpex-icon wpex-icon--xs wpex-icon--bidi\" aria-hidden=\"true\"><svg xmlns=\"http:\/\/www.w3.org\/2000\/svg\" viewBox=\"0 0 320 512\"><path d=\"M278.6 233.4c12.5 12.5 12.5 32.8 0 45.3l-160 160c-12.5 12.5-32.8 12.5-45.3 0s-12.5-32.8 0-45.3L210.7 256 73.4 118.6c-12.5-12.5-12.5-32.8 0-45.3s32.8-12.5 45.3 0l160 160z\"\/><\/svg><\/span><span class=\"screen-reader-text\">Siguiente<\/span><\/a><\/li>\n<\/ul>\n<\/div><\/div>[\/vc_column][\/vc_row]\n<\/div>","protected":false},"excerpt":{"rendered":"<p>[vc_row center_row=\u00bb\u00bb][vc_column][\/vc_column][\/vc_row]<\/p>\n","protected":false},"author":1,"featured_media":0,"parent":0,"menu_order":0,"comment_status":"closed","ping_status":"closed","template":"","meta":{"_acf_changed":false,"footnotes":""},"class_list":["post-16000","page","type-page","status-publish","hentry","entry","has-media"],"acf":[],"_links":{"self":[{"href":"https:\/\/cetr.net\/es\/wp-json\/wp\/v2\/pages\/16000","targetHints":{"allow":["GET"]}}],"collection":[{"href":"https:\/\/cetr.net\/es\/wp-json\/wp\/v2\/pages"}],"about":[{"href":"https:\/\/cetr.net\/es\/wp-json\/wp\/v2\/types\/page"}],"author":[{"embeddable":true,"href":"https:\/\/cetr.net\/es\/wp-json\/wp\/v2\/users\/1"}],"replies":[{"embeddable":true,"href":"https:\/\/cetr.net\/es\/wp-json\/wp\/v2\/comments?post=16000"}],"version-history":[{"count":4,"href":"https:\/\/cetr.net\/es\/wp-json\/wp\/v2\/pages\/16000\/revisions"}],"predecessor-version":[{"id":62247,"href":"https:\/\/cetr.net\/es\/wp-json\/wp\/v2\/pages\/16000\/revisions\/62247"}],"wp:attachment":[{"href":"https:\/\/cetr.net\/es\/wp-json\/wp\/v2\/media?parent=16000"}],"curies":[{"name":"wp","href":"https:\/\/api.w.org\/{rel}","templated":true}]}}