{"id":16002,"date":"2016-03-14T13:48:01","date_gmt":"2016-03-14T12:48:01","guid":{"rendered":"http:\/\/cetr.net\/?page_id=16002&#038;lang=es"},"modified":"2016-06-14T13:49:20","modified_gmt":"2016-06-14T11:49:20","slug":"investigacion","status":"publish","type":"page","link":"https:\/\/cetr.net\/es\/investigacion\/","title":{"rendered":"Investigaci\u00f3n"},"content":{"rendered":"<div class=\"wpb-content-wrapper\">[vc_row center_row=\u00bb\u00bb][vc_column]<div class=\"vcex-module vcex-blog-grid-wrap wpex-clr\"><div class=\"wpex-row vcex-blog-grid wpex-clr entries left-thumbs\"><div class=\"vcex-blog-entry vcex-grid-item entry-has-details span_1_of_1 col-1 col entry post-59064 type-post has-media cat-222 translation_priority-535\"><div class=\"vcex-blog-entry-inner entry-inner wpex-first-mt-0 wpex-last-mb-0 wpex-md-flex wpex-md-flex-wrap wpex-md-justify-between\"><div class=\"vcex-blog-entry-media entry-media wpex-relative wpex-mb-20 wpex-md-mb-0\"><a href=\"https:\/\/cetr.net\/es\/didactica-y-cualidad-humana\/\" title=\"Did\u00e1ctica y cualidad humana\"><img width=\"1910\" height=\"1272\" src=\"https:\/\/cetr.net\/wp-content\/uploads\/2016\/06\/FOTO-GRUP-DE-RECERDCA-EDUCACI\u00cd.jpg\" class=\"vcex-blog-entry-img wpex-align-middle\" alt=\"\" loading=\"lazy\" decoding=\"async\" srcset=\"https:\/\/cetr.net\/wp-content\/uploads\/2016\/06\/FOTO-GRUP-DE-RECERDCA-EDUCACI\u00cd.jpg 1910w, https:\/\/cetr.net\/wp-content\/uploads\/2016\/06\/FOTO-GRUP-DE-RECERDCA-EDUCACI\u00cd-300x200.jpg 300w, https:\/\/cetr.net\/wp-content\/uploads\/2016\/06\/FOTO-GRUP-DE-RECERDCA-EDUCACI\u00cd-768x511.jpg 768w, https:\/\/cetr.net\/wp-content\/uploads\/2016\/06\/FOTO-GRUP-DE-RECERDCA-EDUCACI\u00cd-1024x682.jpg 1024w\" sizes=\"auto, (max-width: 1910px) 100vw, 1910px\" \/><\/a><\/div><div class=\"vcex-blog-entry-details entry-details wpex-first-mt-0 wpex-last-mb-0 wpex-clr\"><h2 class=\"vcex-blog-entry-title entry-title wpex-text-2xl wpex-mb-5\"><a href=\"https:\/\/cetr.net\/es\/didactica-y-cualidad-humana\/\">Did\u00e1ctica y cualidad humana<\/a><\/h2><div class=\"vcex-blog-entry-excerpt entry-excerpt wpex-my-15 wpex-text-pretty wpex-last-mb-0 wpex-clr\"><p>Grup de treball estable interessat en abordar aspectes pedag\u00f2gics del desenvolupament de la qualitat humana, de cara a afavorir el creixement interior de criatures i joves.  \r\nFormat per persones relacionades amb el m\u00f3n educatiu, poc a poc s\u2019ha anat generant materials, reflexions, propostes pr\u00e0ctiques i... nous interrogants!<\/p><\/div><div class=\"vcex-blog-entry-readmore-wrap entry-readmore-wrap wpex-my-15 wpex-clr\"><a href=\"https:\/\/cetr.net\/es\/didactica-y-cualidad-humana\/\" class=\"entry-readmore theme-button\" aria-label=\"Investigaciones about Did\u00e1ctica y cualidad humana\">Investigaciones<\/a><\/div><\/div><\/div><\/div><div class=\"vcex-blog-entry vcex-grid-item entry-has-details span_1_of_1 col-1 col entry post-58947 type-post has-media cat-222\"><div class=\"vcex-blog-entry-inner entry-inner wpex-first-mt-0 wpex-last-mb-0 wpex-md-flex wpex-md-flex-wrap wpex-md-justify-between\"><div class=\"vcex-blog-entry-media entry-media wpex-relative wpex-mb-20 wpex-md-mb-0\"><a href=\"https:\/\/cetr.net\/es\/encuentros-internacionales\/\" title=\"Encuentros internacionales\"><img width=\"567\" height=\"380\" src=\"https:\/\/cetr.net\/wp-content\/uploads\/2016\/06\/Encontres-internacionals.jpg\" class=\"vcex-blog-entry-img wpex-align-middle\" alt=\"Encontres internacionals\" loading=\"lazy\" decoding=\"async\" srcset=\"https:\/\/cetr.net\/wp-content\/uploads\/2016\/06\/Encontres-internacionals.jpg 567w, https:\/\/cetr.net\/wp-content\/uploads\/2016\/06\/Encontres-internacionals-300x201.jpg 300w\" sizes=\"auto, (max-width: 567px) 100vw, 567px\" \/><\/a><\/div><div class=\"vcex-blog-entry-details entry-details wpex-first-mt-0 wpex-last-mb-0 wpex-clr\"><h2 class=\"vcex-blog-entry-title entry-title wpex-text-2xl wpex-mb-5\"><a href=\"https:\/\/cetr.net\/es\/encuentros-internacionales\/\">Encuentros internacionales<\/a><\/h2><div class=\"vcex-blog-entry-excerpt entry-excerpt wpex-my-15 wpex-text-pretty wpex-last-mb-0 wpex-clr\"><p>Desde 2004 organizamos un Encuentro anual con un grupo estable de colaboradores iberoamericanos profesores universitarios con los que mantenemos un contacto semanal a trav\u00e9s de videoconferencia.\r\nEstos Encuentros tienen por objetivo favorecer la reflexi\u00f3n sobre los impactos del avance de las sociedades de innovaci\u00f3n continua en las religiones institucionalizadas, centr\u00e1ndose en las transformaciones que produce en los \u00e1mbitos valorales. Como consecuencia se proponen reflexionar sobre c\u00f3mo favorecer el cultivo de la calidad humana en el nuevo escenario cultural como fundamental para su buena conducci\u00f3n.<\/p><\/div><div class=\"vcex-blog-entry-readmore-wrap entry-readmore-wrap wpex-my-15 wpex-clr\"><a href=\"https:\/\/cetr.net\/es\/encuentros-internacionales\/\" class=\"entry-readmore theme-button\" aria-label=\"Investigaciones about Encuentros internacionales\">Investigaciones<\/a><\/div><\/div><\/div><\/div><div class=\"vcex-blog-entry vcex-grid-item entry-has-details span_1_of_1 col-1 col entry post-58945 type-post has-media cat-222 translation_priority-535\"><div class=\"vcex-blog-entry-inner entry-inner wpex-first-mt-0 wpex-last-mb-0 wpex-md-flex wpex-md-flex-wrap wpex-md-justify-between\"><div class=\"vcex-blog-entry-media entry-media wpex-relative wpex-mb-20 wpex-md-mb-0\"><a href=\"https:\/\/cetr.net\/es\/grupo-de-investigacion-sobre-cualidad-humana\/\" title=\"Grupo de investigaci\u00f3n sobre cualidad humana\"><img width=\"567\" height=\"173\" src=\"https:\/\/cetr.net\/wp-content\/uploads\/2016\/06\/Grup-d\u2019investigaci\u00f3-sobre-qualitat-humana.jpg\" class=\"vcex-blog-entry-img wpex-align-middle\" alt=\"Grup d\u2019investigaci\u00f3 sobre qualitat humana\" loading=\"lazy\" decoding=\"async\" srcset=\"https:\/\/cetr.net\/wp-content\/uploads\/2016\/06\/Grup-d\u2019investigaci\u00f3-sobre-qualitat-humana.jpg 567w, https:\/\/cetr.net\/wp-content\/uploads\/2016\/06\/Grup-d\u2019investigaci\u00f3-sobre-qualitat-humana-300x92.jpg 300w\" sizes=\"auto, (max-width: 567px) 100vw, 567px\" \/><\/a><\/div><div class=\"vcex-blog-entry-details entry-details wpex-first-mt-0 wpex-last-mb-0 wpex-clr\"><h2 class=\"vcex-blog-entry-title entry-title wpex-text-2xl wpex-mb-5\"><a href=\"https:\/\/cetr.net\/es\/grupo-de-investigacion-sobre-cualidad-humana\/\">Grupo de investigaci\u00f3n sobre cualidad humana<\/a><\/h2><div class=\"vcex-blog-entry-excerpt entry-excerpt wpex-my-15 wpex-text-pretty wpex-last-mb-0 wpex-clr\"><p>Aqu\u00ed se encuentran reflexiones abordando puntos concretos de la cualidad humana y su cultivo a partir del estudio de grandes autores que hablaron de ella.\r\n\r\nEntendemos por \u2018cualidad humana\u2019 nuestra capacidad de tener un acceso tanto a lo que tiene que ver con nuestras necesidades, como a lo que es gratuito respecto a esas necesidades. Nuestra condici\u00f3n de vivientes constituidos por el habla nos posibilita esa doble condici\u00f3n de la cualidad humana.\r\n\r\nEQUIPO INVESTIGADOR\r\nM. Corb\u00ed, director del equipo, es doctor en Filosof\u00eda, epistem\u00f3logo\r\nJ. Agust\u00ed, doctor en Ciencias F\u00edsicas\r\nJ. M. Bobadilla graduado en Sociolog\u00eda con menci\u00f3n en Cultura y cursando m\u00e1ster en Comunicaci\u00f3n, Cultura, Sociedad y Pol\u00edtica.\r\nM. Cucarull, licenciada en Ciencias Qu\u00edmicas y en Farmacia\r\nR. Garc\u00eda Ferrer, doctor en Antropolog\u00eda, m\u00e1ster en Investigaci\u00f3n Etnogr\u00e1fica, y arquitecto t\u00e9cnico.\r\nT.Guardans, doctora en Humanidades, licenciada en Filolog\u00eda\r\nF. Torradeflot, doctor en Teolog\u00eda, licenciado en Historia de las Religiones (Lovaina) y en Filosof\u00eda\r\nM. Gran\u00e9s, licenciada en Estudios de Asia Oriental, m\u00e1ster en Humanidades, doctoranda en Ciencias de la Religi\u00f3n, Ingeniero T\u00e9cnico Agr\u00edcola\r\nM. Macau, licenciada en Medicina\r\nQ. Prat i Pubill licenciada en Direcci\u00f3n y Administraci\u00f3n de Empresas y MBA por ESADE, m\u00e1ster CEMS, m\u00e1ster de investigaci\u00f3n por ESADE. Doctoranda en ESADE\r\nO. Puigardeu licenciado en Psicolog\u00eda<\/p><\/div><div class=\"vcex-blog-entry-readmore-wrap entry-readmore-wrap wpex-my-15 wpex-clr\"><a href=\"https:\/\/cetr.net\/es\/grupo-de-investigacion-sobre-cualidad-humana\/\" class=\"entry-readmore theme-button\" aria-label=\"Investigaciones about Grupo de investigaci\u00f3n sobre cualidad humana\">Investigaciones<\/a><\/div><\/div><\/div><\/div><div class=\"vcex-blog-entry vcex-grid-item entry-has-details span_1_of_1 col-1 col entry post-58942 type-post has-media cat-222 translation_priority-535\"><div class=\"vcex-blog-entry-inner entry-inner wpex-first-mt-0 wpex-last-mb-0 wpex-md-flex wpex-md-flex-wrap wpex-md-justify-between\"><div class=\"vcex-blog-entry-media entry-media wpex-relative wpex-mb-20 wpex-md-mb-0\"><a href=\"https:\/\/cetr.net\/es\/grupo-de-investigacion-sobre-lo-axiologico-humano\/\" title=\"Grupo de investigaci\u00f3n sobre lo axiol\u00f3gico humano\"><img width=\"567\" height=\"253\" src=\"https:\/\/cetr.net\/wp-content\/uploads\/2016\/06\/grups-dinvestigaci\u00f3.jpg\" class=\"vcex-blog-entry-img wpex-align-middle\" alt=\"grups d&#039;investigaci\u00f3\" loading=\"lazy\" decoding=\"async\" srcset=\"https:\/\/cetr.net\/wp-content\/uploads\/2016\/06\/grups-dinvestigaci\u00f3.jpg 567w, https:\/\/cetr.net\/wp-content\/uploads\/2016\/06\/grups-dinvestigaci\u00f3-300x134.jpg 300w\" sizes=\"auto, (max-width: 567px) 100vw, 567px\" \/><\/a><\/div><div class=\"vcex-blog-entry-details entry-details wpex-first-mt-0 wpex-last-mb-0 wpex-clr\"><h2 class=\"vcex-blog-entry-title entry-title wpex-text-2xl wpex-mb-5\"><a href=\"https:\/\/cetr.net\/es\/grupo-de-investigacion-sobre-lo-axiologico-humano\/\">Grupo de investigaci\u00f3n sobre lo axiol\u00f3gico humano<\/a><\/h2><div class=\"vcex-blog-entry-excerpt entry-excerpt wpex-my-15 wpex-text-pretty wpex-last-mb-0 wpex-clr\"><p>Aqu\u00ed encontrareis trabajos del grupo que estudia la construcci\u00f3n de proyectos motivadores i cohesionadores de colectivos des de la perspectiva de los principios de epistemolog\u00eda axiol\u00f3gica de M.Corb\u00ed.\r\n\r\nEn la mida que valor se concibe como algo intr\u00ednseco a la naturaleza humana, quiere decir que se trata de algo fijado, y como tal incapaz de adaptarse a una situaci\u00f3n de cambio continuo como es la sociedad actual que vive de la innovaci\u00f3n constante. Es por ello que el objeto de nuestro estudio se orienta hacia lo que tiene que ver con la motivaci\u00f3n a nivel colectivo como intr\u00ednsecamente relacionado con la forma de sobrevivir el grupo y por tanto susceptible de cambiar. Lo calificamos como axiol\u00f3gico y lo tratamos como construcci\u00f3n humana. Mientras que el valor se descubre lo axiol\u00f3gico se construye.\r\n\r\nEQUIPO INVESTIGADOR\r\nM. Corb\u00ed, director del equipo, es Dr. en Filosof\u00eda, epistem\u00f3logo.\r\nJ. Agust\u00ed, doctor en Ciencias F\u00edsicas\r\nJ.M. Bobadilla graduado en Sociolog\u00eda con menci\u00f3n en Cultura y realizando m\u00e1ster en Comunicaci\u00f3n, Cultura, Sociedad y Pol\u00edtica.\r\nM. Cucarull, licenciada en Ciencias Qu\u00edmicas y en Farmacia\r\nR. Garc\u00eda Ferrer, doctor en Antropolog\u00eda, master en Investigaci\u00f3n Etnogr\u00e1fica, y Arquitecto T\u00e9cnico.\r\nF. Torradeflot, doctor en Teolog\u00eda, licenciado en Historia de las Religiones (Lovaina) y en Filosof\u00eda,\r\nM. Gran\u00e9s, licenciada en Estudios de Asia Oriental, master en Humanidades, doctoranda en Ciencias de la Religi\u00f3n, Ingeniero T\u00e9cnico Agr\u00edcola\r\nM. Macau, licenciada en Medicina\r\nS.N. Osorio, pregrado en Humanidades, Filosof\u00eda y Teolog\u00eda, doctorando en Teolog\u00eda (Colombia)\r\nQ. Prat i Pubill licenciada en Direcci\u00f3n y Administraci\u00f3n de Empresas y MBA por ESADE, master CEMS, master de investigaci\u00f3n por ESADE. Doctoranda en ESADE\r\nJ.A. Robles, doctor en Sociolog\u00eda, licenciado en Filosof\u00eda y en Teolog\u00eda (Costa Rica)\r\nF. Senra, doctor en Filosof\u00eda y m\u00e1ster en Ciencias de la Religi\u00f3n (Brasil)<\/p><\/div><div class=\"vcex-blog-entry-readmore-wrap entry-readmore-wrap wpex-my-15 wpex-clr\"><a href=\"https:\/\/cetr.net\/es\/grupo-de-investigacion-sobre-lo-axiologico-humano\/\" class=\"entry-readmore theme-button\" aria-label=\"Investigaciones about Grupo de investigaci\u00f3n sobre lo axiol\u00f3gico humano\">Investigaciones<\/a><\/div><\/div><\/div><\/div><\/div><\/div>[\/vc_column][\/vc_row]\n<\/div>","protected":false},"excerpt":{"rendered":"<p>[vc_row center_row=\u00bb\u00bb][vc_column][\/vc_column][\/vc_row]<\/p>\n","protected":false},"author":1,"featured_media":0,"parent":0,"menu_order":0,"comment_status":"closed","ping_status":"closed","template":"","meta":{"_acf_changed":false,"footnotes":""},"class_list":["post-16002","page","type-page","status-publish","hentry","entry","has-media"],"acf":[],"_links":{"self":[{"href":"https:\/\/cetr.net\/es\/wp-json\/wp\/v2\/pages\/16002","targetHints":{"allow":["GET"]}}],"collection":[{"href":"https:\/\/cetr.net\/es\/wp-json\/wp\/v2\/pages"}],"about":[{"href":"https:\/\/cetr.net\/es\/wp-json\/wp\/v2\/types\/page"}],"author":[{"embeddable":true,"href":"https:\/\/cetr.net\/es\/wp-json\/wp\/v2\/users\/1"}],"replies":[{"embeddable":true,"href":"https:\/\/cetr.net\/es\/wp-json\/wp\/v2\/comments?post=16002"}],"version-history":[{"count":8,"href":"https:\/\/cetr.net\/es\/wp-json\/wp\/v2\/pages\/16002\/revisions"}],"predecessor-version":[{"id":59029,"href":"https:\/\/cetr.net\/es\/wp-json\/wp\/v2\/pages\/16002\/revisions\/59029"}],"wp:attachment":[{"href":"https:\/\/cetr.net\/es\/wp-json\/wp\/v2\/media?parent=16002"}],"curies":[{"name":"wp","href":"https:\/\/api.w.org\/{rel}","templated":true}]}}