{"id":16004,"date":"2016-03-14T13:49:15","date_gmt":"2016-03-14T12:49:15","guid":{"rendered":"http:\/\/cetr.net\/?page_id=16004&#038;lang=es"},"modified":"2017-03-16T17:55:11","modified_gmt":"2017-03-16T16:55:11","slug":"practicas","status":"publish","type":"page","link":"https:\/\/cetr.net\/es\/practicas\/","title":{"rendered":"Pr\u00e1cticas"},"content":{"rendered":"<div class=\"wpb-content-wrapper\">[vc_row center_row=\u00bb\u00bb][vc_column]<div class=\"vcex-module vcex-blog-grid-wrap wpex-clr img_cabecera\"><div class=\"wpex-row vcex-blog-grid wpex-clr entries\"><div class=\"vcex-blog-entry vcex-grid-item entry-has-details span_1_of_3 col-1 col entry post-71861 type-post has-media cat-504 cat-162 cat-146 cat-225 cat-164 cat-165 translation_priority-535\"><div class=\"vcex-blog-entry-inner entry-inner wpex-first-mt-0 wpex-last-mb-0 wpex-clr\"><div class=\"vcex-blog-entry-media entry-media wpex-relative\"><a href=\"https:\/\/cetr.net\/es\/cap-de-setmana-sobre-sankara-textos-per-una-practica\/\" title=\"Fin de Semana sobre Sankara &#8211; textos pera una pr\u00e1ctica\"><img width=\"630\" height=\"369\" src=\"https:\/\/cetr.net\/wp-content\/uploads\/2023\/07\/sddefault.jpg\" class=\"vcex-blog-entry-img wpex-align-middle\" alt=\"\" loading=\"lazy\" decoding=\"async\" srcset=\"https:\/\/cetr.net\/wp-content\/uploads\/2023\/07\/sddefault.jpg 630w, https:\/\/cetr.net\/wp-content\/uploads\/2023\/07\/sddefault-300x176.jpg 300w\" sizes=\"auto, (max-width: 630px) 100vw, 630px\" \/><\/a><\/div><div class=\"vcex-blog-entry-details entry-details wpex-bordered wpex-first-mt-0 wpex-last-mb-0 wpex-clr\"><h2 class=\"vcex-blog-entry-title entry-title wpex-mb-5\"><a href=\"https:\/\/cetr.net\/es\/cap-de-setmana-sobre-sankara-textos-per-una-practica\/\">Fin de Semana sobre Sankara &#8211; textos pera una pr\u00e1ctica<\/a><\/h2><div class=\"vcex-blog-entry-excerpt entry-excerpt wpex-my-15 wpex-text-pretty wpex-last-mb-0 wpex-clr\"><p>Os dejamos una peque\u00f1a selecci\u00f3n de textos extra\u00eddos de la joya suprema del discernimiento de Sanaka pera poder meditar y trabajar.\r\n<\/p><\/div><div class=\"vcex-blog-entry-readmore-wrap entry-readmore-wrap wpex-my-15 wpex-clr\"><a href=\"https:\/\/cetr.net\/es\/cap-de-setmana-sobre-sankara-textos-per-una-practica\/\" class=\"entry-readmore theme-button\" aria-label=\"Acceder a las pr\u00e1cticas about Fin de Semana sobre Sankara &#8211; textos pera una pr\u00e1ctica\">Acceder a las pr\u00e1cticas<\/a><\/div><\/div><\/div><\/div><div class=\"vcex-blog-entry vcex-grid-item entry-has-details span_1_of_3 col-2 col entry post-71848 type-post has-media cat-504 cat-162 cat-146 cat-451 cat-447 cat-225 cat-164 cat-450 cat-165 translation_priority-535\"><div class=\"vcex-blog-entry-inner entry-inner wpex-first-mt-0 wpex-last-mb-0 wpex-clr\"><div class=\"vcex-blog-entry-media entry-media wpex-relative\"><a href=\"https:\/\/cetr.net\/es\/cap-de-setmana-amb-meditacions-de-nisargadatta\/\" title=\"Fin de semana sobre las Meditacions de Nisargadatta\"><img width=\"827\" height=\"472\" src=\"https:\/\/cetr.net\/wp-content\/uploads\/2023\/07\/20-CS-Nisargadatta-ESP.jpg\" class=\"vcex-blog-entry-img wpex-align-middle\" alt=\"\" loading=\"lazy\" decoding=\"async\" srcset=\"https:\/\/cetr.net\/wp-content\/uploads\/2023\/07\/20-CS-Nisargadatta-ESP.jpg 827w, https:\/\/cetr.net\/wp-content\/uploads\/2023\/07\/20-CS-Nisargadatta-ESP-300x171.jpg 300w, https:\/\/cetr.net\/wp-content\/uploads\/2023\/07\/20-CS-Nisargadatta-ESP-768x438.jpg 768w\" sizes=\"auto, (max-width: 827px) 100vw, 827px\" \/><\/a><\/div><div class=\"vcex-blog-entry-details entry-details wpex-bordered wpex-first-mt-0 wpex-last-mb-0 wpex-clr\"><h2 class=\"vcex-blog-entry-title entry-title wpex-mb-5\"><a href=\"https:\/\/cetr.net\/es\/cap-de-setmana-amb-meditacions-de-nisargadatta\/\">Fin de semana sobre las Meditacions de Nisargadatta<\/a><\/h2><div class=\"vcex-blog-entry-excerpt entry-excerpt wpex-my-15 wpex-text-pretty wpex-last-mb-0 wpex-clr\"><p><span class=\"autor\">CETR<\/span> En este fin de semana hemos trabajado sobre el libro Meditaciones de Nisargadatta. Aqu\u00ed encontrareis los siete ejercicios.<\/p><\/div><div class=\"vcex-blog-entry-readmore-wrap entry-readmore-wrap wpex-my-15 wpex-clr\"><a href=\"https:\/\/cetr.net\/es\/cap-de-setmana-amb-meditacions-de-nisargadatta\/\" class=\"entry-readmore theme-button\" aria-label=\"Acceder a las pr\u00e1cticas about Fin de semana sobre las Meditacions de Nisargadatta\">Acceder a las pr\u00e1cticas<\/a><\/div><\/div><\/div><\/div><div class=\"vcex-blog-entry vcex-grid-item entry-has-details span_1_of_3 col-3 col entry post-62110 type-post has-media cat-497 cat-163 cat-225 cat-146\"><div class=\"vcex-blog-entry-inner entry-inner wpex-first-mt-0 wpex-last-mb-0 wpex-clr\"><div class=\"vcex-blog-entry-media entry-media wpex-relative\"><a href=\"https:\/\/cetr.net\/es\/meditando-con-hakim-sanai-el-jardin-amurallado-de-la-verdad\/\" title=\"Meditando con la tradici\u00f3n del Islam\"><img width=\"420\" height=\"253\" src=\"https:\/\/cetr.net\/wp-content\/uploads\/2017\/03\/jardin.png\" class=\"vcex-blog-entry-img wpex-align-middle\" alt=\"\" loading=\"lazy\" decoding=\"async\" srcset=\"https:\/\/cetr.net\/wp-content\/uploads\/2017\/03\/jardin.png 420w, https:\/\/cetr.net\/wp-content\/uploads\/2017\/03\/jardin-300x181.png 300w\" sizes=\"auto, (max-width: 420px) 100vw, 420px\" \/><\/a><\/div><div class=\"vcex-blog-entry-details entry-details wpex-bordered wpex-first-mt-0 wpex-last-mb-0 wpex-clr\"><h2 class=\"vcex-blog-entry-title entry-title wpex-mb-5\"><a href=\"https:\/\/cetr.net\/es\/meditando-con-hakim-sanai-el-jardin-amurallado-de-la-verdad\/\">Meditando con la tradici\u00f3n del Islam<\/a><\/h2><div class=\"vcex-blog-entry-excerpt entry-excerpt wpex-my-15 wpex-text-pretty wpex-last-mb-0 wpex-clr\"><p>1.- El ego El ego es un sirviente en su desfile, la raz\u00f3n un ni\u00f1o&hellip;<\/p><\/div><div class=\"vcex-blog-entry-readmore-wrap entry-readmore-wrap wpex-my-15 wpex-clr\"><a href=\"https:\/\/cetr.net\/es\/meditando-con-hakim-sanai-el-jardin-amurallado-de-la-verdad\/\" class=\"entry-readmore theme-button\" aria-label=\"Acceder a las pr\u00e1cticas about Meditando con la tradici\u00f3n del Islam\">Acceder a las pr\u00e1cticas<\/a><\/div><\/div><\/div><\/div><div class=\"vcex-blog-entry vcex-grid-item entry-has-details span_1_of_3 col-1 col entry post-61943 type-post has-media cat-456 cat-158 cat-145 cat-454 cat-225 cat-146 post_tag-424\"><div class=\"vcex-blog-entry-inner entry-inner wpex-first-mt-0 wpex-last-mb-0 wpex-clr\"><div class=\"vcex-blog-entry-media entry-media wpex-relative\"><a href=\"https:\/\/cetr.net\/es\/el-jardin-amurallado-de-la-verdad\/\" title=\"El jard\u00edn amurallado de la verdad\"><img width=\"688\" height=\"700\" src=\"https:\/\/cetr.net\/wp-content\/uploads\/2017\/01\/Hakim-Sanai.png\" class=\"vcex-blog-entry-img wpex-align-middle\" alt=\"\" loading=\"lazy\" decoding=\"async\" srcset=\"https:\/\/cetr.net\/wp-content\/uploads\/2017\/01\/Hakim-Sanai.png 688w, https:\/\/cetr.net\/wp-content\/uploads\/2017\/01\/Hakim-Sanai-295x300.png 295w, https:\/\/cetr.net\/wp-content\/uploads\/2017\/01\/Hakim-Sanai-50x50.png 50w\" sizes=\"auto, (max-width: 688px) 100vw, 688px\" \/><\/a><\/div><div class=\"vcex-blog-entry-details entry-details wpex-bordered wpex-first-mt-0 wpex-last-mb-0 wpex-clr\"><h2 class=\"vcex-blog-entry-title entry-title wpex-mb-5\"><a href=\"https:\/\/cetr.net\/es\/el-jardin-amurallado-de-la-verdad\/\">El jard\u00edn amurallado de la verdad<\/a><\/h2><div class=\"vcex-blog-entry-excerpt entry-excerpt wpex-my-15 wpex-text-pretty wpex-last-mb-0 wpex-clr\"><p>Peque\u00f1a selecci\u00f3n de textos de Hakim Sanai, poeta m\u00edstico persa, del siglo XII (Afganist\u00e1n). Pertenecen&hellip;<\/p><\/div><div class=\"vcex-blog-entry-readmore-wrap entry-readmore-wrap wpex-my-15 wpex-clr\"><a href=\"https:\/\/cetr.net\/es\/el-jardin-amurallado-de-la-verdad\/\" class=\"entry-readmore theme-button\" aria-label=\"Acceder a las pr\u00e1cticas about El jard\u00edn amurallado de la verdad\">Acceder a las pr\u00e1cticas<\/a><\/div><\/div><\/div><\/div><div class=\"vcex-blog-entry vcex-grid-item entry-has-details span_1_of_3 col-2 col entry post-57851 type-post has-media cat-225 cat-146\"><div class=\"vcex-blog-entry-inner entry-inner wpex-first-mt-0 wpex-last-mb-0 wpex-clr\"><div class=\"vcex-blog-entry-media entry-media wpex-relative\"><a href=\"https:\/\/cetr.net\/es\/algunas-practicas-de-silencio-con-el-ioga-vasishta\/\" title=\"Algunas pr\u00e1cticas de silencio con el Ioga Vasishta\"><img width=\"714\" height=\"533\" src=\"https:\/\/cetr.net\/wp-content\/uploads\/2016\/05\/ioga-vashista.jpg\" class=\"vcex-blog-entry-img wpex-align-middle\" alt=\"\" loading=\"lazy\" decoding=\"async\" srcset=\"https:\/\/cetr.net\/wp-content\/uploads\/2016\/05\/ioga-vashista.jpg 714w, https:\/\/cetr.net\/wp-content\/uploads\/2016\/05\/ioga-vashista-300x224.jpg 300w\" sizes=\"auto, (max-width: 714px) 100vw, 714px\" \/><\/a><\/div><div class=\"vcex-blog-entry-details entry-details wpex-bordered wpex-first-mt-0 wpex-last-mb-0 wpex-clr\"><h2 class=\"vcex-blog-entry-title entry-title wpex-mb-5\"><a href=\"https:\/\/cetr.net\/es\/algunas-practicas-de-silencio-con-el-ioga-vasishta\/\">Algunas pr\u00e1cticas de silencio con el Ioga Vasishta<\/a><\/h2><div class=\"vcex-blog-entry-excerpt entry-excerpt wpex-my-15 wpex-text-pretty wpex-last-mb-0 wpex-clr\"><p>[vc_row][vc_column][\/vc_column][\/vc_row]<\/p><\/div><div class=\"vcex-blog-entry-readmore-wrap entry-readmore-wrap wpex-my-15 wpex-clr\"><a href=\"https:\/\/cetr.net\/es\/algunas-practicas-de-silencio-con-el-ioga-vasishta\/\" class=\"entry-readmore theme-button\" aria-label=\"Acceder a las pr\u00e1cticas about Algunas pr\u00e1cticas de silencio con el Ioga Vasishta\">Acceder a las pr\u00e1cticas<\/a><\/div><\/div><\/div><\/div><div class=\"vcex-blog-entry vcex-grid-item entry-has-details span_1_of_3 col-3 col entry post-57849 type-post has-media cat-225 cat-146\"><div class=\"vcex-blog-entry-inner entry-inner wpex-first-mt-0 wpex-last-mb-0 wpex-clr\"><div class=\"vcex-blog-entry-media entry-media wpex-relative\"><a href=\"https:\/\/cetr.net\/es\/meditando-com-los-upanishads\/\" title=\"Meditando con los Upanishads\"><img width=\"714\" height=\"533\" src=\"https:\/\/cetr.net\/wp-content\/uploads\/2016\/05\/upanishads.jpg\" class=\"vcex-blog-entry-img wpex-align-middle\" alt=\"\" loading=\"lazy\" decoding=\"async\" srcset=\"https:\/\/cetr.net\/wp-content\/uploads\/2016\/05\/upanishads.jpg 714w, https:\/\/cetr.net\/wp-content\/uploads\/2016\/05\/upanishads-300x224.jpg 300w\" sizes=\"auto, (max-width: 714px) 100vw, 714px\" \/><\/a><\/div><div class=\"vcex-blog-entry-details entry-details wpex-bordered wpex-first-mt-0 wpex-last-mb-0 wpex-clr\"><h2 class=\"vcex-blog-entry-title entry-title wpex-mb-5\"><a href=\"https:\/\/cetr.net\/es\/meditando-com-los-upanishads\/\">Meditando con los Upanishads<\/a><\/h2><div class=\"vcex-blog-entry-excerpt entry-excerpt wpex-my-15 wpex-text-pretty wpex-last-mb-0 wpex-clr\"><p>[vc_row][vc_column][\/vc_column][\/vc_row]<\/p><\/div><div class=\"vcex-blog-entry-readmore-wrap entry-readmore-wrap wpex-my-15 wpex-clr\"><a href=\"https:\/\/cetr.net\/es\/meditando-com-los-upanishads\/\" class=\"entry-readmore theme-button\" aria-label=\"Acceder a las pr\u00e1cticas about Meditando con los Upanishads\">Acceder a las pr\u00e1cticas<\/a><\/div><\/div><\/div><\/div><div class=\"vcex-blog-entry vcex-grid-item entry-has-details span_1_of_3 col-1 col entry post-57847 type-post has-media cat-225 cat-146\"><div class=\"vcex-blog-entry-inner entry-inner wpex-first-mt-0 wpex-last-mb-0 wpex-clr\"><div class=\"vcex-blog-entry-media entry-media wpex-relative\"><a href=\"https:\/\/cetr.net\/es\/silencio-desde-la-accion-del-voluntariado-karma-yoga\/\" title=\"Silencio desde la acci\u00f3n del voluntariado (Karma Yoga)\"><img width=\"714\" height=\"533\" src=\"https:\/\/cetr.net\/wp-content\/uploads\/2016\/05\/silenci-des-de-lacci\u00f3.jpg\" class=\"vcex-blog-entry-img wpex-align-middle\" alt=\"\" loading=\"lazy\" decoding=\"async\" srcset=\"https:\/\/cetr.net\/wp-content\/uploads\/2016\/05\/silenci-des-de-lacci\u00f3.jpg 714w, https:\/\/cetr.net\/wp-content\/uploads\/2016\/05\/silenci-des-de-lacci\u00f3-300x224.jpg 300w\" sizes=\"auto, (max-width: 714px) 100vw, 714px\" \/><\/a><\/div><div class=\"vcex-blog-entry-details entry-details wpex-bordered wpex-first-mt-0 wpex-last-mb-0 wpex-clr\"><h2 class=\"vcex-blog-entry-title entry-title wpex-mb-5\"><a href=\"https:\/\/cetr.net\/es\/silencio-desde-la-accion-del-voluntariado-karma-yoga\/\">Silencio desde la acci\u00f3n del voluntariado (Karma Yoga)<\/a><\/h2><div class=\"vcex-blog-entry-excerpt entry-excerpt wpex-my-15 wpex-text-pretty wpex-last-mb-0 wpex-clr\"><p>[vc_row][vc_column][\/vc_column][\/vc_row]<\/p><\/div><div class=\"vcex-blog-entry-readmore-wrap entry-readmore-wrap wpex-my-15 wpex-clr\"><a href=\"https:\/\/cetr.net\/es\/silencio-desde-la-accion-del-voluntariado-karma-yoga\/\" class=\"entry-readmore theme-button\" aria-label=\"Acceder a las pr\u00e1cticas about Silencio desde la acci\u00f3n del voluntariado (Karma Yoga)\">Acceder a las pr\u00e1cticas<\/a><\/div><\/div><\/div><\/div><div class=\"vcex-blog-entry vcex-grid-item entry-has-details span_1_of_3 col-2 col entry post-57845 type-post has-media cat-225 cat-146\"><div class=\"vcex-blog-entry-inner entry-inner wpex-first-mt-0 wpex-last-mb-0 wpex-clr\"><div class=\"vcex-blog-entry-media entry-media wpex-relative\"><a href=\"https:\/\/cetr.net\/es\/practicas-de-concentracion-raja-yoga\/\" title=\"Pr\u00e1cticas de concentraci\u00f3n (Raja Yoga)\"><img width=\"714\" height=\"533\" src=\"https:\/\/cetr.net\/wp-content\/uploads\/2016\/05\/practicas-de-concentraci\u00f3n.jpg\" class=\"vcex-blog-entry-img wpex-align-middle\" alt=\"\" loading=\"lazy\" decoding=\"async\" srcset=\"https:\/\/cetr.net\/wp-content\/uploads\/2016\/05\/practicas-de-concentraci\u00f3n.jpg 714w, https:\/\/cetr.net\/wp-content\/uploads\/2016\/05\/practicas-de-concentraci\u00f3n-300x224.jpg 300w\" sizes=\"auto, (max-width: 714px) 100vw, 714px\" \/><\/a><\/div><div class=\"vcex-blog-entry-details entry-details wpex-bordered wpex-first-mt-0 wpex-last-mb-0 wpex-clr\"><h2 class=\"vcex-blog-entry-title entry-title wpex-mb-5\"><a href=\"https:\/\/cetr.net\/es\/practicas-de-concentracion-raja-yoga\/\">Pr\u00e1cticas de concentraci\u00f3n (Raja Yoga)<\/a><\/h2><div class=\"vcex-blog-entry-excerpt entry-excerpt wpex-my-15 wpex-text-pretty wpex-last-mb-0 wpex-clr\"><p>[vc_row][vc_column][\/vc_column][\/vc_row]<\/p><\/div><div class=\"vcex-blog-entry-readmore-wrap entry-readmore-wrap wpex-my-15 wpex-clr\"><a href=\"https:\/\/cetr.net\/es\/practicas-de-concentracion-raja-yoga\/\" class=\"entry-readmore theme-button\" aria-label=\"Acceder a las pr\u00e1cticas about Pr\u00e1cticas de concentraci\u00f3n (Raja Yoga)\">Acceder a las pr\u00e1cticas<\/a><\/div><\/div><\/div><\/div><div class=\"vcex-blog-entry vcex-grid-item entry-has-details span_1_of_3 col-3 col entry post-57843 type-post has-media cat-225 cat-146\"><div class=\"vcex-blog-entry-inner entry-inner wpex-first-mt-0 wpex-last-mb-0 wpex-clr\"><div class=\"vcex-blog-entry-media entry-media wpex-relative\"><a href=\"https:\/\/cetr.net\/es\/silencio-desde-la-mente-jnana-yoga\/\" title=\"Silencio desde la mente (J\u00f1ana Yoga)\"><img width=\"714\" height=\"533\" src=\"https:\/\/cetr.net\/wp-content\/uploads\/2016\/05\/silenci-des-de-la-ment.jpg\" class=\"vcex-blog-entry-img wpex-align-middle\" alt=\"\" loading=\"lazy\" decoding=\"async\" srcset=\"https:\/\/cetr.net\/wp-content\/uploads\/2016\/05\/silenci-des-de-la-ment.jpg 714w, https:\/\/cetr.net\/wp-content\/uploads\/2016\/05\/silenci-des-de-la-ment-300x224.jpg 300w\" sizes=\"auto, (max-width: 714px) 100vw, 714px\" \/><\/a><\/div><div class=\"vcex-blog-entry-details entry-details wpex-bordered wpex-first-mt-0 wpex-last-mb-0 wpex-clr\"><h2 class=\"vcex-blog-entry-title entry-title wpex-mb-5\"><a href=\"https:\/\/cetr.net\/es\/silencio-desde-la-mente-jnana-yoga\/\">Silencio desde la mente (J\u00f1ana Yoga)<\/a><\/h2><div class=\"vcex-blog-entry-excerpt entry-excerpt wpex-my-15 wpex-text-pretty wpex-last-mb-0 wpex-clr\"><p>[vc_row][vc_column][\/vc_column][\/vc_row]<\/p><\/div><div class=\"vcex-blog-entry-readmore-wrap entry-readmore-wrap wpex-my-15 wpex-clr\"><a href=\"https:\/\/cetr.net\/es\/silencio-desde-la-mente-jnana-yoga\/\" class=\"entry-readmore theme-button\" aria-label=\"Acceder a las pr\u00e1cticas about Silencio desde la mente (J\u00f1ana Yoga)\">Acceder a las pr\u00e1cticas<\/a><\/div><\/div><\/div><\/div><div class=\"vcex-blog-entry vcex-grid-item entry-has-details span_1_of_3 col-1 col entry post-57840 type-post has-media cat-225 cat-146\"><div class=\"vcex-blog-entry-inner entry-inner wpex-first-mt-0 wpex-last-mb-0 wpex-clr\"><div class=\"vcex-blog-entry-media entry-media wpex-relative\"><a href=\"https:\/\/cetr.net\/es\/meditacion-silenciosa-en-la-tradicion-cristiana\/\" title=\"Meditaci\u00f3n silenciosa en la tradici\u00f3n cristiana\"><img width=\"714\" height=\"533\" src=\"https:\/\/cetr.net\/wp-content\/uploads\/2016\/05\/meditaci\u00f3-silenciosa.jpg\" class=\"vcex-blog-entry-img wpex-align-middle\" alt=\"\" loading=\"lazy\" decoding=\"async\" srcset=\"https:\/\/cetr.net\/wp-content\/uploads\/2016\/05\/meditaci\u00f3-silenciosa.jpg 714w, https:\/\/cetr.net\/wp-content\/uploads\/2016\/05\/meditaci\u00f3-silenciosa-300x224.jpg 300w\" sizes=\"auto, (max-width: 714px) 100vw, 714px\" \/><\/a><\/div><div class=\"vcex-blog-entry-details entry-details wpex-bordered wpex-first-mt-0 wpex-last-mb-0 wpex-clr\"><h2 class=\"vcex-blog-entry-title entry-title wpex-mb-5\"><a href=\"https:\/\/cetr.net\/es\/meditacion-silenciosa-en-la-tradicion-cristiana\/\">Meditaci\u00f3n silenciosa en la tradici\u00f3n cristiana<\/a><\/h2><div class=\"vcex-blog-entry-excerpt entry-excerpt wpex-my-15 wpex-text-pretty wpex-last-mb-0 wpex-clr\"><p>[vc_row center_row=\"\"][vc_column][\/vc_column][\/vc_row]<\/p><\/div><div class=\"vcex-blog-entry-readmore-wrap entry-readmore-wrap wpex-my-15 wpex-clr\"><a href=\"https:\/\/cetr.net\/es\/meditacion-silenciosa-en-la-tradicion-cristiana\/\" class=\"entry-readmore theme-button\" aria-label=\"Acceder a las pr\u00e1cticas about Meditaci\u00f3n silenciosa en la tradici\u00f3n cristiana\">Acceder a las pr\u00e1cticas<\/a><\/div><\/div><\/div><\/div><div class=\"vcex-blog-entry vcex-grid-item entry-has-details span_1_of_3 col-2 col entry post-57836 type-post has-media cat-225 cat-146\"><div class=\"vcex-blog-entry-inner entry-inner wpex-first-mt-0 wpex-last-mb-0 wpex-clr\"><div class=\"vcex-blog-entry-media entry-media wpex-relative\"><a href=\"https:\/\/cetr.net\/es\/meditando-con-nisargadatta\/\" title=\"Meditando con Nisargadatta\"><img width=\"714\" height=\"533\" src=\"https:\/\/cetr.net\/wp-content\/uploads\/2016\/05\/nisargadatta.jpg\" class=\"vcex-blog-entry-img wpex-align-middle\" alt=\"\" loading=\"lazy\" decoding=\"async\" srcset=\"https:\/\/cetr.net\/wp-content\/uploads\/2016\/05\/nisargadatta.jpg 714w, https:\/\/cetr.net\/wp-content\/uploads\/2016\/05\/nisargadatta-300x224.jpg 300w\" sizes=\"auto, (max-width: 714px) 100vw, 714px\" \/><\/a><\/div><div class=\"vcex-blog-entry-details entry-details wpex-bordered wpex-first-mt-0 wpex-last-mb-0 wpex-clr\"><h2 class=\"vcex-blog-entry-title entry-title wpex-mb-5\"><a href=\"https:\/\/cetr.net\/es\/meditando-con-nisargadatta\/\">Meditando con Nisargadatta<\/a><\/h2><div class=\"vcex-blog-entry-excerpt entry-excerpt wpex-my-15 wpex-text-pretty wpex-last-mb-0 wpex-clr\"><p>[vc_row center_row=\"\"][vc_column][\/vc_column][\/vc_row]<\/p><\/div><div class=\"vcex-blog-entry-readmore-wrap entry-readmore-wrap wpex-my-15 wpex-clr\"><a href=\"https:\/\/cetr.net\/es\/meditando-con-nisargadatta\/\" class=\"entry-readmore theme-button\" aria-label=\"Acceder a las pr\u00e1cticas about Meditando con Nisargadatta\">Acceder a las pr\u00e1cticas<\/a><\/div><\/div><\/div><\/div><div class=\"vcex-blog-entry vcex-grid-item entry-has-details span_1_of_3 col-3 col entry post-57829 type-post has-media cat-225 cat-146\"><div class=\"vcex-blog-entry-inner entry-inner wpex-first-mt-0 wpex-last-mb-0 wpex-clr\"><div class=\"vcex-blog-entry-media entry-media wpex-relative\"><a href=\"https:\/\/cetr.net\/es\/meditaciones-con-textos-de-viaje-a-ixtlan-de-carlos-castaneda\/\" title=\"Meditaciones con textos de \u00abViaje a Ixtlan\u00bb, de Carlos Castaneda\"><img width=\"714\" height=\"533\" src=\"https:\/\/cetr.net\/wp-content\/uploads\/2016\/03\/itxlan.jpg\" class=\"vcex-blog-entry-img wpex-align-middle\" alt=\"\" loading=\"lazy\" decoding=\"async\" srcset=\"https:\/\/cetr.net\/wp-content\/uploads\/2016\/03\/itxlan.jpg 714w, https:\/\/cetr.net\/wp-content\/uploads\/2016\/03\/itxlan-300x224.jpg 300w\" sizes=\"auto, (max-width: 714px) 100vw, 714px\" \/><\/a><\/div><div class=\"vcex-blog-entry-details entry-details wpex-bordered wpex-first-mt-0 wpex-last-mb-0 wpex-clr\"><h2 class=\"vcex-blog-entry-title entry-title wpex-mb-5\"><a href=\"https:\/\/cetr.net\/es\/meditaciones-con-textos-de-viaje-a-ixtlan-de-carlos-castaneda\/\">Meditaciones con textos de \u00abViaje a Ixtlan\u00bb, de Carlos Castaneda<\/a><\/h2><div class=\"vcex-blog-entry-excerpt entry-excerpt wpex-my-15 wpex-text-pretty wpex-last-mb-0 wpex-clr\"><p>[vc_row center_row=\"\"][vc_column][\/vc_column][\/vc_row]<\/p><\/div><div class=\"vcex-blog-entry-readmore-wrap entry-readmore-wrap wpex-my-15 wpex-clr\"><a href=\"https:\/\/cetr.net\/es\/meditaciones-con-textos-de-viaje-a-ixtlan-de-carlos-castaneda\/\" class=\"entry-readmore theme-button\" aria-label=\"Acceder a las pr\u00e1cticas about Meditaciones con textos de \u00abViaje a Ixtlan\u00bb, de Carlos Castaneda\">Acceder a las pr\u00e1cticas<\/a><\/div><\/div><\/div><\/div><\/div><\/div>[\/vc_column][\/vc_row]\n<\/div>","protected":false},"excerpt":{"rendered":"<p>[vc_row center_row=\u00bb\u00bb][vc_column][\/vc_column][\/vc_row]<\/p>\n","protected":false},"author":1,"featured_media":61940,"parent":0,"menu_order":0,"comment_status":"closed","ping_status":"closed","template":"","meta":{"_acf_changed":false,"footnotes":""},"class_list":["post-16004","page","type-page","status-publish","has-post-thumbnail","hentry","entry","has-media"],"acf":[],"_links":{"self":[{"href":"https:\/\/cetr.net\/es\/wp-json\/wp\/v2\/pages\/16004","targetHints":{"allow":["GET"]}}],"collection":[{"href":"https:\/\/cetr.net\/es\/wp-json\/wp\/v2\/pages"}],"about":[{"href":"https:\/\/cetr.net\/es\/wp-json\/wp\/v2\/types\/page"}],"author":[{"embeddable":true,"href":"https:\/\/cetr.net\/es\/wp-json\/wp\/v2\/users\/1"}],"replies":[{"embeddable":true,"href":"https:\/\/cetr.net\/es\/wp-json\/wp\/v2\/comments?post=16004"}],"version-history":[{"count":8,"href":"https:\/\/cetr.net\/es\/wp-json\/wp\/v2\/pages\/16004\/revisions"}],"predecessor-version":[{"id":59000,"href":"https:\/\/cetr.net\/es\/wp-json\/wp\/v2\/pages\/16004\/revisions\/59000"}],"wp:featuredmedia":[{"embeddable":true,"href":"https:\/\/cetr.net\/es\/wp-json\/wp\/v2\/media\/61940"}],"wp:attachment":[{"href":"https:\/\/cetr.net\/es\/wp-json\/wp\/v2\/media?parent=16004"}],"curies":[{"name":"wp","href":"https:\/\/api.w.org\/{rel}","templated":true}]}}