{"id":16006,"date":"2016-03-14T13:50:52","date_gmt":"2016-03-14T12:50:52","guid":{"rendered":"http:\/\/cetr.net\/?page_id=16006&#038;lang=es"},"modified":"2016-06-13T18:24:22","modified_gmt":"2016-06-13T16:24:22","slug":"fines-de-semana","status":"publish","type":"page","link":"https:\/\/cetr.net\/es\/fines-de-semana\/","title":{"rendered":"Fines de semana"},"content":{"rendered":"<div class=\"wpb-content-wrapper\">[vc_row center_row=\u00bb\u00bb][vc_column]<div class=\"vcex-module vcex-blog-grid-wrap wpex-clr img_cabecera\"><div class=\"wpex-row vcex-blog-grid wpex-clr entries match-height-grid\"><div class=\"vcex-blog-entry vcex-grid-item entry-has-details span_1_of_3 col-1 col entry post-71861 type-post has-media cat-504 cat-162 cat-146 cat-225 cat-164 cat-165 translation_priority-535\"><div class=\"vcex-blog-entry-inner entry-inner wpex-first-mt-0 wpex-last-mb-0 wpex-clr\"><div class=\"vcex-blog-entry-media entry-media wpex-relative\"><a href=\"https:\/\/cetr.net\/es\/cap-de-setmana-sobre-sankara-textos-per-una-practica\/\" title=\"Fin de Semana sobre Sankara &#8211; textos pera una pr\u00e1ctica\"><img width=\"630\" height=\"369\" src=\"https:\/\/cetr.net\/wp-content\/uploads\/2023\/07\/sddefault.jpg\" class=\"vcex-blog-entry-img wpex-align-middle\" alt=\"\" loading=\"lazy\" decoding=\"async\" srcset=\"https:\/\/cetr.net\/wp-content\/uploads\/2023\/07\/sddefault.jpg 630w, https:\/\/cetr.net\/wp-content\/uploads\/2023\/07\/sddefault-300x176.jpg 300w\" sizes=\"auto, (max-width: 630px) 100vw, 630px\" \/><\/a><\/div><div class=\"vcex-blog-entry-details entry-details wpex-bordered wpex-first-mt-0 wpex-last-mb-0 wpex-clr\"><div class=\"match-height-content\"><h2 class=\"vcex-blog-entry-title entry-title wpex-mb-5\"><a href=\"https:\/\/cetr.net\/es\/cap-de-setmana-sobre-sankara-textos-per-una-practica\/\">Fin de Semana sobre Sankara &#8211; textos pera una pr\u00e1ctica<\/a><\/h2><div class=\"vcex-blog-entry-excerpt entry-excerpt wpex-my-15 wpex-text-pretty wpex-last-mb-0 wpex-clr\"><p>Os dejamos una peque\u00f1a selecci\u00f3n de textos extra\u00eddos de la joya suprema del discernimiento de Sanaka pera poder meditar y trabajar.\r\n<\/p><\/div><div class=\"vcex-blog-entry-readmore-wrap entry-readmore-wrap wpex-my-15 wpex-clr\"><a href=\"https:\/\/cetr.net\/es\/cap-de-setmana-sobre-sankara-textos-per-una-practica\/\" class=\"entry-readmore theme-button\" aria-label=\"Leer m\u00e1s about Fin de Semana sobre Sankara &#8211; textos pera una pr\u00e1ctica\">Leer m\u00e1s<\/a><\/div><\/div><\/div><\/div><\/div><div class=\"vcex-blog-entry vcex-grid-item entry-has-details span_1_of_3 col-2 col entry post-71848 type-post has-media cat-504 cat-162 cat-146 cat-451 cat-447 cat-225 cat-164 cat-450 cat-165 translation_priority-535\"><div class=\"vcex-blog-entry-inner entry-inner wpex-first-mt-0 wpex-last-mb-0 wpex-clr\"><div class=\"vcex-blog-entry-media entry-media wpex-relative\"><a href=\"https:\/\/cetr.net\/es\/cap-de-setmana-amb-meditacions-de-nisargadatta\/\" title=\"Fin de semana sobre las Meditacions de Nisargadatta\"><img width=\"827\" height=\"472\" src=\"https:\/\/cetr.net\/wp-content\/uploads\/2023\/07\/20-CS-Nisargadatta-ESP.jpg\" class=\"vcex-blog-entry-img wpex-align-middle\" alt=\"\" loading=\"lazy\" decoding=\"async\" srcset=\"https:\/\/cetr.net\/wp-content\/uploads\/2023\/07\/20-CS-Nisargadatta-ESP.jpg 827w, https:\/\/cetr.net\/wp-content\/uploads\/2023\/07\/20-CS-Nisargadatta-ESP-300x171.jpg 300w, https:\/\/cetr.net\/wp-content\/uploads\/2023\/07\/20-CS-Nisargadatta-ESP-768x438.jpg 768w\" sizes=\"auto, (max-width: 827px) 100vw, 827px\" \/><\/a><\/div><div class=\"vcex-blog-entry-details entry-details wpex-bordered wpex-first-mt-0 wpex-last-mb-0 wpex-clr\"><div class=\"match-height-content\"><h2 class=\"vcex-blog-entry-title entry-title wpex-mb-5\"><a href=\"https:\/\/cetr.net\/es\/cap-de-setmana-amb-meditacions-de-nisargadatta\/\">Fin de semana sobre las Meditacions de Nisargadatta<\/a><\/h2><div class=\"vcex-blog-entry-excerpt entry-excerpt wpex-my-15 wpex-text-pretty wpex-last-mb-0 wpex-clr\"><p><span class=\"autor\">CETR<\/span> En este fin de semana hemos trabajado sobre el libro Meditaciones de Nisargadatta. Aqu\u00ed encontrareis los siete ejercicios.<\/p><\/div><div class=\"vcex-blog-entry-readmore-wrap entry-readmore-wrap wpex-my-15 wpex-clr\"><a href=\"https:\/\/cetr.net\/es\/cap-de-setmana-amb-meditacions-de-nisargadatta\/\" class=\"entry-readmore theme-button\" aria-label=\"Leer m\u00e1s about Fin de semana sobre las Meditacions de Nisargadatta\">Leer m\u00e1s<\/a><\/div><\/div><\/div><\/div><\/div><div class=\"vcex-blog-entry vcex-grid-item entry-has-details span_1_of_3 col-3 col entry post-70998 type-post has-media cat-162 cat-146 cat-542 translation_priority-535\"><div class=\"vcex-blog-entry-inner entry-inner wpex-first-mt-0 wpex-last-mb-0 wpex-clr\"><div class=\"vcex-blog-entry-media entry-media wpex-relative\"><a href=\"https:\/\/cetr.net\/es\/17-matinals-amb-maria-corbi\/\" title=\"17. MATINALES CON MARI\u00c0 CORB\u00cd: \u00bfQu\u00e9 dicen las cosas?\"><img width=\"827\" height=\"472\" src=\"https:\/\/cetr.net\/wp-content\/uploads\/2023\/07\/17-MATINAL-ESP.jpg\" class=\"vcex-blog-entry-img wpex-align-middle\" alt=\"\" loading=\"lazy\" decoding=\"async\" srcset=\"https:\/\/cetr.net\/wp-content\/uploads\/2023\/07\/17-MATINAL-ESP.jpg 827w, https:\/\/cetr.net\/wp-content\/uploads\/2023\/07\/17-MATINAL-ESP-300x171.jpg 300w, https:\/\/cetr.net\/wp-content\/uploads\/2023\/07\/17-MATINAL-ESP-768x438.jpg 768w\" sizes=\"auto, (max-width: 827px) 100vw, 827px\" \/><\/a><\/div><div class=\"vcex-blog-entry-details entry-details wpex-bordered wpex-first-mt-0 wpex-last-mb-0 wpex-clr\"><div class=\"match-height-content\"><h2 class=\"vcex-blog-entry-title entry-title wpex-mb-5\"><a href=\"https:\/\/cetr.net\/es\/17-matinals-amb-maria-corbi\/\">17. MATINALES CON MARI\u00c0 CORB\u00cd: \u00bfQu\u00e9 dicen las cosas?<\/a><\/h2><div class=\"vcex-blog-entry-excerpt entry-excerpt wpex-my-15 wpex-text-pretty wpex-last-mb-0 wpex-clr\"><p><span class=\"autor\">Mari\u00e0 Corb\u00ed<\/span>\r\nS\u00e1bado 25 de mayo del 2024\r\nHorario: De 10h a 13h<\/p><\/div><div class=\"vcex-blog-entry-readmore-wrap entry-readmore-wrap wpex-my-15 wpex-clr\"><a href=\"https:\/\/cetr.net\/es\/17-matinals-amb-maria-corbi\/\" class=\"entry-readmore theme-button\" aria-label=\"Leer m\u00e1s about 17. MATINALES CON MARI\u00c0 CORB\u00cd: \u00bfQu\u00e9 dicen las cosas?\">Leer m\u00e1s<\/a><\/div><\/div><\/div><\/div><\/div><div class=\"vcex-blog-entry vcex-grid-item entry-has-details span_1_of_3 col-1 col entry post-66399 type-post has-media cat-162 cat-146 cat-542 translation_priority-535\"><div class=\"vcex-blog-entry-inner entry-inner wpex-first-mt-0 wpex-last-mb-0 wpex-clr\"><div class=\"vcex-blog-entry-media entry-media wpex-relative\"><a href=\"https:\/\/cetr.net\/es\/19-atencion-y-meditacion-practica-orientaciones-y-recursos\/\" title=\"18. ATENCI\u00d3N Y MEDITACI\u00d3N: pr\u00e1ctica, orientaciones y recursos\"><img width=\"600\" height=\"390\" src=\"https:\/\/cetr.net\/wp-content\/uploads\/2020\/07\/18-CS-ATENCIO-ESP.jpg\" class=\"vcex-blog-entry-img wpex-align-middle\" alt=\"\" loading=\"lazy\" decoding=\"async\" srcset=\"https:\/\/cetr.net\/wp-content\/uploads\/2020\/07\/18-CS-ATENCIO-ESP.jpg 600w, https:\/\/cetr.net\/wp-content\/uploads\/2020\/07\/18-CS-ATENCIO-ESP-300x195.jpg 300w\" sizes=\"auto, (max-width: 600px) 100vw, 600px\" \/><\/a><\/div><div class=\"vcex-blog-entry-details entry-details wpex-bordered wpex-first-mt-0 wpex-last-mb-0 wpex-clr\"><div class=\"match-height-content\"><h2 class=\"vcex-blog-entry-title entry-title wpex-mb-5\"><a href=\"https:\/\/cetr.net\/es\/19-atencion-y-meditacion-practica-orientaciones-y-recursos\/\">18. ATENCI\u00d3N Y MEDITACI\u00d3N: pr\u00e1ctica, orientaciones y recursos<\/a><\/h2><div class=\"vcex-blog-entry-excerpt entry-excerpt wpex-my-15 wpex-text-pretty wpex-last-mb-0 wpex-clr\"><p><span class=\"autor\">Maria Fradera - Teresa Guardans<\/span>\r\n28-29 de octubre 2023, 3-4 de febrero y 1-2 de junio 2024<\/p><\/div><div class=\"vcex-blog-entry-readmore-wrap entry-readmore-wrap wpex-my-15 wpex-clr\"><a href=\"https:\/\/cetr.net\/es\/19-atencion-y-meditacion-practica-orientaciones-y-recursos\/\" class=\"entry-readmore theme-button\" aria-label=\"Leer m\u00e1s about 18. ATENCI\u00d3N Y MEDITACI\u00d3N: pr\u00e1ctica, orientaciones y recursos\">Leer m\u00e1s<\/a><\/div><\/div><\/div><\/div><\/div><div class=\"vcex-blog-entry vcex-grid-item entry-has-details span_1_of_3 col-2 col entry post-71001 type-post has-media cat-162 cat-146 cat-542 translation_priority-535\"><div class=\"vcex-blog-entry-inner entry-inner wpex-first-mt-0 wpex-last-mb-0 wpex-clr\"><div class=\"vcex-blog-entry-media entry-media wpex-relative\"><a href=\"https:\/\/cetr.net\/es\/19-cap-de-setmana-sobre-les-meditacions-de-nisargadatta\/\" title=\"19. FIN DE SEMANA SOBRE LES MEDITACIONES DE NISARGADATTA\"><img width=\"827\" height=\"472\" src=\"https:\/\/cetr.net\/wp-content\/uploads\/2023\/07\/20-CS-Nisargadatta-ESP.jpg\" class=\"vcex-blog-entry-img wpex-align-middle\" alt=\"\" loading=\"lazy\" decoding=\"async\" srcset=\"https:\/\/cetr.net\/wp-content\/uploads\/2023\/07\/20-CS-Nisargadatta-ESP.jpg 827w, https:\/\/cetr.net\/wp-content\/uploads\/2023\/07\/20-CS-Nisargadatta-ESP-300x171.jpg 300w, https:\/\/cetr.net\/wp-content\/uploads\/2023\/07\/20-CS-Nisargadatta-ESP-768x438.jpg 768w\" sizes=\"auto, (max-width: 827px) 100vw, 827px\" \/><\/a><\/div><div class=\"vcex-blog-entry-details entry-details wpex-bordered wpex-first-mt-0 wpex-last-mb-0 wpex-clr\"><div class=\"match-height-content\"><h2 class=\"vcex-blog-entry-title entry-title wpex-mb-5\"><a href=\"https:\/\/cetr.net\/es\/19-cap-de-setmana-sobre-les-meditacions-de-nisargadatta\/\">19. FIN DE SEMANA SOBRE LES MEDITACIONES DE NISARGADATTA<\/a><\/h2><div class=\"vcex-blog-entry-excerpt entry-excerpt wpex-my-15 wpex-text-pretty wpex-last-mb-0 wpex-clr\"><p><span class=\"autor\">Mari\u00e0 Corb\u00ed - Marta Gran\u00e9s - Montse Cucarull<\/span> Fecha: 6-7 de abril de 2024<\/p><\/div><div class=\"vcex-blog-entry-readmore-wrap entry-readmore-wrap wpex-my-15 wpex-clr\"><a href=\"https:\/\/cetr.net\/es\/19-cap-de-setmana-sobre-les-meditacions-de-nisargadatta\/\" class=\"entry-readmore theme-button\" aria-label=\"Leer m\u00e1s about 19. FIN DE SEMANA SOBRE LES MEDITACIONES DE NISARGADATTA\">Leer m\u00e1s<\/a><\/div><\/div><\/div><\/div><\/div><div class=\"vcex-blog-entry vcex-grid-item entry-has-details span_1_of_3 col-3 col entry post-71004 type-post has-media cat-162 cat-146 cat-542 translation_priority-535\"><div class=\"vcex-blog-entry-inner entry-inner wpex-first-mt-0 wpex-last-mb-0 wpex-clr\"><div class=\"vcex-blog-entry-media entry-media wpex-relative\"><a href=\"https:\/\/cetr.net\/es\/20-cap-de-setmana-sobre-el-mestre-eckhart\/\" title=\"20. FIN DE SEMANA \u00abESTO ES BRAHMAN Y ESTO ERES TU\u00bb. Una afirmaci\u00f3n en el Viveka Suda Mani de Sankara\"><img width=\"842\" height=\"596\" src=\"https:\/\/cetr.net\/wp-content\/uploads\/2023\/07\/gota-copia.png\" class=\"vcex-blog-entry-img wpex-align-middle\" alt=\"\" loading=\"lazy\" decoding=\"async\" srcset=\"https:\/\/cetr.net\/wp-content\/uploads\/2023\/07\/gota-copia.png 842w, https:\/\/cetr.net\/wp-content\/uploads\/2023\/07\/gota-copia-300x212.png 300w, https:\/\/cetr.net\/wp-content\/uploads\/2023\/07\/gota-copia-768x544.png 768w\" sizes=\"auto, (max-width: 842px) 100vw, 842px\" \/><\/a><\/div><div class=\"vcex-blog-entry-details entry-details wpex-bordered wpex-first-mt-0 wpex-last-mb-0 wpex-clr\"><div class=\"match-height-content\"><h2 class=\"vcex-blog-entry-title entry-title wpex-mb-5\"><a href=\"https:\/\/cetr.net\/es\/20-cap-de-setmana-sobre-el-mestre-eckhart\/\">20. FIN DE SEMANA \u00abESTO ES BRAHMAN Y ESTO ERES TU\u00bb. Una afirmaci\u00f3n en el Viveka Suda Mani de Sankara<\/a><\/h2><div class=\"vcex-blog-entry-excerpt entry-excerpt wpex-my-15 wpex-text-pretty wpex-last-mb-0 wpex-clr\"><p><span class=\"autor\">CETR<\/span>  Fechas: 4-5 de mayo, 2024<\/p><\/div><div class=\"vcex-blog-entry-readmore-wrap entry-readmore-wrap wpex-my-15 wpex-clr\"><a href=\"https:\/\/cetr.net\/es\/20-cap-de-setmana-sobre-el-mestre-eckhart\/\" class=\"entry-readmore theme-button\" aria-label=\"Leer m\u00e1s about 20. FIN DE SEMANA \u00abESTO ES BRAHMAN Y ESTO ERES TU\u00bb. Una afirmaci\u00f3n en el Viveka Suda Mani de Sankara\">Leer m\u00e1s<\/a><\/div><\/div><\/div><\/div><\/div><\/div><div class=\"wpex-pagination wpex-clear wpex-mt-30\"><ul class='page-numbers'>\n\t<li><span aria-current=\"page\" class=\"page-numbers current\"><span class=\"screen-reader-text\">Page <\/span>1<\/span><\/li>\n\t<li><a class=\"page-numbers\" href=\"https:\/\/cetr.net\/es\/wp-json\/wp\/v2\/pages\/16006\/page\/2\/\"><span class=\"screen-reader-text\">Page <\/span>2<\/a><\/li>\n\t<li><a class=\"page-numbers\" href=\"https:\/\/cetr.net\/es\/wp-json\/wp\/v2\/pages\/16006\/page\/3\/\"><span class=\"screen-reader-text\">Page <\/span>3<\/a><\/li>\n\t<li><a class=\"next page-numbers\" href=\"https:\/\/cetr.net\/es\/wp-json\/wp\/v2\/pages\/16006\/page\/2\/\"><span class=\"page-numbers-icon wpex-icon wpex-icon--xs wpex-icon--bidi\" aria-hidden=\"true\"><svg xmlns=\"http:\/\/www.w3.org\/2000\/svg\" viewBox=\"0 0 320 512\"><path d=\"M278.6 233.4c12.5 12.5 12.5 32.8 0 45.3l-160 160c-12.5 12.5-32.8 12.5-45.3 0s-12.5-32.8 0-45.3L210.7 256 73.4 118.6c-12.5-12.5-12.5-32.8 0-45.3s32.8-12.5 45.3 0l160 160z\"\/><\/svg><\/span><span class=\"screen-reader-text\">Siguiente<\/span><\/a><\/li>\n<\/ul>\n<\/div><\/div>[\/vc_column][\/vc_row]\n<\/div>","protected":false},"excerpt":{"rendered":"<p>[vc_row center_row=\u00bb\u00bb][vc_column][\/vc_column][\/vc_row]<\/p>\n","protected":false},"author":1,"featured_media":0,"parent":0,"menu_order":0,"comment_status":"closed","ping_status":"closed","template":"","meta":{"_acf_changed":false,"footnotes":""},"class_list":["post-16006","page","type-page","status-publish","hentry","entry","has-media"],"acf":[],"_links":{"self":[{"href":"https:\/\/cetr.net\/es\/wp-json\/wp\/v2\/pages\/16006","targetHints":{"allow":["GET"]}}],"collection":[{"href":"https:\/\/cetr.net\/es\/wp-json\/wp\/v2\/pages"}],"about":[{"href":"https:\/\/cetr.net\/es\/wp-json\/wp\/v2\/types\/page"}],"author":[{"embeddable":true,"href":"https:\/\/cetr.net\/es\/wp-json\/wp\/v2\/users\/1"}],"replies":[{"embeddable":true,"href":"https:\/\/cetr.net\/es\/wp-json\/wp\/v2\/comments?post=16006"}],"version-history":[{"count":5,"href":"https:\/\/cetr.net\/es\/wp-json\/wp\/v2\/pages\/16006\/revisions"}],"predecessor-version":[{"id":59002,"href":"https:\/\/cetr.net\/es\/wp-json\/wp\/v2\/pages\/16006\/revisions\/59002"}],"wp:attachment":[{"href":"https:\/\/cetr.net\/es\/wp-json\/wp\/v2\/media?parent=16006"}],"curies":[{"name":"wp","href":"https:\/\/api.w.org\/{rel}","templated":true}]}}