{"id":16008,"date":"2016-03-14T13:51:54","date_gmt":"2016-03-14T12:51:54","guid":{"rendered":"http:\/\/cetr.net\/?page_id=16008&#038;lang=es"},"modified":"2016-08-30T17:53:33","modified_gmt":"2016-08-30T15:53:33","slug":"nuestros-libros","status":"publish","type":"page","link":"https:\/\/cetr.net\/es\/nuestros-libros\/","title":{"rendered":"Nuestros libros"},"content":{"rendered":"<div class=\"wpb-content-wrapper\">[vc_row center_row=\u00bb\u00bb][vc_column]<div class=\"vcex-module vcex-blog-grid-wrap wpex-clr imagen-llibres\"><div class=\"wpex-row vcex-blog-grid wpex-clr entries left-thumbs\"><div class=\"vcex-blog-entry vcex-grid-item entry-has-details span_1_of_1 col-1 col entry post-74396 type-post has-media cat-436 cat-156 cat-145 cat-456 cat-355 cat-149 cat-444 cat-160 cat-445 cat-233 cat-158 cat-454 cat-332 cat-446 cat-388 translation_priority-535\"><div class=\"vcex-blog-entry-inner entry-inner wpex-first-mt-0 wpex-last-mb-0 wpex-md-flex wpex-md-flex-wrap wpex-md-justify-between\"><div class=\"vcex-blog-entry-media entry-media wpex-relative wpex-mb-20 wpex-md-mb-0\"><a href=\"https:\/\/cetr.net\/es\/novedad-editorial-el-encuentro-de-maria-corbi\/\" title=\"Novedad editorial &#8211; El encuentro &#8211; de Mari\u00e0 Corb\u00ed\"><img width=\"369\" height=\"544\" src=\"https:\/\/cetr.net\/wp-content\/uploads\/2026\/04\/llibre-Maria-1.jpg\" class=\"vcex-blog-entry-img wpex-align-middle\" alt=\"\" loading=\"lazy\" decoding=\"async\" srcset=\"https:\/\/cetr.net\/wp-content\/uploads\/2026\/04\/llibre-Maria-1.jpg 369w, https:\/\/cetr.net\/wp-content\/uploads\/2026\/04\/llibre-Maria-1-203x300.jpg 203w\" sizes=\"auto, (max-width: 369px) 100vw, 369px\" \/><\/a><\/div><div class=\"vcex-blog-entry-details entry-details wpex-first-mt-0 wpex-last-mb-0 wpex-clr\"><h2 class=\"vcex-blog-entry-title entry-title wpex-text-2xl wpex-mb-5\"><a href=\"https:\/\/cetr.net\/es\/novedad-editorial-el-encuentro-de-maria-corbi\/\">Novedad editorial &#8211; El encuentro &#8211; de Mari\u00e0 Corb\u00ed<\/a><\/h2><div class=\"vcex-blog-entry-excerpt entry-excerpt wpex-my-15 wpex-text-pretty wpex-last-mb-0 wpex-clr\"><p><span class=\"autor\">Mari\u00e0 Corb\u00ed<\/span> El poemario\u00a0El encuentro\u00a0de Mari\u00e0 Corb\u00ed se presenta como una meditaci\u00f3n l\u00edrica y existencial escrita desde la conciencia de la vejez y la inminencia de la muerte. A trav\u00e9s de una sucesi\u00f3n de poemas breves, el autor articula una indagaci\u00f3n radical sobre el sentido de la existencia, el misterio del ser y la relaci\u00f3n entre vida, muerte y absoluto. El eje central de la obra es la noci\u00f3n de \u201cmisterio\u201d, entendida no como un enigma que deba resolverse, sino como la realidad \u00faltima que envuelve y constituye todo lo existente. Corb\u00ed insiste en que nada es obvio ni cotidiano: todo, desde la naturaleza hasta la propia conciencia humana, es expresi\u00f3n de una profundidad insondable. Esta intuici\u00f3n atraviesa el libro y se manifiesta en la contemplaci\u00f3n de paisajes, estaciones, animales o fen\u00f3menos cotidianos, que aparecen como revelaciones de lo absoluto.<\/p><\/div><div class=\"vcex-blog-entry-readmore-wrap entry-readmore-wrap wpex-my-15 wpex-clr\"><a href=\"https:\/\/cetr.net\/es\/novedad-editorial-el-encuentro-de-maria-corbi\/\" class=\"entry-readmore theme-button\" aria-label=\"Leer m\u00e1s about Novedad editorial &#8211; El encuentro &#8211; de Mari\u00e0 Corb\u00ed\">Leer m\u00e1s<\/a><\/div><\/div><\/div><\/div><div class=\"vcex-blog-entry vcex-grid-item entry-has-details span_1_of_1 col-1 col entry post-73971 type-post has-media cat-456 cat-145 cat-445 cat-296 cat-355 cat-503 cat-233 cat-149 translation_priority-535\"><div class=\"vcex-blog-entry-inner entry-inner wpex-first-mt-0 wpex-last-mb-0 wpex-md-flex wpex-md-flex-wrap wpex-md-justify-between\"><div class=\"vcex-blog-entry-media entry-media wpex-relative wpex-mb-20 wpex-md-mb-0\"><a href=\"https:\/\/cetr.net\/es\/novedad-editorial-una-aproximacion-a-las-consecuencias-axiologicas-y-organizativas-de-las-sociedades-de-conocimiento\/\" title=\"NOVEDAD EDITORIAL &#8211; Una aproximaci\u00f3n a las consecuencias axiol\u00f3gicas y organizativas de las sociedades de conocimiento\"><img width=\"431\" height=\"624\" src=\"https:\/\/cetr.net\/wp-content\/uploads\/2025\/11\/port.png\" class=\"vcex-blog-entry-img wpex-align-middle\" alt=\"\" loading=\"lazy\" decoding=\"async\" srcset=\"https:\/\/cetr.net\/wp-content\/uploads\/2025\/11\/port.png 431w, https:\/\/cetr.net\/wp-content\/uploads\/2025\/11\/port-207x300.png 207w\" sizes=\"auto, (max-width: 431px) 100vw, 431px\" \/><\/a><\/div><div class=\"vcex-blog-entry-details entry-details wpex-first-mt-0 wpex-last-mb-0 wpex-clr\"><h2 class=\"vcex-blog-entry-title entry-title wpex-text-2xl wpex-mb-5\"><a href=\"https:\/\/cetr.net\/es\/novedad-editorial-una-aproximacion-a-las-consecuencias-axiologicas-y-organizativas-de-las-sociedades-de-conocimiento\/\">NOVEDAD EDITORIAL &#8211; Una aproximaci\u00f3n a las consecuencias axiol\u00f3gicas y organizativas de las sociedades de conocimiento<\/a><\/h2><div class=\"vcex-blog-entry-excerpt entry-excerpt wpex-my-15 wpex-text-pretty wpex-last-mb-0 wpex-clr\"><p> <span class=\"autor\">CETR<\/span> Despu\u00e9s de quince ediciones de Encuentros Internacionales CETR damos por concluida esta etapa e iniciamos otra en la que el equipo de investigaci\u00f3n de CETR presenta y discute entre sus miembros parte de\r\ncada una de las indagaciones que se hayan llevado a cabo en los \u00faltimos meses.\r\n\r\nEn este libro presentamos parte del trabajo realizado en el \u00faltimo a\u00f1o. Aunque las tem\u00e1ticas parecen muy diversas tienen un eje com\u00fan que es la preocupaci\u00f3n por las consecuencias axiol\u00f3gicas y organizativas\r\nque supone la implementaci\u00f3n de las sociedades de conocimiento.<\/p><\/div><div class=\"vcex-blog-entry-readmore-wrap entry-readmore-wrap wpex-my-15 wpex-clr\"><a href=\"https:\/\/cetr.net\/es\/novedad-editorial-una-aproximacion-a-las-consecuencias-axiologicas-y-organizativas-de-las-sociedades-de-conocimiento\/\" class=\"entry-readmore theme-button\" aria-label=\"Leer m\u00e1s about NOVEDAD EDITORIAL &#8211; Una aproximaci\u00f3n a las consecuencias axiol\u00f3gicas y organizativas de las sociedades de conocimiento\">Leer m\u00e1s<\/a><\/div><\/div><\/div><\/div><div class=\"vcex-blog-entry vcex-grid-item entry-has-details span_1_of_1 col-1 col entry post-73025 type-post has-media cat-145 cat-355 cat-149 cat-160 cat-233 cat-158 cat-332 translation_priority-535\"><div class=\"vcex-blog-entry-inner entry-inner wpex-first-mt-0 wpex-last-mb-0 wpex-md-flex wpex-md-flex-wrap wpex-md-justify-between\"><div class=\"vcex-blog-entry-media entry-media wpex-relative wpex-mb-20 wpex-md-mb-0\"><a href=\"https:\/\/cetr.net\/es\/novedad-editorial-el-legado-de-los-maestros\/\" title=\"NOVEDAD EDITORIAL: El legado de los Maestros\"><img width=\"213\" height=\"313\" src=\"https:\/\/cetr.net\/wp-content\/uploads\/2025\/05\/el_legado_de_los_maestros.jpg\" class=\"vcex-blog-entry-img wpex-align-middle\" alt=\"\" loading=\"lazy\" decoding=\"async\" srcset=\"https:\/\/cetr.net\/wp-content\/uploads\/2025\/05\/el_legado_de_los_maestros.jpg 213w, https:\/\/cetr.net\/wp-content\/uploads\/2025\/05\/el_legado_de_los_maestros-204x300.jpg 204w\" sizes=\"auto, (max-width: 213px) 100vw, 213px\" \/><\/a><\/div><div class=\"vcex-blog-entry-details entry-details wpex-first-mt-0 wpex-last-mb-0 wpex-clr\"><h2 class=\"vcex-blog-entry-title entry-title wpex-text-2xl wpex-mb-5\"><a href=\"https:\/\/cetr.net\/es\/novedad-editorial-el-legado-de-los-maestros\/\">NOVEDAD EDITORIAL: El legado de los Maestros<\/a><\/h2><div class=\"vcex-blog-entry-excerpt entry-excerpt wpex-my-15 wpex-text-pretty wpex-last-mb-0 wpex-clr\"><p> <span class=\"autor\">Mari\u00e0 Corb\u00ed<\/span> Este nuevo libro de Mari\u00e0 Corb\u00ed es la recopilaci\u00f3n de una serie de conferencias que, a pesar de que se hicieron tiempo atr\u00e1s, siguen planteando cuestiones muy vigentes a las que es necesario volver. Dice el autor:\u00a0\u00abCuando las culturas se trasforman profundamente; cuando venerables formas de vida desaparecen, dejadas definitivamente atr\u00e1s por el asentamiento\u00a0de las nuevas sociedades; cuando hay que seguir adelante por nuevos caminos es la hora de plantearse qu\u00e9 hay que tomar consigo de las viejas residencias para llevarse por el camino y qu\u00e9 hay que dejar para que se lo lleve la riada de la historia.\u00bb<\/p><\/div><div class=\"vcex-blog-entry-readmore-wrap entry-readmore-wrap wpex-my-15 wpex-clr\"><a href=\"https:\/\/cetr.net\/es\/novedad-editorial-el-legado-de-los-maestros\/\" class=\"entry-readmore theme-button\" aria-label=\"Leer m\u00e1s about NOVEDAD EDITORIAL: El legado de los Maestros\">Leer m\u00e1s<\/a><\/div><\/div><\/div><\/div><div class=\"vcex-blog-entry vcex-grid-item entry-has-details span_1_of_1 col-1 col entry post-73020 type-post has-media cat-436 cat-156 cat-145 cat-456 cat-355 cat-149 cat-444 cat-160 cat-445 cat-233 cat-158 cat-454 cat-332 cat-446 cat-388 translation_priority-535\"><div class=\"vcex-blog-entry-inner entry-inner wpex-first-mt-0 wpex-last-mb-0 wpex-md-flex wpex-md-flex-wrap wpex-md-justify-between\"><div class=\"vcex-blog-entry-media entry-media wpex-relative wpex-mb-20 wpex-md-mb-0\"><a href=\"https:\/\/cetr.net\/es\/novetat-editorial-que-ha-sido-el-vivir\/\" title=\"NOVEDAD EDITORIAL: \u00bfQu\u00e9 ha sido el vivir?\"><img width=\"1280\" height=\"1804\" src=\"https:\/\/cetr.net\/wp-content\/uploads\/2025\/05\/portada_que_ha_sido_el_vivir_final.jpg\" class=\"vcex-blog-entry-img wpex-align-middle\" alt=\"\" loading=\"lazy\" decoding=\"async\" srcset=\"https:\/\/cetr.net\/wp-content\/uploads\/2025\/05\/portada_que_ha_sido_el_vivir_final.jpg 1280w, https:\/\/cetr.net\/wp-content\/uploads\/2025\/05\/portada_que_ha_sido_el_vivir_final-213x300.jpg 213w, https:\/\/cetr.net\/wp-content\/uploads\/2025\/05\/portada_que_ha_sido_el_vivir_final-727x1024.jpg 727w, https:\/\/cetr.net\/wp-content\/uploads\/2025\/05\/portada_que_ha_sido_el_vivir_final-768x1082.jpg 768w, https:\/\/cetr.net\/wp-content\/uploads\/2025\/05\/portada_que_ha_sido_el_vivir_final-1090x1536.jpg 1090w\" sizes=\"auto, (max-width: 1280px) 100vw, 1280px\" \/><\/a><\/div><div class=\"vcex-blog-entry-details entry-details wpex-first-mt-0 wpex-last-mb-0 wpex-clr\"><h2 class=\"vcex-blog-entry-title entry-title wpex-text-2xl wpex-mb-5\"><a href=\"https:\/\/cetr.net\/es\/novetat-editorial-que-ha-sido-el-vivir\/\">NOVEDAD EDITORIAL: \u00bfQu\u00e9 ha sido el vivir?<\/a><\/h2><div class=\"vcex-blog-entry-excerpt entry-excerpt wpex-my-15 wpex-text-pretty wpex-last-mb-0 wpex-clr\"><p> <span class=\"autor\">Mari\u00e0 Corb\u00ed<\/span> nos presenta su nuevo libro de poemas. Nos dice el autor:\u00a0\"Expreso lo que siento para poderlo sentir.\u00a0Mis pobres versos no s\u00e9 si alcanzan la categor\u00eda de poes\u00eda, pero son meditaciones serias sobre un tema que obsesiona mi coraz\u00f3n y mi mente: saber qu\u00e9 dicen las cosas, el misterio de los mundos inmensos, Eso de ah\u00ed sin por qu\u00e9, que me incluye a m\u00ed mismo, lo absoluto y gratuito.\"<\/p><\/div><div class=\"vcex-blog-entry-readmore-wrap entry-readmore-wrap wpex-my-15 wpex-clr\"><a href=\"https:\/\/cetr.net\/es\/novetat-editorial-que-ha-sido-el-vivir\/\" class=\"entry-readmore theme-button\" aria-label=\"Leer m\u00e1s about NOVEDAD EDITORIAL: \u00bfQu\u00e9 ha sido el vivir?\">Leer m\u00e1s<\/a><\/div><\/div><\/div><\/div><div class=\"vcex-blog-entry vcex-grid-item entry-has-details span_1_of_1 col-1 col entry post-72389 type-post has-media cat-456 cat-145 cat-355 cat-149 cat-444 cat-160 cat-445 cat-233 cat-454 cat-332 cat-446 cat-388 cat-161 cat-435 translation_priority-535\"><div class=\"vcex-blog-entry-inner entry-inner wpex-first-mt-0 wpex-last-mb-0 wpex-md-flex wpex-md-flex-wrap wpex-md-justify-between\"><div class=\"vcex-blog-entry-media entry-media wpex-relative wpex-mb-20 wpex-md-mb-0\"><a href=\"https:\/\/cetr.net\/es\/novetat-editorial-el-colapso-de-los-proyectos-de-vida-volectivos-principios-de-epistemologia-axiologica-10\/\" title=\"Novedad editorial: El colapso de los Proyectos de vida colectivos &#8211; Principios de Epistemolog\u00eda Axiol\u00f3gica 10\"><img width=\"1810\" height=\"2522\" src=\"https:\/\/cetr.net\/wp-content\/uploads\/2024\/11\/PORTADA-EA10-BUBOK-002.jpg\" class=\"vcex-blog-entry-img wpex-align-middle\" alt=\"\" loading=\"lazy\" decoding=\"async\" srcset=\"https:\/\/cetr.net\/wp-content\/uploads\/2024\/11\/PORTADA-EA10-BUBOK-002.jpg 1810w, https:\/\/cetr.net\/wp-content\/uploads\/2024\/11\/PORTADA-EA10-BUBOK-002-215x300.jpg 215w, https:\/\/cetr.net\/wp-content\/uploads\/2024\/11\/PORTADA-EA10-BUBOK-002-735x1024.jpg 735w, https:\/\/cetr.net\/wp-content\/uploads\/2024\/11\/PORTADA-EA10-BUBOK-002-768x1070.jpg 768w, https:\/\/cetr.net\/wp-content\/uploads\/2024\/11\/PORTADA-EA10-BUBOK-002-1102x1536.jpg 1102w, https:\/\/cetr.net\/wp-content\/uploads\/2024\/11\/PORTADA-EA10-BUBOK-002-1470x2048.jpg 1470w\" sizes=\"auto, (max-width: 1810px) 100vw, 1810px\" \/><\/a><\/div><div class=\"vcex-blog-entry-details entry-details wpex-first-mt-0 wpex-last-mb-0 wpex-clr\"><h2 class=\"vcex-blog-entry-title entry-title wpex-text-2xl wpex-mb-5\"><a href=\"https:\/\/cetr.net\/es\/novetat-editorial-el-colapso-de-los-proyectos-de-vida-volectivos-principios-de-epistemologia-axiologica-10\/\">Novedad editorial: El colapso de los Proyectos de vida colectivos &#8211; Principios de Epistemolog\u00eda Axiol\u00f3gica 10<\/a><\/h2><div class=\"vcex-blog-entry-excerpt entry-excerpt wpex-my-15 wpex-text-pretty wpex-last-mb-0 wpex-clr\"><p> <span class=\"autor\">Mari\u00e0 Corb\u00ed<\/span> PPara las gentes de nuestras sociedades, las\u00a0religiones han muerto, y no hay ni idea, ni\u00a0atisbos de otra dimensi\u00f3n de la realidad\u00a0que no sea esa cotidianidad plana. Todo se\u00a0ha vuelto romo, sin esperanza, bajo el vuelo\u00a0negro de la muerte.\u00a0Se han difundido mucho las publicaciones de\u00a0textos de sabidur\u00eda o que buscan la sabidur\u00eda,\u00a0pero eso, adem\u00e1s de minoritario, no influye\u00a0en la cultura general, ni siquiera en la cultura\u00a0popular.\r\n\r\n\u00bfQu\u00e9 se puede hacer para que la cultura y las\u00a0personas de las sociedades de conocimiento\u00a0recuperen la doble dimensi\u00f3n de la realidad\u00a0de nuestro vivir humano? \u00bfQu\u00e9 se puede\u00a0hacer para romper esa coraza de cotidianidad\u00a0exclusiva, sin grietas, desde la que se pueda\u00a0vislumbrar la luz de la otra dimensi\u00f3n?<\/p><\/div><div class=\"vcex-blog-entry-readmore-wrap entry-readmore-wrap wpex-my-15 wpex-clr\"><a href=\"https:\/\/cetr.net\/es\/novetat-editorial-el-colapso-de-los-proyectos-de-vida-volectivos-principios-de-epistemologia-axiologica-10\/\" class=\"entry-readmore theme-button\" aria-label=\"Leer m\u00e1s about Novedad editorial: El colapso de los Proyectos de vida colectivos &#8211; Principios de Epistemolog\u00eda Axiol\u00f3gica 10\">Leer m\u00e1s<\/a><\/div><\/div><\/div><\/div><\/div><div class=\"wpex-pagination wpex-clear wpex-mt-30\"><ul class='page-numbers'>\n\t<li><span aria-current=\"page\" class=\"page-numbers current\"><span class=\"screen-reader-text\">Page <\/span>1<\/span><\/li>\n\t<li><a class=\"page-numbers\" href=\"https:\/\/cetr.net\/es\/wp-json\/wp\/v2\/pages\/16008\/page\/2\/\"><span class=\"screen-reader-text\">Page <\/span>2<\/a><\/li>\n\t<li><a class=\"page-numbers\" href=\"https:\/\/cetr.net\/es\/wp-json\/wp\/v2\/pages\/16008\/page\/3\/\"><span class=\"screen-reader-text\">Page <\/span>3<\/a><\/li>\n\t<li><a class=\"page-numbers\" href=\"https:\/\/cetr.net\/es\/wp-json\/wp\/v2\/pages\/16008\/page\/4\/\"><span class=\"screen-reader-text\">Page <\/span>4<\/a><\/li>\n\t<li><span class=\"page-numbers dots\">&hellip;<\/span><\/li>\n\t<li><a class=\"page-numbers\" href=\"https:\/\/cetr.net\/es\/wp-json\/wp\/v2\/pages\/16008\/page\/17\/\"><span class=\"screen-reader-text\">Page <\/span>17<\/a><\/li>\n\t<li><a class=\"next page-numbers\" href=\"https:\/\/cetr.net\/es\/wp-json\/wp\/v2\/pages\/16008\/page\/2\/\"><span class=\"page-numbers-icon wpex-icon wpex-icon--xs wpex-icon--bidi\" aria-hidden=\"true\"><svg xmlns=\"http:\/\/www.w3.org\/2000\/svg\" viewBox=\"0 0 320 512\"><path d=\"M278.6 233.4c12.5 12.5 12.5 32.8 0 45.3l-160 160c-12.5 12.5-32.8 12.5-45.3 0s-12.5-32.8 0-45.3L210.7 256 73.4 118.6c-12.5-12.5-12.5-32.8 0-45.3s32.8-12.5 45.3 0l160 160z\"\/><\/svg><\/span><span class=\"screen-reader-text\">Siguiente<\/span><\/a><\/li>\n<\/ul>\n<\/div><\/div>[\/vc_column][\/vc_row]\n<\/div>","protected":false},"excerpt":{"rendered":"<p>[vc_row center_row=\u00bb\u00bb][vc_column][\/vc_column][\/vc_row]<\/p>\n","protected":false},"author":1,"featured_media":0,"parent":0,"menu_order":0,"comment_status":"closed","ping_status":"closed","template":"","meta":{"_acf_changed":false,"footnotes":""},"class_list":["post-16008","page","type-page","status-publish","hentry","entry","has-media"],"acf":[],"_links":{"self":[{"href":"https:\/\/cetr.net\/es\/wp-json\/wp\/v2\/pages\/16008","targetHints":{"allow":["GET"]}}],"collection":[{"href":"https:\/\/cetr.net\/es\/wp-json\/wp\/v2\/pages"}],"about":[{"href":"https:\/\/cetr.net\/es\/wp-json\/wp\/v2\/types\/page"}],"author":[{"embeddable":true,"href":"https:\/\/cetr.net\/es\/wp-json\/wp\/v2\/users\/1"}],"replies":[{"embeddable":true,"href":"https:\/\/cetr.net\/es\/wp-json\/wp\/v2\/comments?post=16008"}],"version-history":[{"count":5,"href":"https:\/\/cetr.net\/es\/wp-json\/wp\/v2\/pages\/16008\/revisions"}],"predecessor-version":[{"id":59602,"href":"https:\/\/cetr.net\/es\/wp-json\/wp\/v2\/pages\/16008\/revisions\/59602"}],"wp:attachment":[{"href":"https:\/\/cetr.net\/es\/wp-json\/wp\/v2\/media?parent=16008"}],"curies":[{"name":"wp","href":"https:\/\/api.w.org\/{rel}","templated":true}]}}