{"id":16285,"date":"2016-03-24T11:01:41","date_gmt":"2016-03-24T10:01:41","guid":{"rendered":"http:\/\/cetr.net\/?page_id=16285&#038;lang=es"},"modified":"2023-07-28T09:58:13","modified_gmt":"2023-07-28T07:58:13","slug":"contactar","status":"publish","type":"page","link":"https:\/\/cetr.net\/es\/contactar\/","title":{"rendered":"Contactar"},"content":{"rendered":"<div class=\"wpb-content-wrapper\">[vc_row center_row=\u00bb\u00bb][vc_column][vc_text_separator title=\u00bbContactar\u00bb title_align=\u00bbseparator_align_left\u00bb style=\u00bbone\u00bb element_type=\u00bbdiv\u00bb][vc_row_inner][vc_column_inner width=\u00bb2\/3&#8243; style=\u00bbdefault\u00bb visibility=\u00bb\u00bb css_animation=\u00bb\u00bb drop_shadow=\u00bb\u00bb bg_style=\u00bbstretch\u00bb][vc_column_text]<strong>Horario de atenci\u00f3n<\/strong>: de 16.30h a 20.30h, de lunes a viernes<\/p>\n<p><strong>Tel\u00e9fono<\/strong>: 93 410 77 07<br \/>\n<strong>e-mail<\/strong>: <img loading=\"lazy\" decoding=\"async\" class=\"alignnone size-full wp-image-71282\" src=\"https:\/\/cetr.net\/wp-content\/uploads\/2023\/07\/email-cetr.jpg\" alt=\"\" width=\"87\" height=\"32\" \/><\/p>\n<p><a href=\"http:\/\/cetr.net\/acceptacio-rgpd\/?lang=es\">Si quieres recibir informaci\u00f3n sobre nuestras actividades haz clic aqu\u00ed<\/a><\/p>\n<p><strong>Direcci\u00f3n<\/strong>: Carrer Rocafort, 234 bajos (Jardins Montserrat), 08029 Barcelona[\/vc_column_text][vc_empty_space][vc_gmaps link=\u00bb#E-8_JTNDaWZyYW1lJTIwc3JjJTNEJTIyaHR0cHMlM0ElMkYlMkZ3d3cuZ29vZ2xlLmNvbSUyRm1hcHMlMkZlbWJlZCUzRnBiJTNEJTIxMW0xOCUyMTFtMTIlMjExbTMlMjExZDI5OTMuNDg0MTc3MzM5NDcwNSUyMTJkMi4xNDMyOTE1MTU3MjY5MjElMjEzZDQxLjM4NTI5MDQwNDA4NzY5JTIxMm0zJTIxMWYwJTIxMmYwJTIxM2YwJTIxM20yJTIxMWkxMDI0JTIxMmk3NjglMjE0ZjEzLjElMjEzbTMlMjExbTIlMjExczB4MTJhNGEyODFmM2NlNTM1NyUyNTNBMHhlMzhiMTRkMDcxYzVmOWUxJTIxMnNDRVRSJTIxNWUwJTIxM20yJTIxMXNlcyUyMTJzZXMlMjE0djE0NTg4MTU4MTQyMDElMjIlMjB3aWR0aCUzRCUyMjYwMCUyMiUyMGhlaWdodCUzRCUyMjQ1MCUyMiUyMGZyYW1lYm9yZGVyJTNEJTIyMCUyMiUyMHN0eWxlJTNEJTIyYm9yZGVyJTNBMCUyMiUyMGFsbG93ZnVsbHNjcmVlbiUzRSUzQyUyRmlmcmFtZSUzRQ==\u00bb size=\u00bb400&#8243;][\/vc_column_inner][vc_column_inner width=\u00bb1\/3&#8243; style=\u00bbdefault\u00bb visibility=\u00bb\u00bb css_animation=\u00bb\u00bb drop_shadow=\u00bb\u00bb bg_style=\u00bbstretch\u00bb]\n<div class=\"wpcf7 no-js\" id=\"wpcf7-f16321-o1\" lang=\"es-ES\" dir=\"ltr\" data-wpcf7-id=\"16321\">\n<div class=\"screen-reader-response\"><p role=\"status\" aria-live=\"polite\" aria-atomic=\"true\"><\/p> <ul><\/ul><\/div>\n<form action=\"\/es\/wp-json\/wp\/v2\/pages\/16285#wpcf7-f16321-o1\" method=\"post\" class=\"wpcf7-form init\" aria-label=\"Formulario de contacto\" novalidate=\"novalidate\" data-status=\"init\">\n<fieldset class=\"hidden-fields-container\"><input type=\"hidden\" name=\"_wpcf7\" value=\"16321\" \/><input type=\"hidden\" name=\"_wpcf7_version\" value=\"6.1.5\" \/><input type=\"hidden\" name=\"_wpcf7_locale\" value=\"es_ES\" \/><input type=\"hidden\" name=\"_wpcf7_unit_tag\" value=\"wpcf7-f16321-o1\" \/><input type=\"hidden\" name=\"_wpcf7_container_post\" value=\"0\" \/><input type=\"hidden\" name=\"_wpcf7_posted_data_hash\" value=\"\" \/><input type=\"hidden\" name=\"_wpcf7_recaptcha_response\" value=\"\" \/>\n<\/fieldset>\n<p>Asunto\n\t<font color=\"red\">*\n\t<\/font><br \/>\n<span class=\"wpcf7-form-control-wrap\" data-name=\"your-subject\"><input size=\"40\" maxlength=\"400\" class=\"wpcf7-form-control wpcf7-text wpcf7-validates-as-required\" aria-required=\"true\" aria-invalid=\"false\" value=\"\" type=\"text\" name=\"your-subject\" \/><\/span>\n<\/p>\n<p>Deja tu comentario\n\t<font color=\"red\">*\n\t<\/font><br \/>\n<span class=\"wpcf7-form-control-wrap\" data-name=\"your-message\"><textarea cols=\"40\" rows=\"10\" maxlength=\"2000\" class=\"wpcf7-form-control wpcf7-textarea wpcf7-validates-as-required\" aria-required=\"true\" aria-invalid=\"false\" name=\"your-message\"><\/textarea><\/span>\n<\/p>\n<p>Nombre\n\t<font color=\"red\">*\n\t<\/font><br \/>\n<span class=\"wpcf7-form-control-wrap\" data-name=\"your-name\"><input size=\"40\" maxlength=\"400\" class=\"wpcf7-form-control wpcf7-text wpcf7-validates-as-required\" aria-required=\"true\" aria-invalid=\"false\" value=\"\" type=\"text\" name=\"your-name\" \/><\/span>\n<\/p>\n<p>Dedicaci\u00f3n<br \/>\n<span class=\"wpcf7-form-control-wrap\" data-name=\"dedicacion\"><input size=\"40\" maxlength=\"400\" class=\"wpcf7-form-control wpcf7-text\" aria-invalid=\"false\" value=\"\" type=\"text\" name=\"dedicacion\" \/><\/span>\n<\/p>\n<p>e-mail\n\t<font color=\"red\">*\n\t<\/font><br \/>\n<span class=\"wpcf7-form-control-wrap\" data-name=\"your-email\"><input size=\"40\" maxlength=\"400\" class=\"wpcf7-form-control wpcf7-email wpcf7-validates-as-required wpcf7-text wpcf7-validates-as-email\" aria-required=\"true\" aria-invalid=\"false\" value=\"\" type=\"email\" name=\"your-email\" \/><\/span>\n<\/p>\n<div id=\"cf7sr-69f2821ed3b95\" class=\"cf7sr-g-recaptcha\" data-theme=\"light\" data-type=\"image\" data-size=\"normal\" data-sitekey=\"6LesLZYUAAAAAOy30bqHM1GVg6TlP_TsID4d-aHH\"><\/div><span class=\"wpcf7-form-control-wrap cf7sr-recaptcha\" data-name=\"cf7sr-recaptcha\"><input type=\"hidden\" name=\"cf7sr-recaptcha\" value=\"\" class=\"wpcf7-form-control\"><\/span>\n<\/p>\n<p><input class=\"wpcf7-form-control wpcf7-submit has-spinner\" type=\"submit\" value=\"Enviar\" \/>\n<\/p><p style=\"display: none !important;\" class=\"akismet-fields-container\" data-prefix=\"_wpcf7_ak_\"><label>&#916;<textarea name=\"_wpcf7_ak_hp_textarea\" cols=\"45\" rows=\"8\" maxlength=\"100\"><\/textarea><\/label><input type=\"hidden\" id=\"ak_js_1\" name=\"_wpcf7_ak_js\" value=\"208\"\/><script>\ndocument.getElementById( \"ak_js_1\" ).setAttribute( \"value\", ( new Date() ).getTime() );\n<\/script>\n<\/p><div class=\"wpcf7-response-output\" aria-hidden=\"true\"><\/div>\n<\/form>\n<\/div>\n[\/vc_column_inner][\/vc_row_inner][\/vc_column][\/vc_row]\n<\/div>","protected":false},"excerpt":{"rendered":"<p>[vc_row center_row=\u00bb\u00bb][vc_column][vc_text_separator title=\u00bbContactar\u00bb title_align=\u00bbseparator_align_left\u00bb style=\u00bbone\u00bb element_type=\u00bbdiv\u00bb][vc_row_inner][vc_column_inner width=\u00bb2\/3&#8243; style=\u00bbdefault\u00bb visibility=\u00bb\u00bb css_animation=\u00bb\u00bb drop_shadow=\u00bb\u00bb bg_style=\u00bbstretch\u00bb][vc_column_text]Horario de atenci\u00f3n: de 16.30h a 20.30h, de lunes a viernes Tel\u00e9fono: 93 410 77 07 e-mail: Si quieres recibir informaci\u00f3n sobre nuestras actividades haz clic aqu\u00ed Direcci\u00f3n: Carrer Rocafort, 234 bajos (Jardins Montserrat), 08029 Barcelona[\/vc_column_text][vc_empty_space][vc_gmaps link=\u00bb#E-8_JTNDaWZyYW1lJTIwc3JjJTNEJTIyaHR0cHMlM0ElMkYlMkZ3d3cuZ29vZ2xlLmNvbSUyRm1hcHMlMkZlbWJlZCUzRnBiJTNEJTIxMW0xOCUyMTFtMTIlMjExbTMlMjExZDI5OTMuNDg0MTc3MzM5NDcwNSUyMTJkMi4xNDMyOTE1MTU3MjY5MjElMjEzZDQxLjM4NTI5MDQwNDA4NzY5JTIxMm0zJTIxMWYwJTIxMmYwJTIxM2YwJTIxM20yJTIxMWkxMDI0JTIxMmk3NjglMjE0ZjEzLjElMjEzbTMlMjExbTIlMjExczB4MTJhNGEyODFmM2NlNTM1NyUyNTNBMHhlMzhiMTRkMDcxYzVmOWUxJTIxMnNDRVRSJTIxNWUwJTIxM20yJTIxMXNlcyUyMTJzZXMlMjE0djE0NTg4MTU4MTQyMDElMjIlMjB3aWR0aCUzRCUyMjYwMCUyMiUyMGhlaWdodCUzRCUyMjQ1MCUyMiUyMGZyYW1lYm9yZGVyJTNEJTIyMCUyMiUyMHN0eWxlJTNEJTIyYm9yZGVyJTNBMCUyMiUyMGFsbG93ZnVsbHNjcmVlbiUzRSUzQyUyRmlmcmFtZSUzRQ==\u00bb size=\u00bb400&#8243;][\/vc_column_inner][vc_column_inner width=\u00bb1\/3&#8243; style=\u00bbdefault\u00bb visibility=\u00bb\u00bb css_animation=\u00bb\u00bb drop_shadow=\u00bb\u00bb bg_style=\u00bbstretch\u00bb][\/vc_column_inner][\/vc_row_inner][\/vc_column][\/vc_row]<\/p>\n","protected":false},"author":1,"featured_media":0,"parent":0,"menu_order":0,"comment_status":"closed","ping_status":"closed","template":"","meta":{"_acf_changed":false,"footnotes":""},"class_list":["post-16285","page","type-page","status-publish","hentry","entry","no-media"],"acf":[],"_links":{"self":[{"href":"https:\/\/cetr.net\/es\/wp-json\/wp\/v2\/pages\/16285","targetHints":{"allow":["GET"]}}],"collection":[{"href":"https:\/\/cetr.net\/es\/wp-json\/wp\/v2\/pages"}],"about":[{"href":"https:\/\/cetr.net\/es\/wp-json\/wp\/v2\/types\/page"}],"author":[{"embeddable":true,"href":"https:\/\/cetr.net\/es\/wp-json\/wp\/v2\/users\/1"}],"replies":[{"embeddable":true,"href":"https:\/\/cetr.net\/es\/wp-json\/wp\/v2\/comments?post=16285"}],"version-history":[{"count":13,"href":"https:\/\/cetr.net\/es\/wp-json\/wp\/v2\/pages\/16285\/revisions"}],"predecessor-version":[{"id":71286,"href":"https:\/\/cetr.net\/es\/wp-json\/wp\/v2\/pages\/16285\/revisions\/71286"}],"wp:attachment":[{"href":"https:\/\/cetr.net\/es\/wp-json\/wp\/v2\/media?parent=16285"}],"curies":[{"name":"wp","href":"https:\/\/api.w.org\/{rel}","templated":true}]}}