{"id":16289,"date":"2016-03-24T11:23:45","date_gmt":"2016-03-24T10:23:45","guid":{"rendered":"http:\/\/cetr.net\/?page_id=16289&#038;lang=es"},"modified":"2018-02-08T18:47:25","modified_gmt":"2018-02-08T17:47:25","slug":"quienes-somos","status":"publish","type":"page","link":"https:\/\/cetr.net\/es\/quienes-somos\/","title":{"rendered":"Quienes Somos"},"content":{"rendered":"<div class=\"wpb-content-wrapper\">[vc_row center_row=\u00bb\u00bb][vc_column][vc_text_separator title=\u00bbQuienes Somos\u00bb title_align=\u00bbseparator_align_left\u00bb style=\u00bbone\u00bb element_type=\u00bbdiv\u00bb][vc_column_text]<strong>CETR<\/strong>,Centro de Estudio de las Tradiciones de Sabidur\u00eda, es un espacio laico al servicio del estudio y el cultivo de la calidad humana. Es desde esta perspectiva desde la que abordamos el acercamiento a las tradiciones religiosas.<\/p>\n<p><strong>CETR<\/strong> inici\u00f3 su actividad en 1999, por la iniciativa desinteresada de su profesorado, con el objetivo de poder ofrecer un\u00a0 espacio independiente de reflexi\u00f3n, estudio y divulgaci\u00f3n, dirigido al conjunto de la ciutadania entorno al hecho religioso de las sociedades contemporaneas.<\/p>\n<p><a href=\"http:\/\/cetr.net\/files\/Conveni%20UAB.pdf\"><strong>CETR<\/strong> desde el a\u00f1o 2015 tiene un convenio de colaboraci\u00f3n con la Universidad Aut\u00f3noma de Barcelona.<\/a><\/p>\n<p><a href=\"http:\/\/cetr.net\/files\/Grup%20de%20recerca.pdf\"><strong>CETR<\/strong> en el a\u00f1o 2018 ha sido reconocido como <strong>Grupo de investigaci\u00f3n<\/strong> por la Generalitat de Catalunya.<\/a>[\/vc_column_text][vc_empty_space]<div class=\"vcex-module vcex-blog-grid-wrap wpex-clr img_cabecera\"><div class=\"wpex-row vcex-blog-grid wpex-clr entries\"><div class=\"vcex-blog-entry vcex-grid-item entry-has-details span_1_of_3 col-1 col entry post-51988 type-post has-media cat-169 cat-143\"><div class=\"vcex-blog-entry-inner entry-inner wpex-first-mt-0 wpex-last-mb-0 wpex-clr\"><div class=\"vcex-blog-entry-media entry-media wpex-relative\"><a href=\"https:\/\/cetr.net\/es\/objetivos-del-centro\/\" title=\"Objetivos del centro\"><img width=\"331\" height=\"228\" src=\"https:\/\/cetr.net\/wp-content\/uploads\/2015\/11\/cursos-ejemplo.jpg\" class=\"vcex-blog-entry-img wpex-align-middle\" alt=\"cursos-ejemplo\" loading=\"lazy\" decoding=\"async\" srcset=\"https:\/\/cetr.net\/wp-content\/uploads\/2015\/11\/cursos-ejemplo.jpg 331w, https:\/\/cetr.net\/wp-content\/uploads\/2015\/11\/cursos-ejemplo-300x207.jpg 300w\" sizes=\"auto, (max-width: 331px) 100vw, 331px\" \/><\/a><\/div><div class=\"vcex-blog-entry-details entry-details wpex-bordered wpex-first-mt-0 wpex-last-mb-0 wpex-clr\"><h2 class=\"vcex-blog-entry-title entry-title wpex-mb-5\"><a href=\"https:\/\/cetr.net\/es\/objetivos-del-centro\/\">Objetivos del centro<\/a><\/h2><div class=\"vcex-blog-entry-date entry-date wpex-text-sm wpex-text-3 wpex-mb-5\">5 de abril de 2016<\/div><div class=\"vcex-blog-entry-excerpt entry-excerpt wpex-my-15 wpex-text-pretty wpex-last-mb-0 wpex-clr\"><p>Posibilitar a las personas de las sociedades de hoy el acceso a la sabidur\u00eda de las tradiciones, una sabidur\u00eda que -mayoritariamente- viene vertida en formas culturales del pasado, con las dificultades que ello comporta. Favorecer la reflexi\u00f3n sobre la crisis de las formas religiosas sin culpabilizar a nadie ni a nada. Una reflexi\u00f3n basada en el an\u00e1lisis del cambio que ha sufrido el modelo cultural en el tr\u00e1nsito de las sociedades agr\u00edcolas, jer\u00e1rquicas, autoritarias, patriarcales en las que se generaron&hellip;<\/p><\/div><div class=\"vcex-blog-entry-readmore-wrap entry-readmore-wrap wpex-my-15 wpex-clr\"><a href=\"https:\/\/cetr.net\/es\/objetivos-del-centro\/\" class=\"entry-readmore theme-button\" aria-label=\"Llegir m\u00e9s about Objetivos del centro\">Llegir m\u00e9s<\/a><\/div><\/div><\/div><\/div><div class=\"vcex-blog-entry vcex-grid-item entry-has-details span_1_of_3 col-2 col entry post-51990 type-post has-media cat-169 cat-143\"><div class=\"vcex-blog-entry-inner entry-inner wpex-first-mt-0 wpex-last-mb-0 wpex-clr\"><div class=\"vcex-blog-entry-media entry-media wpex-relative\"><a href=\"https:\/\/cetr.net\/es\/funcion-del-cetr\/\" title=\"Funci\u00f3n del CETR\"><img width=\"331\" height=\"228\" src=\"https:\/\/cetr.net\/wp-content\/uploads\/2015\/11\/cursos-ejemplo.jpg\" class=\"vcex-blog-entry-img wpex-align-middle\" alt=\"cursos-ejemplo\" loading=\"lazy\" decoding=\"async\" srcset=\"https:\/\/cetr.net\/wp-content\/uploads\/2015\/11\/cursos-ejemplo.jpg 331w, https:\/\/cetr.net\/wp-content\/uploads\/2015\/11\/cursos-ejemplo-300x207.jpg 300w\" sizes=\"auto, (max-width: 331px) 100vw, 331px\" \/><\/a><\/div><div class=\"vcex-blog-entry-details entry-details wpex-bordered wpex-first-mt-0 wpex-last-mb-0 wpex-clr\"><h2 class=\"vcex-blog-entry-title entry-title wpex-mb-5\"><a href=\"https:\/\/cetr.net\/es\/funcion-del-cetr\/\">Funci\u00f3n del CETR<\/a><\/h2><div class=\"vcex-blog-entry-date entry-date wpex-text-sm wpex-text-3 wpex-mb-5\">5 de abril de 2016<\/div><div class=\"vcex-blog-entry-excerpt entry-excerpt wpex-my-15 wpex-text-pretty wpex-last-mb-0 wpex-clr\"><p>El n\u00facleo de las tradiciones religiosas y de la ense\u00f1anza de todos los maestros es el conocimiento de lo inefable; un conocimiento en el que el sujeto que conoce se silencia hasta desaparecen en una noticia, que es luz y fuego, y en la que lo que se conoce no es nada objetivable. Ese n\u00facleo numinoso se expresa mediante sistemas simb\u00f3licos destinados a apuntar hacia lo indecible y a silenciarse despu\u00e9s de haberlo apuntado. Son como un gran chambel\u00e1n encargado&hellip;<\/p><\/div><div class=\"vcex-blog-entry-readmore-wrap entry-readmore-wrap wpex-my-15 wpex-clr\"><a href=\"https:\/\/cetr.net\/es\/funcion-del-cetr\/\" class=\"entry-readmore theme-button\" aria-label=\"Llegir m\u00e9s about Funci\u00f3n del CETR\">Llegir m\u00e9s<\/a><\/div><\/div><\/div><\/div><div class=\"vcex-blog-entry vcex-grid-item entry-has-details span_1_of_3 col-3 col entry post-51993 type-post has-media cat-169 cat-143 translation_priority-535\"><div class=\"vcex-blog-entry-inner entry-inner wpex-first-mt-0 wpex-last-mb-0 wpex-clr\"><div class=\"vcex-blog-entry-media entry-media wpex-relative\"><a href=\"https:\/\/cetr.net\/es\/el-consejo-asesor\/\" title=\"El Consejo Asesor\"><img width=\"331\" height=\"228\" src=\"https:\/\/cetr.net\/wp-content\/uploads\/2015\/11\/cursos-ejemplo.jpg\" class=\"vcex-blog-entry-img wpex-align-middle\" alt=\"cursos-ejemplo\" loading=\"lazy\" decoding=\"async\" srcset=\"https:\/\/cetr.net\/wp-content\/uploads\/2015\/11\/cursos-ejemplo.jpg 331w, https:\/\/cetr.net\/wp-content\/uploads\/2015\/11\/cursos-ejemplo-300x207.jpg 300w\" sizes=\"auto, (max-width: 331px) 100vw, 331px\" \/><\/a><\/div><div class=\"vcex-blog-entry-details entry-details wpex-bordered wpex-first-mt-0 wpex-last-mb-0 wpex-clr\"><h2 class=\"vcex-blog-entry-title entry-title wpex-mb-5\"><a href=\"https:\/\/cetr.net\/es\/el-consejo-asesor\/\">El Consejo Asesor<\/a><\/h2><div class=\"vcex-blog-entry-date entry-date wpex-text-sm wpex-text-3 wpex-mb-5\">5 de abril de 2016<\/div><div class=\"vcex-blog-entry-excerpt entry-excerpt wpex-my-15 wpex-text-pretty wpex-last-mb-0 wpex-clr\"><p>En el a\u00f1o 2011 CeTR inici\u00f3 un proyecto de investigaci\u00f3n de la epistemolog\u00eda axiol\u00f3gica que cuenta con un Consejo Asesor con personas tan prestigiosas como Santiago Vidal, Maite Us\u00f3n, Alfred Vernis, Josep Maria Vall\u00e8s, Pascual Ortu\u00f1o y Joan Francesc Pont. El Consejo est\u00e1 abierto a nuevas incorporaciones. In memoriam No olvidaremos tantos a\u00f1os de colaboraci\u00f3n enriquecedora y desinteresada de Miquel Castellv\u00ed, Jorge Wagensberg, Jaume Botey, Pere Darder y Arcadi Oliveres. Con infinito agradecimiento.<\/p><\/div><div class=\"vcex-blog-entry-readmore-wrap entry-readmore-wrap wpex-my-15 wpex-clr\"><a href=\"https:\/\/cetr.net\/es\/el-consejo-asesor\/\" class=\"entry-readmore theme-button\" aria-label=\"Llegir m\u00e9s about El Consejo Asesor\">Llegir m\u00e9s<\/a><\/div><\/div><\/div><\/div><div class=\"vcex-blog-entry vcex-grid-item entry-has-details span_1_of_3 col-1 col entry post-51995 type-post has-media cat-169 cat-143\"><div class=\"vcex-blog-entry-inner entry-inner wpex-first-mt-0 wpex-last-mb-0 wpex-clr\"><div class=\"vcex-blog-entry-media entry-media wpex-relative\"><a href=\"https:\/\/cetr.net\/es\/historia\/\" title=\"Historia\"><img width=\"331\" height=\"228\" src=\"https:\/\/cetr.net\/wp-content\/uploads\/2015\/11\/cursos-ejemplo.jpg\" class=\"vcex-blog-entry-img wpex-align-middle\" alt=\"cursos-ejemplo\" loading=\"lazy\" decoding=\"async\" srcset=\"https:\/\/cetr.net\/wp-content\/uploads\/2015\/11\/cursos-ejemplo.jpg 331w, https:\/\/cetr.net\/wp-content\/uploads\/2015\/11\/cursos-ejemplo-300x207.jpg 300w\" sizes=\"auto, (max-width: 331px) 100vw, 331px\" \/><\/a><\/div><div class=\"vcex-blog-entry-details entry-details wpex-bordered wpex-first-mt-0 wpex-last-mb-0 wpex-clr\"><h2 class=\"vcex-blog-entry-title entry-title wpex-mb-5\"><a href=\"https:\/\/cetr.net\/es\/historia\/\">Historia<\/a><\/h2><div class=\"vcex-blog-entry-date entry-date wpex-text-sm wpex-text-3 wpex-mb-5\">5 de abril de 2016<\/div><div class=\"vcex-blog-entry-excerpt entry-excerpt wpex-my-15 wpex-text-pretty wpex-last-mb-0 wpex-clr\"><p>El Centro es una iniciativa de la Asociaci\u00f3n para el Estudio de las Tradiciones Religiosas, ETR. ETR es una asociaci\u00f3n sin \u00e1nimo de lucro, cuyo origen se encuentra en un grupo de personas que desde los a\u00f1os ochenta estudia y dialoga entorno a la cuesti\u00f3n del hecho religioso en el marco de las profundas transformaciones culturales de las sociedades contempor\u00e1neas. A lo largo de estos a\u00f1os este grupo ha trabajado conjuntamente diversos aspectos de este tema tan amplio, procurando mantener&hellip;<\/p><\/div><div class=\"vcex-blog-entry-readmore-wrap entry-readmore-wrap wpex-my-15 wpex-clr\"><a href=\"https:\/\/cetr.net\/es\/historia\/\" class=\"entry-readmore theme-button\" aria-label=\"Llegir m\u00e9s about Historia\">Llegir m\u00e9s<\/a><\/div><\/div><\/div><\/div><div class=\"vcex-blog-entry vcex-grid-item entry-has-details span_1_of_3 col-2 col entry post-51997 type-post has-media cat-169 cat-143\"><div class=\"vcex-blog-entry-inner entry-inner wpex-first-mt-0 wpex-last-mb-0 wpex-clr\"><div class=\"vcex-blog-entry-media entry-media wpex-relative\"><a href=\"https:\/\/cetr.net\/es\/equipo-humano\/\" title=\"Equipo humano\"><img width=\"2048\" height=\"1536\" src=\"https:\/\/cetr.net\/wp-content\/uploads\/2016\/04\/equip_huma.jpg\" class=\"vcex-blog-entry-img wpex-align-middle\" alt=\"\" loading=\"lazy\" decoding=\"async\" srcset=\"https:\/\/cetr.net\/wp-content\/uploads\/2016\/04\/equip_huma.jpg 2048w, https:\/\/cetr.net\/wp-content\/uploads\/2016\/04\/equip_huma-300x225.jpg 300w, https:\/\/cetr.net\/wp-content\/uploads\/2016\/04\/equip_huma-768x576.jpg 768w, https:\/\/cetr.net\/wp-content\/uploads\/2016\/04\/equip_huma-1024x768.jpg 1024w\" sizes=\"auto, (max-width: 2048px) 100vw, 2048px\" \/><\/a><\/div><div class=\"vcex-blog-entry-details entry-details wpex-bordered wpex-first-mt-0 wpex-last-mb-0 wpex-clr\"><h2 class=\"vcex-blog-entry-title entry-title wpex-mb-5\"><a href=\"https:\/\/cetr.net\/es\/equipo-humano\/\">Equipo humano<\/a><\/h2><div class=\"vcex-blog-entry-date entry-date wpex-text-sm wpex-text-3 wpex-mb-5\">5 de abril de 2016<\/div><div class=\"vcex-blog-entry-readmore-wrap entry-readmore-wrap wpex-my-15 wpex-clr\"><a href=\"https:\/\/cetr.net\/es\/equipo-humano\/\" class=\"entry-readmore theme-button\" aria-label=\"Llegir m\u00e9s about Equipo humano\">Llegir m\u00e9s<\/a><\/div><\/div><\/div><\/div><div class=\"vcex-blog-entry vcex-grid-item entry-has-details span_1_of_3 col-3 col entry post-63240 type-post has-media cat-169 cat-143\"><div class=\"vcex-blog-entry-inner entry-inner wpex-first-mt-0 wpex-last-mb-0 wpex-clr\"><div class=\"vcex-blog-entry-media entry-media wpex-relative\"><a href=\"https:\/\/cetr.net\/es\/reconocimientos-cetr\/\" title=\"Reconocimientos CETR\"><img width=\"190\" height=\"90\" src=\"https:\/\/cetr.net\/wp-content\/uploads\/2016\/04\/logo-letras.png\" class=\"vcex-blog-entry-img wpex-align-middle\" alt=\"logo\" loading=\"lazy\" decoding=\"async\" \/><\/a><\/div><div class=\"vcex-blog-entry-details entry-details wpex-bordered wpex-first-mt-0 wpex-last-mb-0 wpex-clr\"><h2 class=\"vcex-blog-entry-title entry-title wpex-mb-5\"><a href=\"https:\/\/cetr.net\/es\/reconocimientos-cetr\/\">Reconocimientos CETR<\/a><\/h2><div class=\"vcex-blog-entry-date entry-date wpex-text-sm wpex-text-3 wpex-mb-5\">8 de febrero de 2018<\/div><div class=\"vcex-blog-entry-excerpt entry-excerpt wpex-my-15 wpex-text-pretty wpex-last-mb-0 wpex-clr\"><p>CETR desde el a\u00f1o 2015 tiene un convenio de colaboraci\u00f3n con la Universidad Aut\u00f3noma de Barcelona.\r\n\r\nCETR en el a\u00f1o 2018 ha sido reconocido como Grupo de investigaci\u00f3n por la Generalitat de Catalunya.<\/p><\/div><div class=\"vcex-blog-entry-readmore-wrap entry-readmore-wrap wpex-my-15 wpex-clr\"><a href=\"https:\/\/cetr.net\/es\/reconocimientos-cetr\/\" class=\"entry-readmore theme-button\" aria-label=\"Llegir m\u00e9s about Reconocimientos CETR\">Llegir m\u00e9s<\/a><\/div><\/div><\/div><\/div><\/div><\/div>[\/vc_column][\/vc_row]\n<\/div>","protected":false},"excerpt":{"rendered":"<p>[vc_row center_row=\u00bb\u00bb][vc_column][vc_text_separator title=\u00bbQuienes Somos\u00bb title_align=\u00bbseparator_align_left\u00bb style=\u00bbone\u00bb element_type=\u00bbdiv\u00bb][vc_column_text]CETR,Centro de Estudio de las Tradiciones de Sabidur\u00eda, es un espacio laico al servicio del estudio y el cultivo de la calidad humana. Es desde esta perspectiva desde la que abordamos el acercamiento a las tradiciones religiosas. CETR inici\u00f3 su actividad en 1999, por la iniciativa desinteresada de su&hellip;<\/p>\n","protected":false},"author":1,"featured_media":0,"parent":0,"menu_order":0,"comment_status":"closed","ping_status":"closed","template":"","meta":{"_acf_changed":false,"footnotes":""},"class_list":["post-16289","page","type-page","status-publish","hentry","entry","has-media"],"acf":[],"_links":{"self":[{"href":"https:\/\/cetr.net\/es\/wp-json\/wp\/v2\/pages\/16289","targetHints":{"allow":["GET"]}}],"collection":[{"href":"https:\/\/cetr.net\/es\/wp-json\/wp\/v2\/pages"}],"about":[{"href":"https:\/\/cetr.net\/es\/wp-json\/wp\/v2\/types\/page"}],"author":[{"embeddable":true,"href":"https:\/\/cetr.net\/es\/wp-json\/wp\/v2\/users\/1"}],"replies":[{"embeddable":true,"href":"https:\/\/cetr.net\/es\/wp-json\/wp\/v2\/comments?post=16289"}],"version-history":[{"count":8,"href":"https:\/\/cetr.net\/es\/wp-json\/wp\/v2\/pages\/16289\/revisions"}],"predecessor-version":[{"id":63243,"href":"https:\/\/cetr.net\/es\/wp-json\/wp\/v2\/pages\/16289\/revisions\/63243"}],"wp:attachment":[{"href":"https:\/\/cetr.net\/es\/wp-json\/wp\/v2\/media?parent=16289"}],"curies":[{"name":"wp","href":"https:\/\/api.w.org\/{rel}","templated":true}]}}