{"id":61318,"date":"2016-10-19T17:46:16","date_gmt":"2016-10-19T15:46:16","guid":{"rendered":"http:\/\/cetr.net\/?page_id=61318&#038;lang=es"},"modified":"2019-01-30T18:05:31","modified_gmt":"2019-01-30T17:05:31","slug":"introduccion","status":"publish","type":"page","link":"https:\/\/cetr.net\/es\/introduccion\/","title":{"rendered":"Introducci\u00f3n"},"content":{"rendered":"<div class=\"wpb-content-wrapper\">[vc_row][vc_column][vc_column_text el_class=\u00bblistado_cursos_titulo\u00bb]<span style=\"font-size: 21px;\"><strong>Introducci\u00f3n<\/strong><\/span>[\/vc_column_text]<div class=\"vcex-module vcex-blog-grid-wrap wpex-clr listado_cursos\"><div class=\"wpex-row vcex-blog-grid wpex-clr entries\"><div class=\"vcex-blog-entry vcex-grid-item entry-has-details span_1_of_1 col-1 col entry post-61770 type-post no-media cat-470 cat-486 cat-481 cat-471\"><div class=\"vcex-blog-entry-inner entry-inner wpex-first-mt-0 wpex-last-mb-0 wpex-clr\"><div class=\"vcex-blog-entry-details entry-details wpex-bordered wpex-first-mt-0 wpex-last-mb-0 wpex-clr\"><h2 class=\"vcex-blog-entry-title entry-title wpex-mb-5\"><a href=\"https:\/\/cetr.net\/es\/formalidad-de-lo-axiologico-como-sensitivo-cualitativo-y-concreto\/\">Formalidad de lo axiol\u00f3gico como sensitivo, cualitativo y concreto<\/a><\/h2><div class=\"vcex-blog-entry-excerpt entry-excerpt wpex-my-15 wpex-text-pretty wpex-last-mb-0 wpex-clr\"><p>El objetivo de este trabajo es abordar la formalidad de lo valioso-concreto. Partiendo de la hip\u00f3tesis que los humanos somos animales constituidos por el habla y que es a trav\u00e9s de ella que configuramos y transmitimos lo valioso hemos considerado que la ling\u00fc\u00edstica deber\u00eda podernos ayudar para nuestro prop\u00f3sito. Nos hemos valido de los estudios de la ling\u00fc\u00edstica, en concreto los de Greimas, que indagan la formalidad propia de la sem\u00e1ntica cualitativa de narraciones axiologizantes como los cuentos populares, las narraciones y algunos mitos.\r\n\r\nSomos animales que nos constituimos hablando y esa comunicaci\u00f3n entre sujetos es la semiotizaci\u00f3n de la relaci\u00f3n con el medio (relaci\u00f3n S-O). Lo que vamos a intentar investigar es la formalidad de la comunicaci\u00f3n de lo axiol\u00f3gico que se cumple en el lenguaje natural por ser valoral al no intervenir en \u00e9l ni las ciencias ni las tecnolog\u00edas. Cuando entre el Sujeto y el Objeto opera la tecnociencia, la relaci\u00f3n  S-O deja de ser axiol\u00f3gica por lo que en la comunicaci\u00f3n S-S deja de darse la semiotizaci\u00f3n estimulativa propia de la relaci\u00f3n preindustrial con el medio expresada en la lengua natural.\r\n<\/p><\/div><div class=\"vcex-blog-entry-readmore-wrap entry-readmore-wrap wpex-my-15 wpex-clr\"><a href=\"https:\/\/cetr.net\/es\/formalidad-de-lo-axiologico-como-sensitivo-cualitativo-y-concreto\/\" class=\"entry-readmore theme-button\" aria-label=\"Leer m\u00e1s about Formalidad de lo axiol\u00f3gico como sensitivo, cualitativo y concreto\">Leer m\u00e1s<\/a><\/div><\/div><\/div><\/div><div class=\"vcex-blog-entry vcex-grid-item entry-has-details span_1_of_1 col-1 col entry post-61731 type-post no-media cat-470 cat-471\"><div class=\"vcex-blog-entry-inner entry-inner wpex-first-mt-0 wpex-last-mb-0 wpex-clr\"><div class=\"vcex-blog-entry-details entry-details wpex-bordered wpex-first-mt-0 wpex-last-mb-0 wpex-clr\"><h2 class=\"vcex-blog-entry-title entry-title wpex-mb-5\"><a href=\"https:\/\/cetr.net\/es\/analisis-de-la-critica-a-la-religion-de-bertrand-russell-desde-la-epistemologia-axiologica\/\">An\u00e1lisis de la cr\u00edtica a la Religi\u00f3n de Bertrand Russell desde la Epistemolog\u00eda Axiol\u00f3gica<\/a><\/h2><div class=\"vcex-blog-entry-excerpt entry-excerpt wpex-my-15 wpex-text-pretty wpex-last-mb-0 wpex-clr\"><p>La pretensi\u00f3n del trabajo es una reflexi\u00f3n sobre la epistemolog\u00eda axiol\u00f3gica. A partir de un caso pr\u00e1ctico, intentaremos poner de manifiesto, los criterios y las opiniones, basados en una epistemolog\u00eda m\u00edtica que todav\u00eda est\u00e1n operando; mostraremos los argumentos en los que se apoya el texto que analizamos, al mismo tiempo que explicaremos algunos conceptos respecto a la nueva antropolog\u00eda en la que se fundamenta la epistemolog\u00eda axiol\u00f3gica.\r\n\r\nPara ello hemos partido de una breve publicaci\u00f3n que re\u00fane algunos ensayos y conferencias de Bertrand Russell[1], un conjunto de textos que muestran su pensamiento respecto al hecho de ser cristiano, al papel que han jugado las religiones, la moral, lo que \u00e9l dice que cree\u2026 . Es, en definitiva, una cr\u00edtica a las religiones.\r\n\r\nAunque Bertrand Russell fue reconocido  por sus contribuciones a temas tan puramente abstractos como la l\u00f3gica y la teor\u00eda del conocimiento, tambi\u00e9n se le reconoci\u00f3 socialmente como uno de los grandes ateos en moral y religi\u00f3n hasta el punto que se le vet\u00f3 en la universidad de la ciudad de Nueva York despu\u00e9s de haber sido invitado para cubrir una vacante.<\/p><\/div><div class=\"vcex-blog-entry-readmore-wrap entry-readmore-wrap wpex-my-15 wpex-clr\"><a href=\"https:\/\/cetr.net\/es\/analisis-de-la-critica-a-la-religion-de-bertrand-russell-desde-la-epistemologia-axiologica\/\" class=\"entry-readmore theme-button\" aria-label=\"Leer m\u00e1s about An\u00e1lisis de la cr\u00edtica a la Religi\u00f3n de Bertrand Russell desde la Epistemolog\u00eda Axiol\u00f3gica\">Leer m\u00e1s<\/a><\/div><\/div><\/div><\/div><div class=\"vcex-blog-entry vcex-grid-item entry-has-details span_1_of_1 col-1 col entry post-61669 type-post no-media cat-470 cat-471\"><div class=\"vcex-blog-entry-inner entry-inner wpex-first-mt-0 wpex-last-mb-0 wpex-clr\"><div class=\"vcex-blog-entry-details entry-details wpex-bordered wpex-first-mt-0 wpex-last-mb-0 wpex-clr\"><h2 class=\"vcex-blog-entry-title entry-title wpex-mb-5\"><a href=\"https:\/\/cetr.net\/es\/superando-la-nocion-de-naturaleza-humana-consecuencias-de-la-sociedad-de-conocimiento\/\">Superando la noci\u00f3n de \u201cnaturaleza humana\u201d Consecuencias de la sociedad de conocimiento<\/a><\/h2><div class=\"vcex-blog-entry-excerpt entry-excerpt wpex-my-15 wpex-text-pretty wpex-last-mb-0 wpex-clr\"><p>Las sociedades humanas son cambiantes tanto temporal como geogr\u00e1ficamente. Esta es una de los piedras angulares del trabajo de la antropolog\u00eda social y cultural, que durante su m\u00e1s de un siglo de existencia ha dedicado buena parte de sus energ\u00edas a profundizar en el c\u00f3mo, porqu\u00e9, d\u00f3nde, cu\u00e1ndo\u2026 de las variaciones de la vida de la gente. Se puede afirmar que de los motivos de diferenciaci\u00f3n entre las sociedades el m\u00e1s b\u00e1sico es el que la antropolog\u00eda econ\u00f3mica y la antropolog\u00eda pol\u00edtica presentan como \u201crevoluciones\u201d, como por ejemplo lo fueron la agr\u00edcola o la industrial, refiri\u00e9ndose a ellas como \u201clas grandes transformaciones en la complejidad social humana\u201d (Lewellen, 2009: 69). Estas grandes transformaciones parten de un cambio radical en la forma de vida de las sociedades y sus efectos se extienden al resto de los \u00e1mbitos de la existencia de las mujeres y los hombres que las forman. Uno de estos \u00e1mbitos, seguramente uno de los m\u00e1s fundamentales, es el de la definici\u00f3n de la naturaleza humana.<\/p><\/div><div class=\"vcex-blog-entry-readmore-wrap entry-readmore-wrap wpex-my-15 wpex-clr\"><a href=\"https:\/\/cetr.net\/es\/superando-la-nocion-de-naturaleza-humana-consecuencias-de-la-sociedad-de-conocimiento\/\" class=\"entry-readmore theme-button\" aria-label=\"Leer m\u00e1s about Superando la noci\u00f3n de \u201cnaturaleza humana\u201d Consecuencias de la sociedad de conocimiento\">Leer m\u00e1s<\/a><\/div><\/div><\/div><\/div><div class=\"vcex-blog-entry vcex-grid-item entry-has-details span_1_of_1 col-1 col entry post-61573 type-post no-media cat-470 cat-486 cat-481 cat-471\"><div class=\"vcex-blog-entry-inner entry-inner wpex-first-mt-0 wpex-last-mb-0 wpex-clr\"><div class=\"vcex-blog-entry-details entry-details wpex-bordered wpex-first-mt-0 wpex-last-mb-0 wpex-clr\"><h2 class=\"vcex-blog-entry-title entry-title wpex-mb-5\"><a href=\"https:\/\/cetr.net\/es\/epistemologia-axiologica-y-bioetica-global-dos-herramientas-para-la-construccion-de-proyectos-axiologicos-colectivos-pacs\/\">EPISTEMOLOG\u00cdA AXIOL\u00d3GICA  Y BIO\u00c9TICA GLOBAL Dos herramientas para la construcci\u00f3n de Proyectos Axiol\u00f3gicos Colectivos PACs<\/a><\/h2><div class=\"vcex-blog-entry-excerpt entry-excerpt wpex-my-15 wpex-text-pretty wpex-last-mb-0 wpex-clr\"><p>Tanto la bio\u00e9tica global como la epistemolog\u00eda axiol\u00f3gica tienen un origen com\u00fan, que vamos a llamar la \u201crevoluci\u00f3n contempor\u00e1nea del saber\u201d. Las dos, son propuestas de pensamiento y de acci\u00f3n que quieren salirle al paso al desmantelamiento axiol\u00f3gico de las sociedades de conocimiento.\r\n\r\n La bio\u00e9tica global y la epistemolog\u00eda axiol\u00f3gica se convierten, para las sociedades actuales ya sean sociedades de conocimiento o sociedades en tr\u00e1nsito, en dos herramientas pertinentes para la continuaci\u00f3n inteligente del proceso de hominizaci\u00f3n. En este sentido, las dos propuestas no s\u00f3lo son complementarias, sino que se implican mutuamente cuando se trata de elaborar Proyectos Axiol\u00f3gicos Concretos PACs.  Es decir, modos de vida que las comunidades humanas, dentro de coordenadas espacio-temporales y culturales espec\u00edficas, deben asumir para la construcci\u00f3n de sus fines, sus valores, sus formas de cohesi\u00f3n y de organizaci\u00f3n social, y de esta manera resistir a las formas de deshumanizaci\u00f3n que ponen en riesgo la sostenibilidad humana y planetaria. <\/p><\/div><div class=\"vcex-blog-entry-readmore-wrap entry-readmore-wrap wpex-my-15 wpex-clr\"><a href=\"https:\/\/cetr.net\/es\/epistemologia-axiologica-y-bioetica-global-dos-herramientas-para-la-construccion-de-proyectos-axiologicos-colectivos-pacs\/\" class=\"entry-readmore theme-button\" aria-label=\"Leer m\u00e1s about EPISTEMOLOG\u00cdA AXIOL\u00d3GICA  Y BIO\u00c9TICA GLOBAL Dos herramientas para la construcci\u00f3n de Proyectos Axiol\u00f3gicos Colectivos PACs\">Leer m\u00e1s<\/a><\/div><\/div><\/div><\/div><\/div><\/div>[\/vc_column][\/vc_row]\n<\/div>","protected":false},"excerpt":{"rendered":"<p>[vc_row][vc_column][vc_column_text el_class=\u00bblistado_cursos_titulo\u00bb]Introducci\u00f3n[\/vc_column_text][\/vc_column][\/vc_row]<\/p>\n","protected":false},"author":1,"featured_media":0,"parent":0,"menu_order":0,"comment_status":"closed","ping_status":"closed","template":"","meta":{"_acf_changed":false,"footnotes":""},"class_list":["post-61318","page","type-page","status-publish","hentry","entry","no-media"],"acf":[],"_links":{"self":[{"href":"https:\/\/cetr.net\/es\/wp-json\/wp\/v2\/pages\/61318","targetHints":{"allow":["GET"]}}],"collection":[{"href":"https:\/\/cetr.net\/es\/wp-json\/wp\/v2\/pages"}],"about":[{"href":"https:\/\/cetr.net\/es\/wp-json\/wp\/v2\/types\/page"}],"author":[{"embeddable":true,"href":"https:\/\/cetr.net\/es\/wp-json\/wp\/v2\/users\/1"}],"replies":[{"embeddable":true,"href":"https:\/\/cetr.net\/es\/wp-json\/wp\/v2\/comments?post=61318"}],"version-history":[{"count":6,"href":"https:\/\/cetr.net\/es\/wp-json\/wp\/v2\/pages\/61318\/revisions"}],"predecessor-version":[{"id":61576,"href":"https:\/\/cetr.net\/es\/wp-json\/wp\/v2\/pages\/61318\/revisions\/61576"}],"wp:attachment":[{"href":"https:\/\/cetr.net\/es\/wp-json\/wp\/v2\/media?parent=61318"}],"curies":[{"name":"wp","href":"https:\/\/api.w.org\/{rel}","templated":true}]}}