{"id":61322,"date":"2016-10-19T17:57:47","date_gmt":"2016-10-19T15:57:47","guid":{"rendered":"http:\/\/cetr.net\/?page_id=61322&#038;lang=es"},"modified":"2016-11-15T19:20:46","modified_gmt":"2016-11-15T18:20:46","slug":"necesidad-de-epistemologia-axiologica","status":"publish","type":"page","link":"https:\/\/cetr.net\/es\/necesidad-de-epistemologia-axiologica\/","title":{"rendered":"Necesidad de epistemolog\u00eda axiol\u00f3gica"},"content":{"rendered":"<div class=\"wpb-content-wrapper\">[vc_row][vc_column][vc_column_text el_class=\u00bblistado_cursos_titulo\u00bb]\n<p><span style=\"font-size: 21px;\"><strong>Necesidad de epistemolog\u00eda axiol\u00f3gica<\/strong><\/span><\/p>\n[\/vc_column_text]<div class=\"vcex-module vcex-blog-grid-wrap wpex-clr listado_cursos\"><div class=\"wpex-row vcex-blog-grid wpex-clr entries\"><div class=\"vcex-blog-entry vcex-grid-item entry-has-details span_1_of_1 col-1 col entry post-61432 type-post no-media cat-470 cat-486 cat-474\"><div class=\"vcex-blog-entry-inner entry-inner wpex-first-mt-0 wpex-last-mb-0 wpex-clr\"><div class=\"vcex-blog-entry-details entry-details wpex-bordered wpex-first-mt-0 wpex-last-mb-0 wpex-clr\"><h2 class=\"vcex-blog-entry-title entry-title wpex-mb-5\"><a href=\"https:\/\/cetr.net\/es\/necesidad-de-una-epistemologia-axiologica-o-de-los-valores\/\">NECESIDAD DE UNA EPISTEMOLOG\u00cdA AXIOL\u00d3GICA O DE LOS VALORES.<\/a><\/h2><div class=\"vcex-blog-entry-excerpt entry-excerpt wpex-my-15 wpex-text-pretty wpex-last-mb-0 wpex-clr\"><p>La crisis axiol\u00f3gica que estamos sufriendo es la m\u00e1s grave que ha sufrido la humanidad en su larga historia. \u00bfEn qu\u00e9 se fundamenta esta afirmaci\u00f3n? En que tenemos que realizar un tr\u00e1nsito que jam\u00e1s ocurri\u00f3 en el pasado: pasar de programarse para no cambiar y bloquear todo posible cambio de importancia y toda posible alternativa, a tener que programarse para fomentar, mantener y motivar el cambio constante.\r\n\r\nEn este tr\u00e1nsito, que nos resulta inevitable, se levantan graves preguntas: \u00bfEs posible ese tipo de programaci\u00f3n de cambio continuo para unos vivientes? \u00bfEs posible para los humanos vivir libres de toda sujeci\u00f3n a formas? \u00bfD\u00f3nde habr\u00e1 que hacer pie, social e individualmente, para poder vivir en libertad completa de sumisi\u00f3n a f\u00f3rmulas y formas intocables, y para poder cambiar lo que convenga y cuando convenga? \u00bfEs posible, a unos pobres vivientes como nosotros, vivir en esa continua vaciedad de puntos de apoyo fijos y en la continua creatividad?\r\nTenemos un grave problema con lo axiol\u00f3gico en general, y no tenemos ning\u00fan saber sobre c\u00f3mo manejarnos convenientemente en ese asunto tan central y b\u00e1sico para unos seres necesitados como nosotros, que precisan ser orientados para poder vivir.\r\n\r\nNuestros antepasados ni pudieron tomar conciencia de que constru\u00edan ellos mismos sus propios proyectos axiol\u00f3gicos, porque lo hac\u00edan a lo largo de milenios, ni tampoco deb\u00edan tomar conciencia de ello, deb\u00edan prohib\u00edrselo, porque hubieran quebrado su intocabilidad. Los procedimientos para asentar su absoluta intocabilidad podr\u00edamos decir que eran ardides del sistema de programaci\u00f3n de sociedades est\u00e1ticas.<\/p><\/div><div class=\"vcex-blog-entry-readmore-wrap entry-readmore-wrap wpex-my-15 wpex-clr\"><a href=\"https:\/\/cetr.net\/es\/necesidad-de-una-epistemologia-axiologica-o-de-los-valores\/\" class=\"entry-readmore theme-button\" aria-label=\"Leer m\u00e1s about NECESIDAD DE UNA EPISTEMOLOG\u00cdA AXIOL\u00d3GICA O DE LOS VALORES.\">Leer m\u00e1s<\/a><\/div><\/div><\/div><\/div><\/div><\/div>[\/vc_column][\/vc_row]\n<\/div>","protected":false},"excerpt":{"rendered":"<p>[vc_row][vc_column][vc_column_text el_class=\u00bblistado_cursos_titulo\u00bb] Necesidad de epistemolog\u00eda axiol\u00f3gica [\/vc_column_text][\/vc_column][\/vc_row]<\/p>\n","protected":false},"author":1,"featured_media":0,"parent":0,"menu_order":0,"comment_status":"closed","ping_status":"closed","template":"","meta":{"_acf_changed":false,"footnotes":""},"class_list":["post-61322","page","type-page","status-publish","hentry","entry","no-media"],"acf":[],"_links":{"self":[{"href":"https:\/\/cetr.net\/es\/wp-json\/wp\/v2\/pages\/61322","targetHints":{"allow":["GET"]}}],"collection":[{"href":"https:\/\/cetr.net\/es\/wp-json\/wp\/v2\/pages"}],"about":[{"href":"https:\/\/cetr.net\/es\/wp-json\/wp\/v2\/types\/page"}],"author":[{"embeddable":true,"href":"https:\/\/cetr.net\/es\/wp-json\/wp\/v2\/users\/1"}],"replies":[{"embeddable":true,"href":"https:\/\/cetr.net\/es\/wp-json\/wp\/v2\/comments?post=61322"}],"version-history":[{"count":4,"href":"https:\/\/cetr.net\/es\/wp-json\/wp\/v2\/pages\/61322\/revisions"}],"predecessor-version":[{"id":61742,"href":"https:\/\/cetr.net\/es\/wp-json\/wp\/v2\/pages\/61322\/revisions\/61742"}],"wp:attachment":[{"href":"https:\/\/cetr.net\/es\/wp-json\/wp\/v2\/media?parent=61322"}],"curies":[{"name":"wp","href":"https:\/\/api.w.org\/{rel}","templated":true}]}}