{"id":61324,"date":"2016-10-19T18:00:41","date_gmt":"2016-10-19T16:00:41","guid":{"rendered":"http:\/\/cetr.net\/?page_id=61324&#038;lang=es"},"modified":"2021-05-25T17:03:19","modified_gmt":"2021-05-25T15:03:19","slug":"doble-dimension-de-lo-real","status":"publish","type":"page","link":"https:\/\/cetr.net\/es\/doble-dimension-de-lo-real\/","title":{"rendered":"Doble dimensi\u00f3n de lo real"},"content":{"rendered":"<div class=\"wpb-content-wrapper\">[vc_row][vc_column][vc_column_text el_class=\u00bblistado_cursos_titulo\u00bb]\n<p><span style=\"font-size: 21px;\"><strong>Doble dimensi\u00f3n de lo real<\/strong><\/span><\/p>\n[\/vc_column_text]<div class=\"vcex-module vcex-blog-grid-wrap wpex-clr listado_cursos\"><div class=\"wpex-row vcex-blog-grid wpex-clr entries\"><div class=\"vcex-blog-entry vcex-grid-item entry-has-details span_1_of_1 col-1 col entry post-63415 type-post has-media cat-456 cat-145 cat-160 cat-475 cat-470 cat-388\"><div class=\"vcex-blog-entry-inner entry-inner wpex-first-mt-0 wpex-last-mb-0 wpex-clr\"><div class=\"vcex-blog-entry-details entry-details wpex-bordered wpex-first-mt-0 wpex-last-mb-0 wpex-clr\"><h2 class=\"vcex-blog-entry-title entry-title wpex-mb-5\"><a href=\"https:\/\/cetr.net\/es\/reflexions-sobre-la-mort\/\">Reflexiones sobre la muerte<\/a><\/h2><div class=\"vcex-blog-entry-excerpt entry-excerpt wpex-my-15 wpex-text-pretty wpex-last-mb-0 wpex-clr\"><p>La desaparici\u00f3n de mi perro ha sido una ocasi\u00f3n para reflexionar sobre la muerte.\u00a0\r\nMientras escrib\u00eda este libro se me ha muerto mi perro Qitxo. Aprovecho este triste acontecimiento para hacer algunas reflexiones que considero importantes. [...] Cuando me desped\u00ed de \u00e9l, le dije convencido: \u00a1Volveremos a vernos, Quitxo! \u00bfEs ese un deseo vac\u00edo? No. Quiero investigar su fundamento. [...] Tanto Quitxo como yo somos s\u00f3lo puras formas de la dimensi\u00f3n absoluta de lo real. Esa dimensi\u00f3n absoluta es sin tiempo y sin espacio, y con tiempo y con espacio. Quitxo y yo somos con tiempo-espacio y sin tiempo-espacio. Desde el tiempo-espacio nacimos y \u00e9l ha muerto. Desde el no tiempo-espacio ni \u00e9l ha muerto, ni yo morir\u00e9. En esa dimensi\u00f3n de lo real, entre \u00e9l y yo no hay dualidad.\r\n<\/p><\/div><div class=\"vcex-blog-entry-readmore-wrap entry-readmore-wrap wpex-my-15 wpex-clr\"><a href=\"https:\/\/cetr.net\/es\/reflexions-sobre-la-mort\/\" class=\"entry-readmore theme-button\" aria-label=\"Leer m\u00e1s about Reflexiones sobre la muerte\">Leer m\u00e1s<\/a><\/div><\/div><\/div><\/div><div class=\"vcex-blog-entry vcex-grid-item entry-has-details span_1_of_1 col-1 col entry post-61762 type-post no-media cat-475 cat-470\"><div class=\"vcex-blog-entry-inner entry-inner wpex-first-mt-0 wpex-last-mb-0 wpex-clr\"><div class=\"vcex-blog-entry-details entry-details wpex-bordered wpex-first-mt-0 wpex-last-mb-0 wpex-clr\"><h2 class=\"vcex-blog-entry-title entry-title wpex-mb-5\"><a href=\"https:\/\/cetr.net\/es\/funcion-biologica-del-doble-acceso-a-la-realidad\/\">Funci\u00f3n biol\u00f3gica del doble acceso a la realidad<\/a><\/h2><div class=\"vcex-blog-entry-excerpt entry-excerpt wpex-my-15 wpex-text-pretty wpex-last-mb-0 wpex-clr\"><p>En este escrito pretendemos mostrar que todos los fen\u00f3menos cognoscitivos y axiol\u00f3gicos humanos pueden ser fundamentados y explicados desde la epistemolog\u00eda axiol\u00f3gica. Veremos que \u00e9sta puede dar raz\u00f3n tanto de los fen\u00f3menos que tienen que ver con la condici\u00f3n de animal necesitado de nuestra especie como los que tienen que ver con la dimensi\u00f3n absoluta de lo real.\r\n\r\nEsta capacidad de dar cuenta racionalmente de la globalidad de los fen\u00f3menos axiol\u00f3gicos y cognoscitivos humanos individuales y colectivos, nos va a permitir tratarlos adecuadamente en una situaci\u00f3n cultural como la nuestra en la que no podemos heredar nuestras formas de vida ni del legado de nuestros antepasados, ni de nuestros dioses ni de la naturaleza de las cosas.<\/p><\/div><div class=\"vcex-blog-entry-readmore-wrap entry-readmore-wrap wpex-my-15 wpex-clr\"><a href=\"https:\/\/cetr.net\/es\/funcion-biologica-del-doble-acceso-a-la-realidad\/\" class=\"entry-readmore theme-button\" aria-label=\"Leer m\u00e1s about Funci\u00f3n biol\u00f3gica del doble acceso a la realidad\">Leer m\u00e1s<\/a><\/div><\/div><\/div><\/div><div class=\"vcex-blog-entry vcex-grid-item entry-has-details span_1_of_1 col-1 col entry post-61738 type-post no-media cat-494 cat-475 cat-470 cat-486\"><div class=\"vcex-blog-entry-inner entry-inner wpex-first-mt-0 wpex-last-mb-0 wpex-clr\"><div class=\"vcex-blog-entry-details entry-details wpex-bordered wpex-first-mt-0 wpex-last-mb-0 wpex-clr\"><h2 class=\"vcex-blog-entry-title entry-title wpex-mb-5\"><a href=\"https:\/\/cetr.net\/es\/la-dimension-absoluta-de-la-realidad-desde-la-sociedad-de-conocimiento-sc\/\">La dimensi\u00f3n absoluta de la realidad desde la sociedad de conocimiento (SC)<\/a><\/h2><div class=\"vcex-blog-entry-excerpt entry-excerpt wpex-my-15 wpex-text-pretty wpex-last-mb-0 wpex-clr\"><p>En este trabajo me propongo abordar lo que en terminolog\u00eda corbiana se denomina la dimensi\u00f3n absoluta de la realidad, DA, con el objetivo de desentra\u00f1arla sin tener que recurrir a creencias. Si el objetivo se consiguiera, se allanar\u00eda el reconocimiento colectivo de DA para las sociedades de conocimiento SC, y desde ah\u00ed el cultivo del acceso a ella con los beneficios que tiene para individuos, colectivos y el planeta.\r\n \r\nPretendo alcanzar este objetivo utilizando \u00fanicamente aparato conceptual porque en la SC se interpreta la realidad no simb\u00f3licamente sino con conceptualizaciones, por ello voy a tener que alejarme estrat\u00e9gicamente del lenguaje simb\u00f3lico. <\/p><\/div><div class=\"vcex-blog-entry-readmore-wrap entry-readmore-wrap wpex-my-15 wpex-clr\"><a href=\"https:\/\/cetr.net\/es\/la-dimension-absoluta-de-la-realidad-desde-la-sociedad-de-conocimiento-sc\/\" class=\"entry-readmore theme-button\" aria-label=\"Leer m\u00e1s about La dimensi\u00f3n absoluta de la realidad desde la sociedad de conocimiento (SC)\">Leer m\u00e1s<\/a><\/div><\/div><\/div><\/div><\/div><\/div>[\/vc_column][\/vc_row]\n<\/div>","protected":false},"excerpt":{"rendered":"<p>[vc_row][vc_column][vc_column_text el_class=\u00bblistado_cursos_titulo\u00bb] Doble dimensi\u00f3n de lo real [\/vc_column_text][\/vc_column][\/vc_row]<\/p>\n","protected":false},"author":1,"featured_media":0,"parent":0,"menu_order":0,"comment_status":"closed","ping_status":"closed","template":"","meta":{"_acf_changed":false,"footnotes":""},"class_list":["post-61324","page","type-page","status-publish","hentry","entry","no-media"],"acf":[],"_links":{"self":[{"href":"https:\/\/cetr.net\/es\/wp-json\/wp\/v2\/pages\/61324","targetHints":{"allow":["GET"]}}],"collection":[{"href":"https:\/\/cetr.net\/es\/wp-json\/wp\/v2\/pages"}],"about":[{"href":"https:\/\/cetr.net\/es\/wp-json\/wp\/v2\/types\/page"}],"author":[{"embeddable":true,"href":"https:\/\/cetr.net\/es\/wp-json\/wp\/v2\/users\/1"}],"replies":[{"embeddable":true,"href":"https:\/\/cetr.net\/es\/wp-json\/wp\/v2\/comments?post=61324"}],"version-history":[{"count":4,"href":"https:\/\/cetr.net\/es\/wp-json\/wp\/v2\/pages\/61324\/revisions"}],"predecessor-version":[{"id":67993,"href":"https:\/\/cetr.net\/es\/wp-json\/wp\/v2\/pages\/61324\/revisions\/67993"}],"wp:attachment":[{"href":"https:\/\/cetr.net\/es\/wp-json\/wp\/v2\/media?parent=61324"}],"curies":[{"name":"wp","href":"https:\/\/api.w.org\/{rel}","templated":true}]}}