{"id":64644,"date":"2019-02-15T09:25:11","date_gmt":"2019-02-15T08:25:11","guid":{"rendered":"http:\/\/cetr.net\/?page_id=64644&#038;lang=es"},"modified":"2024-06-25T19:43:17","modified_gmt":"2024-06-25T17:43:17","slug":"epistemologia-de-los-valores","status":"publish","type":"page","link":"https:\/\/cetr.net\/es\/epistemologia-de-los-valores\/","title":{"rendered":"Epistemolog\u00eda de los valores"},"content":{"rendered":"<div class=\"wpb-content-wrapper\">[vc_row][vc_column][vc_column_text]<strong><span style=\"font-size: 21px;\">L\u2019Ag\u00e8ncia de Gesti\u00f3 d\u2019Ajuts Universitaris i de Recerca (AGAUR) ha concedido a CETR el reconocimiento como a Grupo de Investigaci\u00f3n por la Generalitat de Catalunya 2017-2019. <a href=\"http:\/\/cetr.net\/files\/Grup%20de%20recerca.pdf\">Reconocimiento como Grupo de Investigaci\u00f3n por la Generalitat de Catalunya.<\/a><\/span><\/strong>[\/vc_column_text][vc_separator border_width=\u00bb9&#8243;][\/vc_column][\/vc_row][vc_row][vc_column width=\u00bb1\/3&#8243;][vc_column_text]\n<p style=\"text-align: center;\"><span style=\"color: #993300;\"><span style=\"font-size: 21px;\">INTRODUCCI\u00d3N A LA EPISTEMOLOG\u00cdA DE LOS VALORES<\/span><\/span><\/p>\n[\/vc_column_text][vc_column_text]\n<p style=\"text-align: justify;\">Tenemos un grave problema con lo axiol\u00f3gico en general, y no tenemos ning\u00fan saber sobre c\u00f3mo manejarnos convenientemente en ese asunto tan central y b\u00e1sico para unos seres necesitados como nosotros, que precisan ser orientados para poder vivir.<\/p>\n<p style=\"text-align: justify;\">Nuestros antepasados construyeron sus proyectos colectivos, que eran sus sistemas de valores, a lo largo de milenios. Los construyeron ellos, no los recibieron, aunque as\u00ed tuvieran que interpretarlos. \u00bfC\u00f3mo lo sabemos? Porque el an\u00e1lisis de sus proyectos, expresados y vividos en mitos, s\u00edmbolos y rituales nos da que todos los pueblos que vivieron de la misma forma, ten\u00edan fundamentalmente unos mitos, s\u00edmbolos y rituales, en ocasiones muy diferentes superficialmente, pero en sus estructuras profundas id\u00e9nticos. As\u00ed ocurri\u00f3 con los cazadores\/recolectores, con los horticultores, con los agricultores de riego organizados en grandes estados y con los ganaderos.<\/p>\n<p style=\"text-align: justify;\">Con las herramientas proporcionadas por la Epistemolog\u00eda de los Valores podemos ver c\u00f3mo sus mitos, s\u00edmbolos y rituales los modelaban a partir de sus modos de vida, para mejor adaptarse a esas formas de su vivir. Cuando cambiaba el modo preindustrial de vida, cambiaban tambi\u00e9n sus proyectos colectivos en la misma direcci\u00f3n. Nuestros antepasados construyeron, pues, sus propios proyectos, aunque no fueran, ni pudieran ser, conscientes de ello. Sus construcciones colectivas deb\u00edan servir y ser adecuadas a sociedades preindustriales est\u00e1ticas, deb\u00edan, pues, bloquear los cambios importantes y las alternativas. Lo hac\u00edan proclamando su intocabilidad. El procedimiento que se utiliz\u00f3 para asentar con firmeza esa intocabilidad fue atribuirlos a antepasados sagrados o a dioses. As\u00ed quedaban sacralizados e inalterables.<\/p>\n<p style=\"text-align: justify;\"><span style=\"font-size: 14px;\"><span style=\"color: #008000;\">*Para profundizar m\u00e1s en la Epistemolog\u00eda de los Valores pueden consultar la obra de Mari\u00e0 Corb\u00ed:<\/span> <a href=\"http:\/\/www.bubok.es\/libros\/222613\/La-construccion-de-los-proyectos-axiologicos-colectivos-Principios-de-epistemologia-Axiologica\">La construcci\u00f3n de los proyectos axiol\u00f3gicos colectivos. Principios de Epistemolog\u00eda Axiol\u00f3gica.<\/a><\/span><\/p>\n[\/vc_column_text][\/vc_column][vc_column width=\u00bb1\/3&#8243;][vc_column_text]\n<p style=\"text-align: center;\"><span style=\"color: #993300;\"><span style=\"font-size: 21px;\">PRINCIPIOS DE LA EPISTEMOLOG\u00cdA DE LOS VALORES<\/span><\/span><\/p>\n[\/vc_column_text][vc_column_text]\n<p style=\"text-align: justify;\"><span style=\"font-weight: 400;\">Los humanos vivimos en un mundo construido por nosotros mismos, en un mundo de representaciones, o m\u00e1s exactamente, en un mundo representado. El mundo que vivimos no est\u00e1 ah\u00ed fuera, tal como lo representamos, est\u00e1 en nuestras mentes, en nuestras colectividades como resultado de nuestros sistemas de programaci\u00f3n colectiva.<\/span><\/p>\n<p style=\"text-align: justify;\"><span style=\"font-weight: 400;\">Nuestros sistemas axiol\u00f3gicos, construidos por nuestro hablar colectivo, tienen la misma estructura que la lengua con la que los hemos construido; nos estamos refiriendo a la estructura fundamental de toda lengua, no a la de las lenguas particulares. De forma que quien conoce la estructura de la lengua y su formalidad, conoce la estructura profunda de todos nuestros sistemas axiol\u00f3gicos y su formalidad.<\/span><\/p>\n<p style=\"text-align: justify;\">Para leer m\u00e1s consultar el art\u00edculo de Mari\u00e0 Corb\u00ed: <a href=\"http:\/\/cetr.net\/files\/Estructura de la lengua.pdf\">La estructura de la lengua, la antropolog\u00eda y los sistemas axiol\u00f3gicos.<\/a><\/p>\n[\/vc_column_text][\/vc_column][vc_column width=\u00bb1\/3&#8243;][vc_column_text]\n<p style=\"text-align: center;\"><span style=\"color: #993300; font-size: 21px;\">\u00bfPOR QU\u00c9 HABLAR DE LA EPISTEMOLOG\u00cdA DE LOS VALORES?<\/span><\/p>\n[\/vc_column_text][vc_column_text]\n<p style=\"text-align: justify;\"><span style=\"font-weight: 400;\">La crisis axiol\u00f3gica que estamos sufriendo es la m\u00e1s grave que ha sufrido la humanidad en su larga historia. \u00bfEn qu\u00e9 se fundamenta esta afirmaci\u00f3n? En que tenemos que realizar un tr\u00e1nsito que jam\u00e1s ocurri\u00f3 en el pasado: pasar de programarse para no cambiar y bloquear todo posible cambio de importancia y toda posible alternativa, a tener que programarse para fomentar, mantener y motivar el cambio constante.<\/span><\/p>\n<p style=\"text-align: justify;\">Para leer m\u00e1s consultar el art\u00edculo de Mari\u00e0 Corb\u00ed: <a href=\"http:\/\/cetr.net\/files\/La Epistemologia de los valores.pdf\">Necesidad de una Epistemolog\u00eda axiol\u00f3gica o de los valores.<\/a><\/p>\n[\/vc_column_text][\/vc_column][\/vc_row][vc_row][vc_column][vc_column_text]\n<h1 style=\"text-align: center;\">M\u00e1s informaci\u00f3n sobre la Epistemolog\u00eda Axiol\u00f3gica en: <span style=\"color: #993300;\"><a style=\"color: #993300;\" href=\"https:\/\/ea.cetr.net\/?lang=es\">https:\/\/ea.cetr.net\/?lang=es<\/a><\/span><\/h1>\n[\/vc_column_text][\/vc_column][\/vc_row]\n<\/div>","protected":false},"excerpt":{"rendered":"<p>[vc_row][vc_column][vc_column_text]L\u2019Ag\u00e8ncia de Gesti\u00f3 d\u2019Ajuts Universitaris i de Recerca (AGAUR) ha concedido a CETR el reconocimiento como a Grupo de Investigaci\u00f3n por la Generalitat de Catalunya 2017-2019. Reconocimiento como Grupo de Investigaci\u00f3n por la Generalitat de Catalunya.[\/vc_column_text][vc_separator border_width=\u00bb9&#8243;][\/vc_column][\/vc_row][vc_row][vc_column width=\u00bb1\/3&#8243;][vc_column_text] INTRODUCCI\u00d3N A LA EPISTEMOLOG\u00cdA DE LOS VALORES [\/vc_column_text][vc_column_text] Tenemos un grave problema con lo axiol\u00f3gico en general,&hellip;<\/p>\n","protected":false},"author":1,"featured_media":0,"parent":0,"menu_order":0,"comment_status":"closed","ping_status":"closed","template":"","meta":{"_acf_changed":false,"footnotes":""},"class_list":["post-64644","page","type-page","status-publish","hentry","entry","no-media"],"acf":[],"_links":{"self":[{"href":"https:\/\/cetr.net\/es\/wp-json\/wp\/v2\/pages\/64644","targetHints":{"allow":["GET"]}}],"collection":[{"href":"https:\/\/cetr.net\/es\/wp-json\/wp\/v2\/pages"}],"about":[{"href":"https:\/\/cetr.net\/es\/wp-json\/wp\/v2\/types\/page"}],"author":[{"embeddable":true,"href":"https:\/\/cetr.net\/es\/wp-json\/wp\/v2\/users\/1"}],"replies":[{"embeddable":true,"href":"https:\/\/cetr.net\/es\/wp-json\/wp\/v2\/comments?post=64644"}],"version-history":[{"count":31,"href":"https:\/\/cetr.net\/es\/wp-json\/wp\/v2\/pages\/64644\/revisions"}],"predecessor-version":[{"id":71936,"href":"https:\/\/cetr.net\/es\/wp-json\/wp\/v2\/pages\/64644\/revisions\/71936"}],"wp:attachment":[{"href":"https:\/\/cetr.net\/es\/wp-json\/wp\/v2\/media?parent=64644"}],"curies":[{"name":"wp","href":"https:\/\/api.w.org\/{rel}","templated":true}]}}