{"id":66943,"date":"2020-10-09T17:15:38","date_gmt":"2020-10-09T15:15:38","guid":{"rendered":"https:\/\/cetr.net\/?page_id=66943"},"modified":"2020-10-09T18:10:19","modified_gmt":"2020-10-09T16:10:19","slug":"cursos-online-2","status":"publish","type":"page","link":"https:\/\/cetr.net\/es\/cursos-online-2\/","title":{"rendered":"CURSOS ONLINE"},"content":{"rendered":"<p><span style=\"font-size: 18px;\"><a href=\"https:\/\/cetr.net\/wp-content\/uploads\/2020\/10\/GIF-CURSOS-ONLINE.gif\"><img loading=\"lazy\" decoding=\"async\" class=\" wp-image-66930 aligncenter\" src=\"https:\/\/cetr.net\/wp-content\/uploads\/2020\/10\/GIF-CURSOS-ONLINE.gif\" alt=\"\" width=\"447\" height=\"193\" \/><\/a><\/span><\/p>\n<p>\u00a1CETR abre sus puertas virtuales a sus cursos! A continuaci\u00f3n te facilitaremos un listado de todos los cursos a los que puedes asistir de forma virtual. \u00a1No esperes m\u00e1s, ap\u00fantate y cultiva la Cualidad Humana desde diferentes perspectivas!<\/p>\n<h2><span style=\"text-decoration: underline;\"><span style=\"color: #333399; text-decoration: underline;\">Cursos de octubre<\/span><\/span><\/h2>\n<p><a href=\"https:\/\/cetr.net\/es\/1-versos-sobre-la-perfeccio-de-la-saviesa-ratnaguna-samcayagatha-sutra\/\">VERSOS SOBRE LA PERFECCI\u00d3N DE LA SABIDUR\u00cdA: RATNAGUNASAMCAYAG\u00c2TH\u00c2 SUTRA<\/a> (anual)<\/p>\n<p><a href=\"https:\/\/cetr.net\/es\/2-lectura-del-fihi-ma-fihi-de-rumi\/\">LECTURA DEL F\u00ceHI M\u00c2 F\u00ceHI DE R\u00dbM\u00ce<\/a> (anual)<\/p>\n<p><a href=\"https:\/\/cetr.net\/es\/3-els-rubaiyats-de-rumi\/\">LOS RUBAIYATS DE R\u00dbM\u00ce<\/a> (anual)<\/p>\n<p><a href=\"https:\/\/cetr.net\/es\/12-por-los-caminos-del-silencio-dialegs-amb-maria-corbi\/\">POR LOS CAMINOS DEL SILENCIO: DI\u00c1LOGOS CON MARI\u00c0 CORB\u00cd <\/a>(contin\u00faa el 26 de noviembre y 17 de diciembre)<\/p>\n<p><a href=\"https:\/\/cetr.net\/es\/15-cafe-tertulia-de-qualitat-humana\/\">CAF\u00c9 TERTULIA DE CUALIDAD HUMANA<\/a> (la primera confer\u00e8ncia)<\/p>\n<p><a href=\"https:\/\/cetr.net\/es\/18-visita-virtual-a-lestudi-dun-pintor\/\">VISITA VIRTUAL AL ESTUDIO DE UN PINTOR<\/a><\/p>\n<p><a href=\"https:\/\/cetr.net\/es\/19-les-geleres-galactiques-bressols-de-planetes\/\">LOS GLACIARES GALACTICOS CUNA DE PLANETAS<\/a><\/p>\n<h2><span style=\"color: #333399;\"><strong><span style=\"text-decoration: underline;\">Cursos de noviembre<\/span><\/strong><\/span><\/h2>\n<p><a href=\"https:\/\/cetr.net\/es\/13-la-tecnociencia-i-la-qualitat-de-vida\/\">LA TECNOCIENCIA Y LA CALIDAD DE VIDA<\/a><\/p>\n<p><a href=\"https:\/\/cetr.net\/es\/15-cafe-tertulia-de-qualitat-humana\/\">CAF\u00c9 TERTULIA DE CUALIDAD HUMANA<\/a> (la segona confer\u00e8ncia)<\/p>\n<h2><span style=\"text-decoration: underline; color: #333399;\"><strong>Cursos de enero &#8211; febrero<\/strong><\/span><\/h2>\n<p><a href=\"https:\/\/cetr.net\/es\/5-la-terra-erma-de-t-s-eliot-un-cant-profetic-de-la-crisi-contemporania\/\">LA TERRA BALD\u00cdA, DE T.S. ELIOT: UN CANTO PROF\u00c9TICO DE LA CRISI CONTEMPOR\u00c1NEA<\/a><\/p>\n<p><a href=\"https:\/\/cetr.net\/es\/8-l-abc-de-la-lectura-de-textos-el-sutra-del-cor\/\">EL ABC de la lectura de textos &#8211; El sutra del Coraz\u00f3n<\/a><\/p>\n<p><a href=\"https:\/\/cetr.net\/es\/14-el-conte-de-la-princesa-kaguya-els-reptes-de-viure-una-vida-humana-cineforum\/\">EL CUENTO DE LA PRINCESA KAGUYA: LOS RETOS DE VIVIR UNA VIDA HUMANA &#8211; Cineforum<\/a><\/p>\n<h2><span style=\"text-decoration: underline;\"><span style=\"color: #333399;\"><strong>Cursos de marzo &#8211; abril y mayo<\/strong><\/span><\/span><\/h2>\n<p><a href=\"https:\/\/cetr.net\/es\/9-l-abc-de-la-lectura-de-textos-ioga-vashista-de-valmiki\/\">EL ABC de la lectura de textos &#8211; Ioga-Vashista de Valmiki<\/a><\/p>\n<p><a href=\"https:\/\/cetr.net\/es\/15-indagacio-sobre-la-vida-es-com-un-somni\/\">INDAGACI\u00d3N SOBRE LA VIDA ES COM UN SUE\u00d1O<\/a><\/p>\n<p><a href=\"https:\/\/cetr.net\/es\/6-espiritualitat-sense-deu-per-un-mon-nou-ii\/\">ESPIRITUALITAT SIN DIOS POR UN MUNDO NUEVO (II)<\/a><\/p>\n<p><a href=\"https:\/\/cetr.net\/es\/7-la-investigacio-interior-kalama-sutta-i-canki-sutta\/\">LA INVESTIGACI\u00d3N INTERIOR: KALAMA SUTTA Y CANKI SUTTA<\/a><\/p>\n<p><a href=\"https:\/\/cetr.net\/es\/16-quan-la-psicologia-mira-lespiritualitat\/\">CUANDO LA PSICOLOGIA MIRA A LA ESPIRITUALIDAD<\/a><\/p>\n","protected":false},"excerpt":{"rendered":"<p>\u00a1CETR abre sus puertas virtuales a sus cursos! A continuaci\u00f3n te facilitaremos un listado de todos los cursos a los que puedes asistir de forma virtual. \u00a1No esperes m\u00e1s, ap\u00fantate y cultiva la Cualidad Humana desde diferentes perspectivas! Cursos de octubre VERSOS SOBRE LA PERFECCI\u00d3N DE LA SABIDUR\u00cdA: RATNAGUNASAMCAYAG\u00c2TH\u00c2 SUTRA (anual) LECTURA DEL F\u00ceHI M\u00c2&hellip;<\/p>\n","protected":false},"author":1,"featured_media":0,"parent":0,"menu_order":0,"comment_status":"closed","ping_status":"closed","template":"","meta":{"_acf_changed":false,"footnotes":""},"class_list":["post-66943","page","type-page","status-publish","hentry","entry","no-media"],"acf":[],"_links":{"self":[{"href":"https:\/\/cetr.net\/es\/wp-json\/wp\/v2\/pages\/66943","targetHints":{"allow":["GET"]}}],"collection":[{"href":"https:\/\/cetr.net\/es\/wp-json\/wp\/v2\/pages"}],"about":[{"href":"https:\/\/cetr.net\/es\/wp-json\/wp\/v2\/types\/page"}],"author":[{"embeddable":true,"href":"https:\/\/cetr.net\/es\/wp-json\/wp\/v2\/users\/1"}],"replies":[{"embeddable":true,"href":"https:\/\/cetr.net\/es\/wp-json\/wp\/v2\/comments?post=66943"}],"version-history":[{"count":7,"href":"https:\/\/cetr.net\/es\/wp-json\/wp\/v2\/pages\/66943\/revisions"}],"predecessor-version":[{"id":66954,"href":"https:\/\/cetr.net\/es\/wp-json\/wp\/v2\/pages\/66943\/revisions\/66954"}],"wp:attachment":[{"href":"https:\/\/cetr.net\/es\/wp-json\/wp\/v2\/media?parent=66943"}],"curies":[{"name":"wp","href":"https:\/\/api.w.org\/{rel}","templated":true}]}}