{"id":67424,"date":"2021-02-01T10:43:24","date_gmt":"2021-02-01T09:43:24","guid":{"rendered":"https:\/\/cetr.net\/?page_id=67424"},"modified":"2024-11-14T10:58:00","modified_gmt":"2024-11-14T09:58:00","slug":"alta-butlleti","status":"publish","type":"page","link":"https:\/\/cetr.net\/es\/alta-butlleti\/","title":{"rendered":"Alta butllet\u00ed"},"content":{"rendered":"<div class=\"wpb-content-wrapper\">[vc_row][vc_column][vc_single_image image=\u00bb71617&#8243; alignment=\u00bbcenter\u00bb][vc_column_text]\n<p style=\"text-align: left;\"><strong>Centro de Estudio de les Tradiciones de Sabidur\u00eda<\/strong><br \/>\nRocafort, 234, bajos &#8211; Barcelona &#8211; 93 410 77 07 &#8211; <a href=\"https:\/\/cetr.net\/es\/\">cetr.net<\/a><\/p>\n[\/vc_column_text][vc_separator border_width=\u00bb2&#8243;][vc_empty_space][vc_column_text]<span style=\"font-size: 21px; color: #800000;\">Suscr\u00edbete a nuestro bolet\u00edn mensual<\/span><\/p>\n<p>Si nos das tu direcci\u00f3n de correo electr\u00f3nico te incluiremos en la lista de correo de CETR y recibir\u00e1s el bolet\u00edn mensual, correos con informaci\u00f3n actualizada de las actividades, art\u00edculos y otras propuestas.<br \/>\n(*)Ver nuestra <a href=\"\/es\/politica-de-privacitat\/\" target=\"_blank\" rel=\"noopener\">pol\u00edtica de privacidad y tratamiento de datos<\/a>.[\/vc_column_text][vc_raw_html css=\u00bb\u00bb]JTNDZGl2JTIwY2xhc3MlM0QlMjJzZW5kZXItZm9ybS1maWVsZCUyMiUyMHN0eWxlJTNEJTIydGV4dC1hbGlnbiUzQSUyMGxlZnQlM0IlMjIlMjBkYXRhLXNlbmRlci1mb3JtLWlkJTNEJTIyZjQ0NzJiYzM5M2YyNDY5YlN5UiUyMiUzRSUzQyUyRmRpdiUzRQ==[\/vc_raw_html][vc_empty_space][vc_separator border_width=\u00bb2&#8243;][\/vc_column][\/vc_row][vc_row][vc_column][vc_column_text]<span style=\"font-size: 21px; color: #800000;\">Quieres recibir nuestro programa de actividades?\u00a0<\/span><\/p>\n<p>Te animamos a bajarte la versi\u00f3n digital en PDF de nuestro programa de actividades <a href=\"http:\/\/cetr.net\/files\/programa_esp.pdf\">aqu\u00ed<\/a>. La versi\u00f3n descargable se va actualizado y reduce la huella ambiental.<\/p>\n<p>Sin embargo, si te resulta m\u00e1s conveniente la versi\u00f3n en papel, puedes dejarnos tus datos y te la haremos llegar tan pronto como nos sea posible.[\/vc_column_text]\n<div class=\"wpcf7 no-js\" id=\"wpcf7-f63918-o1\" lang=\"ca\" dir=\"ltr\" data-wpcf7-id=\"63918\">\n<div class=\"screen-reader-response\"><p role=\"status\" aria-live=\"polite\" aria-atomic=\"true\"><\/p> <ul><\/ul><\/div>\n<form action=\"\/es\/wp-json\/wp\/v2\/pages\/67424#wpcf7-f63918-o1\" method=\"post\" class=\"wpcf7-form init wpcf7-acceptance-as-validation\" aria-label=\"Formulari de contacte\" novalidate=\"novalidate\" data-status=\"init\">\n<fieldset class=\"hidden-fields-container\"><input type=\"hidden\" name=\"_wpcf7\" value=\"63918\" \/><input type=\"hidden\" name=\"_wpcf7_version\" value=\"6.1.5\" \/><input type=\"hidden\" name=\"_wpcf7_locale\" value=\"ca\" \/><input type=\"hidden\" name=\"_wpcf7_unit_tag\" value=\"wpcf7-f63918-o1\" \/><input type=\"hidden\" name=\"_wpcf7_container_post\" value=\"0\" \/><input type=\"hidden\" name=\"_wpcf7_posted_data_hash\" value=\"\" \/><input type=\"hidden\" name=\"_wpcf7_recaptcha_response\" value=\"\" \/>\n<\/fieldset>\n<p><label> Nombre<br \/>\n<span class=\"wpcf7-form-control-wrap\" data-name=\"your-name\"><input size=\"40\" maxlength=\"400\" class=\"wpcf7-form-control wpcf7-text wpcf7-validates-as-required\" aria-required=\"true\" aria-invalid=\"false\" value=\"\" type=\"text\" name=\"your-name\" \/><\/span> <\/label>\n<\/p>\n<p><label> Apellido<br \/>\n<span class=\"wpcf7-form-control-wrap\" data-name=\"apellido\"><input size=\"40\" maxlength=\"400\" class=\"wpcf7-form-control wpcf7-text wpcf7-validates-as-required\" aria-required=\"true\" aria-invalid=\"false\" value=\"\" type=\"text\" name=\"apellido\" \/><\/span> <\/label>\n<\/p>\n<p><label> Direcci\u00f3n postal<br \/>\n<span class=\"wpcf7-form-control-wrap\" data-name=\"direccion\"><input size=\"40\" maxlength=\"400\" class=\"wpcf7-form-control wpcf7-text wpcf7-validates-as-required\" aria-required=\"true\" aria-invalid=\"false\" value=\"\" type=\"text\" name=\"direccion\" \/><\/span> <\/label>\n<\/p>\n<p><span class=\"wpcf7-form-control-wrap\" data-name=\"aceptacion-rgpd\"><span class=\"wpcf7-form-control wpcf7-acceptance\"><span class=\"wpcf7-list-item\"><label><input type=\"checkbox\" name=\"aceptacion-rgpd\" value=\"1\" aria-invalid=\"false\" \/><span class=\"wpcf7-list-item-label\">Acepto que CETR trate mis datos segun lo establecido por la nueva Ley de Protecci\u00f3n de Datos<\/a>. Ver nuestra <a href=\"http:\/\/cetr.net\/politica-de-privacitat\/?lang=es\" target=\"_blank\"> pol\u00edtica de privacidad y tratamiento de datos.<\/span><\/label><\/span><\/span><\/span>\n<\/p>\n<p><input class=\"wpcf7-form-control wpcf7-submit has-spinner\" type=\"submit\" value=\"Enviar\" \/>\n<\/p><p style=\"display: none !important;\" class=\"akismet-fields-container\" data-prefix=\"_wpcf7_ak_\"><label>&#916;<textarea name=\"_wpcf7_ak_hp_textarea\" cols=\"45\" rows=\"8\" maxlength=\"100\"><\/textarea><\/label><input type=\"hidden\" id=\"ak_js_1\" name=\"_wpcf7_ak_js\" value=\"141\"\/><script>document.getElementById( \"ak_js_1\" ).setAttribute( \"value\", ( new Date() ).getTime() );<\/script><\/p><div class=\"wpcf7-response-output\" aria-hidden=\"true\"><\/div>\n<\/form>\n<\/div>\n[vc_column_text]\n<p style=\"text-align: center;\">CETR se sostiene con vuestra ayuda. Gracias.<br \/>\n<a href=\"https:\/\/cetr.net\/es\/colabora\/\">Si quieres colaborar<\/a><\/p>\n[\/vc_column_text][\/vc_column][\/vc_row]\n<\/div>","protected":false},"excerpt":{"rendered":"<p>[vc_row][vc_column][vc_single_image image=\u00bb71617&#8243; alignment=\u00bbcenter\u00bb][vc_column_text] Centro de Estudio de les Tradiciones de Sabidur\u00eda Rocafort, 234, bajos &#8211; Barcelona &#8211; 93 410 77 07 &#8211; cetr.net [\/vc_column_text][vc_separator border_width=\u00bb2&#8243;][vc_empty_space][vc_column_text]Suscr\u00edbete a nuestro bolet\u00edn mensual Si nos das tu direcci\u00f3n de correo electr\u00f3nico te incluiremos en la lista de correo de CETR y recibir\u00e1s el bolet\u00edn mensual, correos con informaci\u00f3n actualizada&hellip;<\/p>\n","protected":false},"author":1,"featured_media":0,"parent":0,"menu_order":0,"comment_status":"closed","ping_status":"closed","template":"","meta":{"_acf_changed":false,"footnotes":""},"class_list":["post-67424","page","type-page","status-publish","hentry","entry","no-media"],"acf":[],"_links":{"self":[{"href":"https:\/\/cetr.net\/es\/wp-json\/wp\/v2\/pages\/67424","targetHints":{"allow":["GET"]}}],"collection":[{"href":"https:\/\/cetr.net\/es\/wp-json\/wp\/v2\/pages"}],"about":[{"href":"https:\/\/cetr.net\/es\/wp-json\/wp\/v2\/types\/page"}],"author":[{"embeddable":true,"href":"https:\/\/cetr.net\/es\/wp-json\/wp\/v2\/users\/1"}],"replies":[{"embeddable":true,"href":"https:\/\/cetr.net\/es\/wp-json\/wp\/v2\/comments?post=67424"}],"version-history":[{"count":38,"href":"https:\/\/cetr.net\/es\/wp-json\/wp\/v2\/pages\/67424\/revisions"}],"predecessor-version":[{"id":72418,"href":"https:\/\/cetr.net\/es\/wp-json\/wp\/v2\/pages\/67424\/revisions\/72418"}],"wp:attachment":[{"href":"https:\/\/cetr.net\/es\/wp-json\/wp\/v2\/media?parent=67424"}],"curies":[{"name":"wp","href":"https:\/\/api.w.org\/{rel}","templated":true}]}}